{"id":247460,"date":"2026-01-10T15:12:18","date_gmt":"2026-01-10T12:12:18","guid":{"rendered":"https:\/\/baldumarket.lt\/product\/lustrzane-wydluzone-neptun-n-lp\/"},"modified":"2026-04-08T10:26:36","modified_gmt":"2026-04-08T07:26:36","slug":"lustrzane-wydluzone-neptun-n-lp","status":"publish","type":"product","link":"https:\/\/baldumarket.lt\/lt\/product\/lustrzane-wydluzone-neptun-n-lp\/","title":{"rendered":"Veidrodis pailgas NEPTUN N-LP"},"content":{"rendered":"<h5><span style=\"color: #54859b\">Apsilankykite m\u016bs\u0173 virtualioje TARANKO prek\u0117s \u017eenklo parduotuv\u0117je<\/span><\/h5>\n<p> <a href=\"https:\/\/my.matterport.com\/show\/?m=a9ocyRk8GfK&#038;play=1&#038;back=1\" target=\"_blank\" rel=\"noopener\"><span style=\"color: #e47025\">https:\/\/my.matterport.com\/<\/span><\/a><\/p>\n<p>Pailgas veidrodis NEPTUN N-LPOviena i\u0161 klasikini\u0173 Taranka kolekcij\u0173 \u2013 Neptun. \u0160velni rie\u0161utmed\u017eio spalva suteikia baldams i\u0161skirtinio stiliaus, o apvali apdaila \u2013 lengvumo ir modernumo. \u017dalvarin\u0117s ranken\u0117l\u0117s puikiai dera su baldo rie\u0161utmed\u017eio spalva ir suteikia jam \u017eavesio. Neptun \u2013 tai did\u017eiulis bald\u0173 asortimentas svetainei, miegamajam ar prie\u0161kambariui. Korpuso med\u017eiaga: nat\u016brali fanera, laminuota plok\u0161t\u0117.<br \/>\nFasado med\u017eiaga: med\u017eio masyvas, nat\u016bralus luk\u0161tas.<br \/>\nKojel\u0117s: med\u017eio masyvas. Pasirink\u0119 \u0161ios kolekcijos gaminius, sukursite nuostab\u0173 ir \u0161ilt\u0105 interjer\u0105 arba papildysite esamus baldus subtiliu \u201eNeptun\u201c akcentu.<\/p>","protected":false},"excerpt":{"rendered":"<p>Auk\u0161tis, cm: 161<br \/>\nPlotis, cm: 57,4<br \/>\nGylis, cm: 9,5<\/p>","protected":false},"featured_media":247461,"comment_status":"open","ping_status":"open","template":"","meta":[],"product_brand":[],"product_cat":[9682,1108,5572],"product_tag":[],"class_list":{"0":"post-247460","1":"product","2":"type-product","3":"status-publish","4":"has-post-thumbnail","6":"product_cat-furniture-system-neptun-taranko","7":"product_cat-mirrors","8":"product_cat-taranko-meble","10":"first","11":"instock","12":"purchasable","13":"product-type-simple"},"_links":{"self":[{"href":"https:\/\/baldumarket.lt\/lt\/wp-json\/wp\/v2\/product\/247460","targetHints":{"allow":["GET"]}}],"collection":[{"href":"https:\/\/baldumarket.lt\/lt\/wp-json\/wp\/v2\/product"}],"about":[{"href":"https:\/\/baldumarket.lt\/lt\/wp-json\/wp\/v2\/types\/product"}],"replies":[{"embeddable":true,"href":"https:\/\/baldumarket.lt\/lt\/wp-json\/wp\/v2\/comments?post=247460"}],"wp:featuredmedia":[{"embeddable":true,"href":"https:\/\/baldumarket.lt\/lt\/wp-json\/wp\/v2\/media\/247461"}],"wp:attachment":[{"href":"https:\/\/baldumarket.lt\/lt\/wp-json\/wp\/v2\/media?parent=247460"}],"wp:term":[{"taxonomy":"product_brand","embeddable":true,"href":"https:\/\/baldumarket.lt\/lt\/wp-json\/wp\/v2\/product_brand?post=247460"},{"taxonomy":"product_cat","embeddable":true,"href":"https:\/\/baldumarket.lt\/lt\/wp-json\/wp\/v2\/product_cat?post=247460"},{"taxonomy":"product_tag","embeddable":true,"href":"https:\/\/baldumarket.lt\/lt\/wp-json\/wp\/v2\/product_tag?post=247460"}],"curies":[{"name":"wp","href":"https:\/\/api.w.org\/{rel}","templated":true}]}}