{"id":247458,"date":"2026-01-10T15:12:17","date_gmt":"2026-01-10T12:12:17","guid":{"rendered":"https:\/\/baldumarket.lt\/product\/lustro-zefir-z-l2\/"},"modified":"2026-04-08T11:48:26","modified_gmt":"2026-04-08T08:48:26","slug":"lustro-zefir-z-l2","status":"publish","type":"product","link":"https:\/\/baldumarket.lt\/lt\/product\/lustro-zefir-z-l2\/","title":{"rendered":"ZEFIR Z-L2 veidrodis"},"content":{"rendered":"<h5><span style=\"color: #54859b\">Apsilankykite m\u016bs\u0173 virtualioje TARANKO prek\u0117s \u017eenklo parduotuv\u0117je<\/span><\/h5>\n<p> <a href=\"https:\/\/my.matterport.com\/show\/?m=a9ocyRk8GfK&#038;play=1&#038;back=1\" target=\"_blank\" rel=\"noopener\"><span style=\"color: #e47025\">https:\/\/my.matterport.com\/<\/span><\/a><\/p>\n<p>Veidrodis ZEFIR Z-L2. Nepriekai\u0161tingai i\u0161gautos lygios fasad\u0173 kreiv\u0117s ir platus kolekcijos element\u0173 pasirinkimas. \u0160ios kolekcijos i\u0161skirtiniai bruo\u017eai \u2013 lenkti fasadai ir veidrodin\u0117 galin\u0117 baldo sienel\u0117. Baldo i\u0161vaizd\u0105 papildo metalin\u0117s \u017ealvario spalvos rankenos.<br \/>\nKolekcija yra dviej\u0173 spalv\u0173: \u201cToffi\u201d ir \u201cCherry\u201d. Med\u017eio masyvo veidrodis. \u201eZEFIR\u201c baldai \u2013 tai laiko patikrinta auk\u0161\u010diausios kokyb\u0117s, form\u0173 rafinuotumo ir apdailos spindesio klasika. \u0160\u012f spindes\u012f ir \u017eaves\u012f galima rasti ir \u0161iame frezuoto r\u0117mo veidrodyje, kuris tikrai patiks klasikos gerb\u0117jams.<\/p>","protected":false},"excerpt":{"rendered":"<p>Auk\u0161tis, cm: 70,5<br \/>\nPlotis, cm: 124,5<\/p>","protected":false},"featured_media":247459,"comment_status":"open","ping_status":"open","template":"","meta":[],"product_brand":[],"product_cat":[9698,1108,5572],"product_tag":[],"class_list":{"0":"post-247458","1":"product","2":"type-product","3":"status-publish","4":"has-post-thumbnail","6":"product_cat-furniture-system-zefir-taranko","7":"product_cat-mirrors","8":"product_cat-taranko-meble","10":"first","11":"instock","12":"purchasable","13":"product-type-simple"},"_links":{"self":[{"href":"https:\/\/baldumarket.lt\/lt\/wp-json\/wp\/v2\/product\/247458","targetHints":{"allow":["GET"]}}],"collection":[{"href":"https:\/\/baldumarket.lt\/lt\/wp-json\/wp\/v2\/product"}],"about":[{"href":"https:\/\/baldumarket.lt\/lt\/wp-json\/wp\/v2\/types\/product"}],"replies":[{"embeddable":true,"href":"https:\/\/baldumarket.lt\/lt\/wp-json\/wp\/v2\/comments?post=247458"}],"wp:featuredmedia":[{"embeddable":true,"href":"https:\/\/baldumarket.lt\/lt\/wp-json\/wp\/v2\/media\/247459"}],"wp:attachment":[{"href":"https:\/\/baldumarket.lt\/lt\/wp-json\/wp\/v2\/media?parent=247458"}],"wp:term":[{"taxonomy":"product_brand","embeddable":true,"href":"https:\/\/baldumarket.lt\/lt\/wp-json\/wp\/v2\/product_brand?post=247458"},{"taxonomy":"product_cat","embeddable":true,"href":"https:\/\/baldumarket.lt\/lt\/wp-json\/wp\/v2\/product_cat?post=247458"},{"taxonomy":"product_tag","embeddable":true,"href":"https:\/\/baldumarket.lt\/lt\/wp-json\/wp\/v2\/product_tag?post=247458"}],"curies":[{"name":"wp","href":"https:\/\/api.w.org\/{rel}","templated":true}]}}