{"id":24744,"date":"2025-11-14T16:10:57","date_gmt":"2025-11-14T13:10:57","guid":{"rendered":"https:\/\/baldumarket.lt\/product\/collymore-beige-160x230\/"},"modified":"2026-03-24T18:20:45","modified_gmt":"2026-03-24T15:20:45","slug":"collymore-beige-160x230","status":"publish","type":"product","link":"https:\/\/baldumarket.lt\/lt\/product\/collymore-beige-160x230\/","title":{"rendered":"Collymore sm\u0117lio spalvos 160 \u00d7 230"},"content":{"rendered":"<p>\u201eCollymore Beige\u201c spalvos kilimas yra i\u0161austas i\u0161 viskoz\u0117s si\u016bl\u0173, tod\u0117l yra mink\u0161tas liesti ir i\u0161skirtinai lygus. D\u017eiuto pagrindas u\u017etikrina patvarum\u0105, o si\u016bti kra\u0161tai apsaugo nuo dilimo. D\u0117l didelio naudingo ploto jis puikiai tinka didesnei s\u0117dimajai erdvei. \u012edomus trimatis s\u016bkurinis ra\u0161tas kartu su neutralia spalv\u0173 palete paver\u010dia \u0161\u012f kilim\u0105 puikiu pasirinkimu moderniam interjerui.<\/p>","protected":false},"excerpt":{"rendered":"<p>\u201eCollymore Beige\u201c spalvos kilimas yra i\u0161austas i\u0161 viskoz\u0117s si\u016bl\u0173, tod\u0117l yra mink\u0161tas liesti ir i\u0161skirtinai lygus. D\u017eiuto pagrindas u\u017etikrina patvarum\u0105, o dygsniuoti kra\u0161tai apsaugo nuo dilimo. D\u0117l didelio naudingo ploto jis puikiai tinka didesnei s\u0117dimajai erdvei. \u012edomus trimatis s\u016bkurinis ra\u0161tas kartu su neutralia spalv\u0173 palete suteikia [\u2026]<\/p>","protected":false},"featured_media":24745,"comment_status":"open","ping_status":"open","template":"","meta":[],"product_brand":[],"product_cat":[1167,2012],"product_tag":[],"class_list":{"0":"post-24744","1":"product","2":"type-product","3":"status-publish","4":"has-post-thumbnail","6":"product_cat-carpets","7":"product_cat-eltap","9":"first","10":"instock","11":"purchasable","12":"product-type-simple"},"_links":{"self":[{"href":"https:\/\/baldumarket.lt\/lt\/wp-json\/wp\/v2\/product\/24744","targetHints":{"allow":["GET"]}}],"collection":[{"href":"https:\/\/baldumarket.lt\/lt\/wp-json\/wp\/v2\/product"}],"about":[{"href":"https:\/\/baldumarket.lt\/lt\/wp-json\/wp\/v2\/types\/product"}],"replies":[{"embeddable":true,"href":"https:\/\/baldumarket.lt\/lt\/wp-json\/wp\/v2\/comments?post=24744"}],"wp:featuredmedia":[{"embeddable":true,"href":"https:\/\/baldumarket.lt\/lt\/wp-json\/wp\/v2\/media\/24745"}],"wp:attachment":[{"href":"https:\/\/baldumarket.lt\/lt\/wp-json\/wp\/v2\/media?parent=24744"}],"wp:term":[{"taxonomy":"product_brand","embeddable":true,"href":"https:\/\/baldumarket.lt\/lt\/wp-json\/wp\/v2\/product_brand?post=24744"},{"taxonomy":"product_cat","embeddable":true,"href":"https:\/\/baldumarket.lt\/lt\/wp-json\/wp\/v2\/product_cat?post=24744"},{"taxonomy":"product_tag","embeddable":true,"href":"https:\/\/baldumarket.lt\/lt\/wp-json\/wp\/v2\/product_tag?post=24744"}],"curies":[{"name":"wp","href":"https:\/\/api.w.org\/{rel}","templated":true}]}}