{"id":247431,"date":"2026-01-10T15:11:46","date_gmt":"2026-01-10T12:11:46","guid":{"rendered":"https:\/\/baldumarket.lt\/product\/lustro-stojace-verona-v-lustro-stojace\/"},"modified":"2026-04-08T10:55:52","modified_gmt":"2026-04-08T07:55:52","slug":"lustro-stojace-verona-v-lustro-stojace","status":"publish","type":"product","link":"https:\/\/baldumarket.lt\/lt\/product\/lustro-stojace-verona-v-lustro-stojace\/","title":{"rendered":"VERONA V stovintis veidrodis"},"content":{"rendered":"<h5><span style=\"color: #54859b\">Apsilankykite m\u016bs\u0173 virtualioje TARANKO prek\u0117s \u017eenklo parduotuv\u0117je<\/span><\/h5>\n<p> <a href=\"https:\/\/my.matterport.com\/show\/?m=a9ocyRk8GfK&#038;play=1&#038;back=1\" target=\"_blank\" rel=\"noopener\"><span style=\"color: #e47025\">https:\/\/my.matterport.com\/<\/span><\/a><\/p>\n<p>Pastatomas veidrodis VERONA V formos pastatomas veidrodisTai platus valgomojo, svetain\u0117s, miegamojo, darbo kambario ir drabu\u017ein\u0117s bald\u0173 pasirinkimas. B\u016bdingas \u0161ios kolekcijos bruo\u017eas \u2013 gra\u017eiai dekoruoti ra\u0161tai ir eleganti\u0161ka kiekvieno bloko apdaila, suteikianti baldams klasikinio charakterio. \u0160ios kolekcijos baldai sukurs unikali\u0105 interjero atmosfer\u0105, o pakankamai solidus asortimentas leis jums \u012frengti bet kok\u012f kambar\u012f, nepriklausomai nuo jo dyd\u017eio.<br \/>\nGra\u017ei\u0105 form\u0105 pabr\u0117\u017eia auk\u0161ta panaudot\u0173 med\u017eiag\u0173 kokyb\u0117 (alksnio mediena ir alksnio faneros elementai). Baldai si\u016blomi keturi\u0173 spalv\u0173: ruda, balta, balta patina, kremin\u0117, kremin\u0117 patina. R\u0117mas: med\u017eio masyvas.<\/p>","protected":false},"excerpt":{"rendered":"<p>Auk\u0161tis, cm: 175<br \/>\nPlotis, cm: 65<br \/>\nGylis, cm: 46<\/p>","protected":false},"featured_media":247432,"comment_status":"open","ping_status":"open","template":"","meta":[],"product_brand":[],"product_cat":[9684,1108,5572],"product_tag":[],"class_list":{"0":"post-247431","1":"product","2":"type-product","3":"status-publish","4":"has-post-thumbnail","6":"product_cat-furniture-system-verona-taranko","7":"product_cat-mirrors","8":"product_cat-taranko-meble","10":"first","11":"instock","12":"purchasable","13":"product-type-simple"},"_links":{"self":[{"href":"https:\/\/baldumarket.lt\/lt\/wp-json\/wp\/v2\/product\/247431","targetHints":{"allow":["GET"]}}],"collection":[{"href":"https:\/\/baldumarket.lt\/lt\/wp-json\/wp\/v2\/product"}],"about":[{"href":"https:\/\/baldumarket.lt\/lt\/wp-json\/wp\/v2\/types\/product"}],"replies":[{"embeddable":true,"href":"https:\/\/baldumarket.lt\/lt\/wp-json\/wp\/v2\/comments?post=247431"}],"wp:featuredmedia":[{"embeddable":true,"href":"https:\/\/baldumarket.lt\/lt\/wp-json\/wp\/v2\/media\/247432"}],"wp:attachment":[{"href":"https:\/\/baldumarket.lt\/lt\/wp-json\/wp\/v2\/media?parent=247431"}],"wp:term":[{"taxonomy":"product_brand","embeddable":true,"href":"https:\/\/baldumarket.lt\/lt\/wp-json\/wp\/v2\/product_brand?post=247431"},{"taxonomy":"product_cat","embeddable":true,"href":"https:\/\/baldumarket.lt\/lt\/wp-json\/wp\/v2\/product_cat?post=247431"},{"taxonomy":"product_tag","embeddable":true,"href":"https:\/\/baldumarket.lt\/lt\/wp-json\/wp\/v2\/product_tag?post=247431"}],"curies":[{"name":"wp","href":"https:\/\/api.w.org\/{rel}","templated":true}]}}