{"id":247429,"date":"2026-01-10T15:11:44","date_gmt":"2026-01-10T12:11:44","guid":{"rendered":"https:\/\/baldumarket.lt\/product\/lustro-raweno-r-l1\/"},"modified":"2026-04-08T10:46:47","modified_gmt":"2026-04-08T07:46:47","slug":"lustro-raweno-r-l1","status":"publish","type":"product","link":"https:\/\/baldumarket.lt\/lt\/product\/lustro-raweno-r-l1\/","title":{"rendered":"RAWENO R-L1 veidrodis"},"content":{"rendered":"<h5><span style=\"color: #54859b\">Apsilankykite m\u016bs\u0173 virtualioje TARANKO prek\u0117s \u017eenklo parduotuv\u0117je<\/span><\/h5>\n<p> <a href=\"https:\/\/my.matterport.com\/show\/?m=a9ocyRk8GfK&#038;play=1&#038;back=1\" target=\"_blank\" rel=\"noopener\"><span style=\"color: #e47025\">https:\/\/my.matterport.com\/<\/span><\/a><\/p>\n<p>Veidrodis RAWENO R-L1Paprasta forma, \u0161velni iriso spalvos \u0161iluma ir brangakmenius primenan\u010dios rankenos sukuria viening\u0105 \u201eRaweno\u201c kolekcij\u0105. Ak\u012f d\u017eiugina elegancija ir nesenstan\u010diu gro\u017eiu d\u0117l paprast\u0173, rafinuot\u0173 dur\u0173 ir stakt\u0173 form\u0173. Kolekcijos element\u0173 d\u0117ka galite \u012frengti vis\u0105 but\u0105, nes j\u0173 funkcionalumas ir matmenys patenkins ne tik estetinius, bet ir praktinius poreikius.R\u0117mas: med\u017eio masyvas.Jau daugel\u012f met\u0173 \u201eRaweno\u201c kolekcija d\u017eiaugiasi ilgalaikiu populiarumu tarp klient\u0173, vertinan\u010di\u0173 stili\u0173 ir kokyb\u0119. \u0160\u012f puo\u0161num\u0105 ir \u017eaves\u012f galima rasti ir \u0161iame frezuoto r\u0117mo veidrodyje.<\/p>","protected":false},"excerpt":{"rendered":"<p>Auk\u0161tis, cm: 81<br \/>\nPlotis, cm: 161<\/p>","protected":false},"featured_media":247430,"comment_status":"open","ping_status":"open","template":"","meta":[],"product_brand":[],"product_cat":[9686,1108,5572],"product_tag":[],"class_list":{"0":"post-247429","1":"product","2":"type-product","3":"status-publish","4":"has-post-thumbnail","6":"product_cat-furniture-system-raweno-taranko","7":"product_cat-mirrors","8":"product_cat-taranko-meble","10":"first","11":"instock","12":"purchasable","13":"product-type-simple"},"_links":{"self":[{"href":"https:\/\/baldumarket.lt\/lt\/wp-json\/wp\/v2\/product\/247429","targetHints":{"allow":["GET"]}}],"collection":[{"href":"https:\/\/baldumarket.lt\/lt\/wp-json\/wp\/v2\/product"}],"about":[{"href":"https:\/\/baldumarket.lt\/lt\/wp-json\/wp\/v2\/types\/product"}],"replies":[{"embeddable":true,"href":"https:\/\/baldumarket.lt\/lt\/wp-json\/wp\/v2\/comments?post=247429"}],"wp:featuredmedia":[{"embeddable":true,"href":"https:\/\/baldumarket.lt\/lt\/wp-json\/wp\/v2\/media\/247430"}],"wp:attachment":[{"href":"https:\/\/baldumarket.lt\/lt\/wp-json\/wp\/v2\/media?parent=247429"}],"wp:term":[{"taxonomy":"product_brand","embeddable":true,"href":"https:\/\/baldumarket.lt\/lt\/wp-json\/wp\/v2\/product_brand?post=247429"},{"taxonomy":"product_cat","embeddable":true,"href":"https:\/\/baldumarket.lt\/lt\/wp-json\/wp\/v2\/product_cat?post=247429"},{"taxonomy":"product_tag","embeddable":true,"href":"https:\/\/baldumarket.lt\/lt\/wp-json\/wp\/v2\/product_tag?post=247429"}],"curies":[{"name":"wp","href":"https:\/\/api.w.org\/{rel}","templated":true}]}}