{"id":247400,"date":"2026-01-10T15:11:16","date_gmt":"2026-01-10T12:11:16","guid":{"rendered":"https:\/\/baldumarket.lt\/product\/lustro-grande-gr-l1\/"},"modified":"2026-04-08T09:39:34","modified_gmt":"2026-04-08T06:39:34","slug":"lustro-grande-gr-l1","status":"publish","type":"product","link":"https:\/\/baldumarket.lt\/lt\/product\/lustro-grande-gr-l1\/","title":{"rendered":"GRANDE GR-L1 veidrodis"},"content":{"rendered":"<h5><span style=\"color: #54859b\">Apsilankykite m\u016bs\u0173 virtualioje TARANKO prek\u0117s \u017eenklo parduotuv\u0117je<\/span><\/h5>\n<p> <a href=\"https:\/\/my.matterport.com\/show\/?m=a9ocyRk8GfK&#038;play=1&#038;back=1\" target=\"_blank\" rel=\"noopener\"><span style=\"color: #e47025\">https:\/\/my.matterport.com\/<\/span><\/a><\/p>\n<p>Veidrodis GRANDE GR-L1Galima naudoti keli\u0173 veidrod\u017ei\u0173 kompozicijoje, kuri \u017eenkliai pagyvins sien\u0105 ir sukurs i\u0161skirtin\u012f interjer\u0105. B\u016bdingas kolekcijos bruo\u017eas \u2013 metalin\u0117s kojel\u0117s, einan\u010dios per vis\u0105 baldo auk\u0161t\u012f, suteikian\u010dios lengvumo \u012fsp\u016bd\u012f. Apvalios formos ir blizgus fasadas suteikia papildomo elegancijos. LED ap\u0161vietimas sukuria paslapties poj\u016bt\u012f tamsiame vitrin\u0173 interjere.<br \/>\nKolekcija yra dviej\u0173 spalv\u0173: Grande Oak 01 (nat\u016bralus \u0105\u017euolas) ir Grande Oak 02 (\u0161okoladin\u0117). R\u0117mas: da\u017eyta MDF plok\u0161t\u0117. \u0160i kolekcija \u2013 tai trij\u0173 apdailos med\u017eiag\u0173 derinys: juodas metalas, nat\u016brali \u0105\u017euolo mediena ir blizgus akrilas.<\/p>","protected":false},"excerpt":{"rendered":"<p>Auk\u0161tis, cm: 28<br \/>\nPlotis, cm: 47<br \/>\nGylis, cm: 1,6<\/p>","protected":false},"featured_media":247401,"comment_status":"open","ping_status":"open","template":"","meta":[],"product_brand":[],"product_cat":[9691,1108,5572],"product_tag":[],"class_list":{"0":"post-247400","1":"product","2":"type-product","3":"status-publish","4":"has-post-thumbnail","6":"product_cat-furniture-system-grande-taranko","7":"product_cat-mirrors","8":"product_cat-taranko-meble","10":"first","11":"instock","12":"purchasable","13":"product-type-simple"},"_links":{"self":[{"href":"https:\/\/baldumarket.lt\/lt\/wp-json\/wp\/v2\/product\/247400","targetHints":{"allow":["GET"]}}],"collection":[{"href":"https:\/\/baldumarket.lt\/lt\/wp-json\/wp\/v2\/product"}],"about":[{"href":"https:\/\/baldumarket.lt\/lt\/wp-json\/wp\/v2\/types\/product"}],"replies":[{"embeddable":true,"href":"https:\/\/baldumarket.lt\/lt\/wp-json\/wp\/v2\/comments?post=247400"}],"wp:featuredmedia":[{"embeddable":true,"href":"https:\/\/baldumarket.lt\/lt\/wp-json\/wp\/v2\/media\/247401"}],"wp:attachment":[{"href":"https:\/\/baldumarket.lt\/lt\/wp-json\/wp\/v2\/media?parent=247400"}],"wp:term":[{"taxonomy":"product_brand","embeddable":true,"href":"https:\/\/baldumarket.lt\/lt\/wp-json\/wp\/v2\/product_brand?post=247400"},{"taxonomy":"product_cat","embeddable":true,"href":"https:\/\/baldumarket.lt\/lt\/wp-json\/wp\/v2\/product_cat?post=247400"},{"taxonomy":"product_tag","embeddable":true,"href":"https:\/\/baldumarket.lt\/lt\/wp-json\/wp\/v2\/product_tag?post=247400"}],"curies":[{"name":"wp","href":"https:\/\/api.w.org\/{rel}","templated":true}]}}