{"id":247398,"date":"2026-01-10T15:11:14","date_gmt":"2026-01-10T12:11:14","guid":{"rendered":"https:\/\/baldumarket.lt\/product\/lustro-aspen-as-l1\/"},"modified":"2026-04-08T09:28:53","modified_gmt":"2026-04-08T06:28:53","slug":"lustro-aspen-as-l1","status":"publish","type":"product","link":"https:\/\/baldumarket.lt\/lt\/product\/lustro-aspen-as-l1\/","title":{"rendered":"ASPEN AS-L1 veidrodis"},"content":{"rendered":"<h5><span style=\"color: #54859b\">Apsilankykite m\u016bs\u0173 virtualioje TARANKO prek\u0117s \u017eenklo parduotuv\u0117je<\/span><\/h5>\n<p> <a href=\"https:\/\/my.matterport.com\/show\/?m=a9ocyRk8GfK&#038;play=1&#038;back=1\" target=\"_blank\" rel=\"noopener\"><span style=\"color: #e47025\">https:\/\/my.matterport.com\/<\/span><\/a><\/p>\n<p>Veidrodis ASPEN AS-L1. Moderni baldo forma gra\u017eiai dera su nat\u016bralia \u0105\u017euolo medienos strukt\u016bra ir subtiliai ap\u0161vie\u010dia vitrin\u0173 interjer\u0105.<br \/>\nModernus minimalizmas leid\u017eia atskleisti gra\u017eiausius dalykus aplink jus. Kolekcijoje gausu detali\u0173, toki\u0173 kaip vitrinos, komodos, televizoriaus spintel\u0117s, kurios leid\u017eia sutvarkyti bet kok\u012f interjer\u0105, o ra\u0161omieji stalai ir knyg\u0173 lentynos taip pat leis sukurti darbo kambar\u012f.<br \/>\nKolekcijoje naudojamos spalvos: blizgi balta ir nat\u016bralus \u0105\u017euolas. R\u0117mas: nat\u016bralus \u0105\u017euolo luk\u0161tas. \u201eAspen\u201c kolekcija derina nat\u016bral\u0173 \u0105\u017euolo spalvos gro\u017e\u012f su grynu baltu blizgesiu. A\u0161trius bald\u0173 kampus panaikina briaunotas fasadas, o lengvumo suteikia medin\u0117s kojel\u0117s, pritvirtintos pasuktu kampu, kuris gaudo \u0161vies\u0105 ir sukuria skandinavi\u0161k\u0105 stili\u0173.<\/p>","protected":false},"excerpt":{"rendered":"<p>Auk\u0161tis, cm: 62<br \/>\nPlotis, cm: 112,4<br \/>\nGylis, cm: 3,9<\/p>","protected":false},"featured_media":247399,"comment_status":"open","ping_status":"open","template":"","meta":[],"product_brand":[],"product_cat":[9690,1108,5572],"product_tag":[],"class_list":{"0":"post-247398","1":"product","2":"type-product","3":"status-publish","4":"has-post-thumbnail","6":"product_cat-furniture-system-aspen-taranko","7":"product_cat-mirrors","8":"product_cat-taranko-meble","10":"first","11":"instock","12":"purchasable","13":"product-type-simple"},"_links":{"self":[{"href":"https:\/\/baldumarket.lt\/lt\/wp-json\/wp\/v2\/product\/247398","targetHints":{"allow":["GET"]}}],"collection":[{"href":"https:\/\/baldumarket.lt\/lt\/wp-json\/wp\/v2\/product"}],"about":[{"href":"https:\/\/baldumarket.lt\/lt\/wp-json\/wp\/v2\/types\/product"}],"replies":[{"embeddable":true,"href":"https:\/\/baldumarket.lt\/lt\/wp-json\/wp\/v2\/comments?post=247398"}],"wp:featuredmedia":[{"embeddable":true,"href":"https:\/\/baldumarket.lt\/lt\/wp-json\/wp\/v2\/media\/247399"}],"wp:attachment":[{"href":"https:\/\/baldumarket.lt\/lt\/wp-json\/wp\/v2\/media?parent=247398"}],"wp:term":[{"taxonomy":"product_brand","embeddable":true,"href":"https:\/\/baldumarket.lt\/lt\/wp-json\/wp\/v2\/product_brand?post=247398"},{"taxonomy":"product_cat","embeddable":true,"href":"https:\/\/baldumarket.lt\/lt\/wp-json\/wp\/v2\/product_cat?post=247398"},{"taxonomy":"product_tag","embeddable":true,"href":"https:\/\/baldumarket.lt\/lt\/wp-json\/wp\/v2\/product_tag?post=247398"}],"curies":[{"name":"wp","href":"https:\/\/api.w.org\/{rel}","templated":true}]}}