{"id":247394,"date":"2026-01-10T15:11:11","date_gmt":"2026-01-10T12:11:11","guid":{"rendered":"https:\/\/baldumarket.lt\/product\/lustro-art-deco-ar-l1\/"},"modified":"2026-04-08T09:28:44","modified_gmt":"2026-04-08T06:28:44","slug":"lustro-art-deco-ar-l1","status":"publish","type":"product","link":"https:\/\/baldumarket.lt\/lt\/product\/lustro-art-deco-ar-l1\/","title":{"rendered":"ART-DECO AR-L1 veidrodis"},"content":{"rendered":"<h5><span style=\"color: #54859b\">Apsilankykite m\u016bs\u0173 virtualioje TARANKO prek\u0117s \u017eenklo parduotuv\u0117je<\/span><\/h5>\n<p> <a href=\"https:\/\/my.matterport.com\/show\/?m=a9ocyRk8GfK&#038;play=1&#038;back=1\" target=\"_blank\" rel=\"noopener\"><span style=\"color: #e47025\">https:\/\/my.matterport.com\/<\/span><\/a><\/p>\n<p>Veidrodis ART-DECO AR-L1Auk\u0161ta kokyb\u0117 \u2013 kiekvienas dekoro elementas d\u017eiugina, intriguoja savo i\u0161skirtine elegancija ir apdaila, o tai rei\u0161kia did\u017eiul\u012f d\u0117mes\u012f detal\u0117ms.<br \/>\nKolekcijoje derinama nesenstanti, \u0161velni rie\u0161utmed\u017eio spalva su juoda matine spalva. Da\u017eytas MDF. Vitrinos su foniniu ap\u0161vietimu. Art Deco gr\u012f\u017eta su trenksmu. Kontrastingi \u0161io stiliaus elementai traukia ak\u012f ir i\u0161lieka ilgam. Art Deco stiliui daugiau nei \u0161imtas met\u0173! \u0160is stilius \u2013 tai meil\u0117s menui ir sodri\u0173 dekoracij\u0173 derinys, i\u0161ry\u0161kinantis tikr\u0105j\u012f gro\u017e\u012f net ir i\u0161 \u012fprast\u0173 kasdieni\u0173 daikt\u0173.\u00a0<\/p>","protected":false},"excerpt":{"rendered":"<p>\u016agis, cm: 91,5<br \/>\nPlotis, cm: 167,5<br \/>\nGylis, cm: 2,5<\/p>","protected":false},"featured_media":247395,"comment_status":"open","ping_status":"open","template":"","meta":[],"product_brand":[],"product_cat":[9688,1108,5572],"product_tag":[],"class_list":{"0":"post-247394","1":"product","2":"type-product","3":"status-publish","4":"has-post-thumbnail","6":"product_cat-furniture-system-art-deco-taranko","7":"product_cat-mirrors","8":"product_cat-taranko-meble","10":"first","11":"instock","12":"purchasable","13":"product-type-simple"},"_links":{"self":[{"href":"https:\/\/baldumarket.lt\/lt\/wp-json\/wp\/v2\/product\/247394","targetHints":{"allow":["GET"]}}],"collection":[{"href":"https:\/\/baldumarket.lt\/lt\/wp-json\/wp\/v2\/product"}],"about":[{"href":"https:\/\/baldumarket.lt\/lt\/wp-json\/wp\/v2\/types\/product"}],"replies":[{"embeddable":true,"href":"https:\/\/baldumarket.lt\/lt\/wp-json\/wp\/v2\/comments?post=247394"}],"wp:featuredmedia":[{"embeddable":true,"href":"https:\/\/baldumarket.lt\/lt\/wp-json\/wp\/v2\/media\/247395"}],"wp:attachment":[{"href":"https:\/\/baldumarket.lt\/lt\/wp-json\/wp\/v2\/media?parent=247394"}],"wp:term":[{"taxonomy":"product_brand","embeddable":true,"href":"https:\/\/baldumarket.lt\/lt\/wp-json\/wp\/v2\/product_brand?post=247394"},{"taxonomy":"product_cat","embeddable":true,"href":"https:\/\/baldumarket.lt\/lt\/wp-json\/wp\/v2\/product_cat?post=247394"},{"taxonomy":"product_tag","embeddable":true,"href":"https:\/\/baldumarket.lt\/lt\/wp-json\/wp\/v2\/product_tag?post=247394"}],"curies":[{"name":"wp","href":"https:\/\/api.w.org\/{rel}","templated":true}]}}