{"id":247347,"date":"2026-01-10T15:10:18","date_gmt":"2026-01-10T12:10:18","guid":{"rendered":"https:\/\/baldumarket.lt\/product\/lozko-lagos-la-3-140-160-180-cm-szerokosci\/"},"modified":"2026-04-08T10:06:27","modified_gmt":"2026-04-08T07:06:27","slug":"lozko-lagos-la-3-140-160-180-cm-szerokosci","status":"publish","type":"product","link":"https:\/\/baldumarket.lt\/lt\/product\/lozko-lagos-la-3-140-160-180-cm-szerokosci\/","title":{"rendered":"LAGOS LA\u20133 lova (140\/160\/180 cm plo\u010dio)"},"content":{"rendered":"<h5><span style=\"color: #54859b\">Apsilankykite m\u016bs\u0173 virtualioje TARANKO prek\u0117s \u017eenklo parduotuv\u0117je<\/span><\/h5>\n<p> <a href=\"https:\/\/my.matterport.com\/show\/?m=a9ocyRk8GfK&#038;play=1&#038;back=1\" target=\"_blank\" rel=\"noopener\"><span style=\"color: #e47025\">https:\/\/my.matterport.com\/<\/span><\/a><\/p>\n<p>Lova LAGOS LA\u20133Sukurta tikriems klasikos ir prabangos \u017einovams. Lyg\u016bs banguoti fasadai ir medin\u0117s lenktos kojel\u0117s suteikia ypatingo grak\u0161tumo ir \u017eavesio.<br \/>\nGalimi keturi spalv\u0173 deriniai: Lagoso \u0105\u017euolas\/ka\u0161myras, Lagoso \u0105\u017euolas\/balta, \u0161viesus \u0105\u017euolas\/ka\u0161myras ir \u0161viesus \u0105\u017euolas\/balta.<br \/>\nEleganti\u0161ki \u201eLagos\u201c baldai tinkamai papuo\u0161 rafinuot\u0105 svetain\u0117s, valgomojo ir miegamojo interjer\u0105. R\u0117mas: med\u017eio masyvas<br \/>\nApmu\u0161alas: 100% poliesteris (priklausomai nuo pasirinkimo).<br \/>\nKojel\u0117s: med\u017eio masyvas. Eleganti\u0161ka \u201eLagos\u201c lova papuo\u0161 rafinuot\u0105 interjer\u0105. Galimyb\u0117 pasirinkti audinius ir med\u017eio spalv\u0105, kaina priklauso nuo pasirinkimo.<\/p>","protected":false},"excerpt":{"rendered":"<p>Auk\u0161tis, cm: 117\/45<br \/>\nPlotis, cm: 148,5\/168,5\/188,5<br \/>\nGylis, cm: 220<\/p>","protected":false},"featured_media":247348,"comment_status":"open","ping_status":"open","template":"","meta":[],"product_brand":[],"product_cat":[9681,505,5572],"product_tag":[],"class_list":{"0":"post-247347","1":"product","2":"type-product","3":"status-publish","4":"has-post-thumbnail","6":"product_cat-furniture-system-lagos-taranko","7":"product_cat-bedroom-beds","8":"product_cat-taranko-meble","10":"first","11":"instock","12":"purchasable","13":"product-type-simple"},"_links":{"self":[{"href":"https:\/\/baldumarket.lt\/lt\/wp-json\/wp\/v2\/product\/247347","targetHints":{"allow":["GET"]}}],"collection":[{"href":"https:\/\/baldumarket.lt\/lt\/wp-json\/wp\/v2\/product"}],"about":[{"href":"https:\/\/baldumarket.lt\/lt\/wp-json\/wp\/v2\/types\/product"}],"replies":[{"embeddable":true,"href":"https:\/\/baldumarket.lt\/lt\/wp-json\/wp\/v2\/comments?post=247347"}],"wp:featuredmedia":[{"embeddable":true,"href":"https:\/\/baldumarket.lt\/lt\/wp-json\/wp\/v2\/media\/247348"}],"wp:attachment":[{"href":"https:\/\/baldumarket.lt\/lt\/wp-json\/wp\/v2\/media?parent=247347"}],"wp:term":[{"taxonomy":"product_brand","embeddable":true,"href":"https:\/\/baldumarket.lt\/lt\/wp-json\/wp\/v2\/product_brand?post=247347"},{"taxonomy":"product_cat","embeddable":true,"href":"https:\/\/baldumarket.lt\/lt\/wp-json\/wp\/v2\/product_cat?post=247347"},{"taxonomy":"product_tag","embeddable":true,"href":"https:\/\/baldumarket.lt\/lt\/wp-json\/wp\/v2\/product_tag?post=247347"}],"curies":[{"name":"wp","href":"https:\/\/api.w.org\/{rel}","templated":true}]}}