{"id":247333,"date":"2026-01-10T15:10:02","date_gmt":"2026-01-10T12:10:02","guid":{"rendered":"https:\/\/baldumarket.lt\/product\/lozko-como-cm-3-140-160-cm-szerokosci\/"},"modified":"2026-04-08T09:28:44","modified_gmt":"2026-04-08T06:28:44","slug":"lozko-como-cm-3-140-160-cm-szerokosci","status":"publish","type":"product","link":"https:\/\/baldumarket.lt\/lt\/product\/lozko-como-cm-3-140-160-cm-szerokosci\/","title":{"rendered":"COMO CM-3 lova (140\/160 cm plo\u010dio)"},"content":{"rendered":"<h5><span style=\"color: #54859b\">Apsilankykite m\u016bs\u0173 virtualioje TARANKO prek\u0117s \u017eenklo parduotuv\u0117je<\/span><\/h5>\n<p> <a href=\"https:\/\/my.matterport.com\/show\/?m=a9ocyRk8GfK&#038;play=1&#038;back=1\" target=\"_blank\" rel=\"noopener\"><span style=\"color: #e47025\">https:\/\/my.matterport.com\/<\/span><\/a><\/p>\n<p>Lova COMO CM-3\u0160i kolekcija \u2013 tai tradicinio stiliaus ir originali\u0173 detali\u0173 derinys. Moderni tradicin\u0117 bald\u0173 forma puikiai dera su nat\u016bralia \u0105\u017euolo medienos strukt\u016bra. Pagrindinis motyvas \u2013 nepastebimos medin\u0117s ranken\u0117l\u0117s, integruotos \u012f medin\u0119 juostel\u0119.<br \/>\n\u201eCOMO\u201c paslaptingai u\u017ebaigia vitrin\u0173 vidinis ap\u0161vietimas, atskleid\u017eiantis nat\u016bralaus \u0105\u017euolo nugar\u0117l\u0117s \u0161ilt\u0105 \u017eaves\u012f ir gro\u017e\u012f. Platus kolekcijos moduli\u0173 pasirinkimas ir j\u0173 pritaikymas \u012fvairios paskirties erdv\u0117se.<br \/>\nKolekcijoje si\u016blomi du fasado variantai: blizgi balta arba matin\u0117 moka.<br \/>\nSvarbu pasirinkti dur\u0173 atidarymo pus\u0119. R\u0117mas: med\u017eio masyvas.<br \/>\nApmu\u0161alai: 100% poliesteris (priklausomai nuo pasirinkimo).<br \/>\nApdaila: nat\u016bralus \u0105\u017euolo luk\u0161tas \/ PVC folija.<\/p>","protected":false},"excerpt":{"rendered":"<p>Auk\u0161tis, cm: 96\/40<br \/>\nPlotis, cm: 144\/166<br \/>\nGylis, cm: 221<\/p>","protected":false},"featured_media":247334,"comment_status":"open","ping_status":"open","template":"","meta":[],"product_brand":[],"product_cat":[9680,505,5572],"product_tag":[],"class_list":{"0":"post-247333","1":"product","2":"type-product","3":"status-publish","4":"has-post-thumbnail","6":"product_cat-furniture-system-como-taranko","7":"product_cat-bedroom-beds","8":"product_cat-taranko-meble","10":"first","11":"instock","12":"purchasable","13":"product-type-simple"},"_links":{"self":[{"href":"https:\/\/baldumarket.lt\/lt\/wp-json\/wp\/v2\/product\/247333","targetHints":{"allow":["GET"]}}],"collection":[{"href":"https:\/\/baldumarket.lt\/lt\/wp-json\/wp\/v2\/product"}],"about":[{"href":"https:\/\/baldumarket.lt\/lt\/wp-json\/wp\/v2\/types\/product"}],"replies":[{"embeddable":true,"href":"https:\/\/baldumarket.lt\/lt\/wp-json\/wp\/v2\/comments?post=247333"}],"wp:featuredmedia":[{"embeddable":true,"href":"https:\/\/baldumarket.lt\/lt\/wp-json\/wp\/v2\/media\/247334"}],"wp:attachment":[{"href":"https:\/\/baldumarket.lt\/lt\/wp-json\/wp\/v2\/media?parent=247333"}],"wp:term":[{"taxonomy":"product_brand","embeddable":true,"href":"https:\/\/baldumarket.lt\/lt\/wp-json\/wp\/v2\/product_brand?post=247333"},{"taxonomy":"product_cat","embeddable":true,"href":"https:\/\/baldumarket.lt\/lt\/wp-json\/wp\/v2\/product_cat?post=247333"},{"taxonomy":"product_tag","embeddable":true,"href":"https:\/\/baldumarket.lt\/lt\/wp-json\/wp\/v2\/product_tag?post=247333"}],"curies":[{"name":"wp","href":"https:\/\/api.w.org\/{rel}","templated":true}]}}