{"id":247328,"date":"2026-01-10T15:09:57","date_gmt":"2026-01-10T12:09:57","guid":{"rendered":"https:\/\/baldumarket.lt\/product\/lozko-biale-milano-mi-2a-140-160-180-cm-szerokosci\/"},"modified":"2026-04-08T10:06:18","modified_gmt":"2026-04-08T07:06:18","slug":"lozko-biale-milano-mi-2a-140-160-180-cm-szerokosci","status":"publish","type":"product","link":"https:\/\/baldumarket.lt\/lt\/product\/lozko-biale-milano-mi-2a-140-160-180-cm-szerokosci\/","title":{"rendered":"Balta lova MILANO MI-2A (140\/160\/180 cm plo\u010dio)"},"content":{"rendered":"<h5><span style=\"color: #54859b\">Apsilankykite m\u016bs\u0173 virtualioje TARANKO prek\u0117s \u017eenklo parduotuv\u0117je<\/span><\/h5>\n<p> <a href=\"https:\/\/my.matterport.com\/show\/?m=a9ocyRk8GfK&#038;play=1&#038;back=1\" target=\"_blank\" rel=\"noopener\"><span style=\"color: #e47025\">https:\/\/my.matterport.com\/<\/span><\/a><\/p>\n<p>Balta lova MILANO MI-2AMILANO pasi\u017eymi eleganti\u0161komis formomis, auk\u0161ta kokybe ir funkcionalumu. Tokie baldai papuo\u0161 bet kur\u012f kambar\u012f. Med\u017eiaga: med\u017eio masyvo korpusas.<br \/>\nFasadas: laminuotas PVC. Eleganti\u0161ka lova traukia d\u0117mes\u012f savo lengvu apdirbimu, kurioje \u0161ilta rie\u0161uto spalva derinama su baltais blizgiais fasadais. I\u0161lenktos kojel\u0117s suteikia kolekcijai \u017eavesio, o originali pagrindo forma sukuria unikal\u0173 charakter\u012f.<br \/>\nLovos be groteli\u0173 kaina plius 108 \u20ac arba 121 \u20ac. Galima \u012fsigyti patalyn\u0117s d\u0117\u017e\u0119 su pakeliamomis grotel\u0117mis, tokiu atveju plius kaina: 370 \u20ac, 407 \u20ac, priklausomai nuo plo\u010dio.<\/p>","protected":false},"excerpt":{"rendered":"<p>Auk\u0161tis, cm: 86\/44,5<br \/>\nPlotis, cm: 146\/166\/186<br \/>\nGylis, cm: 209<\/p>","protected":false},"featured_media":247329,"comment_status":"open","ping_status":"open","template":"","meta":[],"product_brand":[],"product_cat":[9683,505,5572],"product_tag":[],"class_list":{"0":"post-247328","1":"product","2":"type-product","3":"status-publish","4":"has-post-thumbnail","6":"product_cat-furniture-system-milano-taranko","7":"product_cat-bedroom-beds","8":"product_cat-taranko-meble","10":"first","11":"instock","12":"purchasable","13":"product-type-simple"},"_links":{"self":[{"href":"https:\/\/baldumarket.lt\/lt\/wp-json\/wp\/v2\/product\/247328","targetHints":{"allow":["GET"]}}],"collection":[{"href":"https:\/\/baldumarket.lt\/lt\/wp-json\/wp\/v2\/product"}],"about":[{"href":"https:\/\/baldumarket.lt\/lt\/wp-json\/wp\/v2\/types\/product"}],"replies":[{"embeddable":true,"href":"https:\/\/baldumarket.lt\/lt\/wp-json\/wp\/v2\/comments?post=247328"}],"wp:featuredmedia":[{"embeddable":true,"href":"https:\/\/baldumarket.lt\/lt\/wp-json\/wp\/v2\/media\/247329"}],"wp:attachment":[{"href":"https:\/\/baldumarket.lt\/lt\/wp-json\/wp\/v2\/media?parent=247328"}],"wp:term":[{"taxonomy":"product_brand","embeddable":true,"href":"https:\/\/baldumarket.lt\/lt\/wp-json\/wp\/v2\/product_brand?post=247328"},{"taxonomy":"product_cat","embeddable":true,"href":"https:\/\/baldumarket.lt\/lt\/wp-json\/wp\/v2\/product_cat?post=247328"},{"taxonomy":"product_tag","embeddable":true,"href":"https:\/\/baldumarket.lt\/lt\/wp-json\/wp\/v2\/product_tag?post=247328"}],"curies":[{"name":"wp","href":"https:\/\/api.w.org\/{rel}","templated":true}]}}