{"id":247323,"date":"2026-01-10T15:09:52","date_gmt":"2026-01-10T12:09:52","guid":{"rendered":"https:\/\/baldumarket.lt\/product\/lawka-skorzana-neptun-n-szezlag\/"},"modified":"2026-04-08T16:46:58","modified_gmt":"2026-04-08T13:46:58","slug":"lawka-skorzana-neptun-n-szezlag","status":"publish","type":"product","link":"https:\/\/baldumarket.lt\/lt\/product\/lawka-skorzana-neptun-n-szezlag\/","title":{"rendered":"NEPTUN odinis suolas N formos \u0161ezlongas"},"content":{"rendered":"<h5><span style=\"color: #54859b\">Apsilankykite m\u016bs\u0173 virtualioje TARANKO prek\u0117s \u017eenklo parduotuv\u0117je<\/span><\/h5>\n<p> <a href=\"https:\/\/my.matterport.com\/show\/?m=a9ocyRk8GfK&#038;play=1&#038;back=1\" target=\"_blank\" rel=\"noopener\"><span style=\"color: #e47025\">https:\/\/my.matterport.com\/<\/span><\/a><\/p>\n<p>Odinis suolas NEPTUN N-szezlagViena i\u0161 klasikini\u0173 Taranka kolekcij\u0173 yra Neptun. \u0160velni rie\u0161utmed\u017eio spalva suteikia baldams i\u0161skirtin\u012f stili\u0173, o apvali apdaila \u2013 lengvumo ir modernumo. \u017dalvarin\u0117s ranken\u0117l\u0117s puikiai dera su baldo rie\u0161utmed\u017eio spalva ir suteikia jam \u017eavesio. Neptun \u2013 tai did\u017eiulis bald\u0173 asortimentas svetainei, miegamajam ar prie\u0161kambariui. Vir\u0161us: didelio elastingumo poliuretanas, nat\u016brali oda.<br \/>\nKorpusas, kojel\u0117s: med\u017eio masyvas. Pasirink\u0119 \u0161ios kolekcijos gaminius, sukursite nuostab\u0173 ir \u0161ilt\u0105 interjer\u0105 arba papildysite esamus baldus subtiliu \u201eNeptun\u201c akcentu.<\/p>","protected":false},"excerpt":{"rendered":"<p>\u016agis, cm: 63,5<br \/>\nPlotis, cm: 127<br \/>\nGylis, cm: 40<\/p>","protected":false},"featured_media":247324,"comment_status":"open","ping_status":"open","template":"","meta":[],"product_brand":[],"product_cat":[9682,1928,5572],"product_tag":[],"class_list":{"0":"post-247323","1":"product","2":"type-product","3":"status-publish","4":"has-post-thumbnail","6":"product_cat-furniture-system-neptun-taranko","7":"product_cat-benches","8":"product_cat-taranko-meble","10":"first","11":"instock","12":"purchasable","13":"product-type-simple"},"_links":{"self":[{"href":"https:\/\/baldumarket.lt\/lt\/wp-json\/wp\/v2\/product\/247323","targetHints":{"allow":["GET"]}}],"collection":[{"href":"https:\/\/baldumarket.lt\/lt\/wp-json\/wp\/v2\/product"}],"about":[{"href":"https:\/\/baldumarket.lt\/lt\/wp-json\/wp\/v2\/types\/product"}],"replies":[{"embeddable":true,"href":"https:\/\/baldumarket.lt\/lt\/wp-json\/wp\/v2\/comments?post=247323"}],"wp:featuredmedia":[{"embeddable":true,"href":"https:\/\/baldumarket.lt\/lt\/wp-json\/wp\/v2\/media\/247324"}],"wp:attachment":[{"href":"https:\/\/baldumarket.lt\/lt\/wp-json\/wp\/v2\/media?parent=247323"}],"wp:term":[{"taxonomy":"product_brand","embeddable":true,"href":"https:\/\/baldumarket.lt\/lt\/wp-json\/wp\/v2\/product_brand?post=247323"},{"taxonomy":"product_cat","embeddable":true,"href":"https:\/\/baldumarket.lt\/lt\/wp-json\/wp\/v2\/product_cat?post=247323"},{"taxonomy":"product_tag","embeddable":true,"href":"https:\/\/baldumarket.lt\/lt\/wp-json\/wp\/v2\/product_tag?post=247323"}],"curies":[{"name":"wp","href":"https:\/\/api.w.org\/{rel}","templated":true}]}}