{"id":247320,"date":"2026-01-10T15:09:47","date_gmt":"2026-01-10T12:09:47","guid":{"rendered":"https:\/\/baldumarket.lt\/product\/lawka-milano-mi\/"},"modified":"2026-04-08T16:46:58","modified_gmt":"2026-04-08T13:46:58","slug":"lawka-milano-mi","status":"publish","type":"product","link":"https:\/\/baldumarket.lt\/lt\/product\/lawka-milano-mi\/","title":{"rendered":"MILANO MI suolas"},"content":{"rendered":"<h5><span style=\"color: #54859b\">Apsilankykite m\u016bs\u0173 virtualioje TARANKO prek\u0117s \u017eenklo parduotuv\u0117je<\/span><\/h5>\n<p> <a href=\"https:\/\/my.matterport.com\/show\/?m=a9ocyRk8GfK&#038;play=1&#038;back=1\" target=\"_blank\" rel=\"noopener\"><span style=\"color: #e47025\">https:\/\/my.matterport.com\/<\/span><\/a><\/p>\n<p>Suoliukas MILANO MIColor baltas matinis \/ milano rie\u0161utas.<br \/>\nMILANO baldai pasi\u017eymi eleganti\u0161komis formomis, auk\u0161ta kokybe ir funkcionalumu. Tokie baldai papuo\u0161 bet kok\u012f kambar\u012f. Kojel\u0117s: med\u017eio masyvas. Galimyb\u0117 rinktis audinius ir med\u017eio spalv\u0105, kaina priklauso nuo pasirinkimo. Milano baldai traukia d\u0117mes\u012f savo lengvu apdirbimu, juose \u0161ilta rie\u0161uto spalva derinama su baltais blizgiais fasadais. I\u0161lenktos kojel\u0117s suteikia kolekcijai \u017eavesio, o originali pagrindo forma sukuria unikal\u0173 charakter\u012f. Plati Milano kolekcija leis \u012frengti valgomuosius, svetaines ir net miegamuosius, o mink\u0161t\u0173 lov\u0173 pasirinkimas tiks bet kurioje erdv\u0117je.\u00a0<\/p>","protected":false},"excerpt":{"rendered":"<p>\u016agis, cm: 51,5<br \/>\nPlotis, cm: 98<br \/>\nGylis, cm: 37<\/p>","protected":false},"featured_media":247321,"comment_status":"open","ping_status":"open","template":"","meta":[],"product_brand":[],"product_cat":[9683,1928,5572],"product_tag":[],"class_list":{"0":"post-247320","1":"product","2":"type-product","3":"status-publish","4":"has-post-thumbnail","6":"product_cat-furniture-system-milano-taranko","7":"product_cat-benches","8":"product_cat-taranko-meble","10":"first","11":"instock","12":"purchasable","13":"product-type-simple"},"_links":{"self":[{"href":"https:\/\/baldumarket.lt\/lt\/wp-json\/wp\/v2\/product\/247320","targetHints":{"allow":["GET"]}}],"collection":[{"href":"https:\/\/baldumarket.lt\/lt\/wp-json\/wp\/v2\/product"}],"about":[{"href":"https:\/\/baldumarket.lt\/lt\/wp-json\/wp\/v2\/types\/product"}],"replies":[{"embeddable":true,"href":"https:\/\/baldumarket.lt\/lt\/wp-json\/wp\/v2\/comments?post=247320"}],"wp:featuredmedia":[{"embeddable":true,"href":"https:\/\/baldumarket.lt\/lt\/wp-json\/wp\/v2\/media\/247321"}],"wp:attachment":[{"href":"https:\/\/baldumarket.lt\/lt\/wp-json\/wp\/v2\/media?parent=247320"}],"wp:term":[{"taxonomy":"product_brand","embeddable":true,"href":"https:\/\/baldumarket.lt\/lt\/wp-json\/wp\/v2\/product_brand?post=247320"},{"taxonomy":"product_cat","embeddable":true,"href":"https:\/\/baldumarket.lt\/lt\/wp-json\/wp\/v2\/product_cat?post=247320"},{"taxonomy":"product_tag","embeddable":true,"href":"https:\/\/baldumarket.lt\/lt\/wp-json\/wp\/v2\/product_tag?post=247320"}],"curies":[{"name":"wp","href":"https:\/\/api.w.org\/{rel}","templated":true}]}}