{"id":247307,"date":"2026-01-10T15:09:36","date_gmt":"2026-01-10T12:09:36","guid":{"rendered":"https:\/\/baldumarket.lt\/product\/krzeslo-do-jadalni-wersal-w-03\/"},"modified":"2026-04-08T11:38:43","modified_gmt":"2026-04-08T08:38:43","slug":"krzeslo-do-jadalni-wersal-w-03","status":"publish","type":"product","link":"https:\/\/baldumarket.lt\/lt\/product\/krzeslo-do-jadalni-wersal-w-03\/","title":{"rendered":"WERSAL W-03 valgomojo k\u0117d\u0117"},"content":{"rendered":"<h5><span style=\"color: #54859b\">Apsilankykite m\u016bs\u0173 virtualioje TARANKO prek\u0117s \u017eenklo parduotuv\u0117je<\/span><\/h5>\n<p> <a href=\"https:\/\/my.matterport.com\/show\/?m=a9ocyRk8GfK&#038;play=1&#038;back=1\" target=\"_blank\" rel=\"noopener\"><span style=\"color: #e47025\">https:\/\/my.matterport.com\/<\/span><\/a><\/p>\n<p>Valgomojo k\u0117d\u0117 WERSAL W-03. Gra\u017ei itali\u0161ko stiliaus i\u0161vaizda, auk\u0161ta kokyb\u0117, klasikin\u0117 elegancija.<br \/>\nGalimyb\u0117 rinktis audinius ir med\u017eio spalv\u0105, kaina priklauso nuo pasirinkimo. Itin gausi kolekcija, klasikinis stilius, eleganti\u0161kos formos ir i\u0161skirtinis dizainas, auk\u0161\u010diausios kokyb\u0117s baldai. Galimi \u0161e\u0161i spalv\u0173 variantai.<br \/>\nAuk\u0161tos kokyb\u0117s, patikima, patvari kolekcija, perduodama i\u0161 kartos \u012f kart\u0105. Tikri gro\u017eio ir puo\u0161numo \u017einovai tikrai \u012fvertins \u201eWERSAL\u201c kolekcij\u0105. R\u0117mas: tvirta alksnio mediena<br \/>\nApmu\u0161alai: 65% medviln\u0117 ir 35% poliesteris (priklausomai nuo pasirinkimo).<br \/>\nKojel\u0117s: tvirta alksnio arba buko mediena.\u00a0<\/p>","protected":false},"excerpt":{"rendered":"<p>Auk\u0161tis, cm: 98\/52<br \/>\nPlotis, cm: 50<br \/>\nGylis, cm: 43,5<\/p>","protected":false},"featured_media":247308,"comment_status":"open","ping_status":"open","template":"","meta":[],"product_brand":[],"product_cat":[9679,1930,5572],"product_tag":[],"class_list":{"0":"post-247307","1":"product","2":"type-product","3":"status-publish","4":"has-post-thumbnail","6":"product_cat-furniture-system-wersal-taranko","7":"product_cat-chairs","8":"product_cat-taranko-meble","10":"first","11":"instock","12":"purchasable","13":"product-type-simple"},"_links":{"self":[{"href":"https:\/\/baldumarket.lt\/lt\/wp-json\/wp\/v2\/product\/247307","targetHints":{"allow":["GET"]}}],"collection":[{"href":"https:\/\/baldumarket.lt\/lt\/wp-json\/wp\/v2\/product"}],"about":[{"href":"https:\/\/baldumarket.lt\/lt\/wp-json\/wp\/v2\/types\/product"}],"replies":[{"embeddable":true,"href":"https:\/\/baldumarket.lt\/lt\/wp-json\/wp\/v2\/comments?post=247307"}],"wp:featuredmedia":[{"embeddable":true,"href":"https:\/\/baldumarket.lt\/lt\/wp-json\/wp\/v2\/media\/247308"}],"wp:attachment":[{"href":"https:\/\/baldumarket.lt\/lt\/wp-json\/wp\/v2\/media?parent=247307"}],"wp:term":[{"taxonomy":"product_brand","embeddable":true,"href":"https:\/\/baldumarket.lt\/lt\/wp-json\/wp\/v2\/product_brand?post=247307"},{"taxonomy":"product_cat","embeddable":true,"href":"https:\/\/baldumarket.lt\/lt\/wp-json\/wp\/v2\/product_cat?post=247307"},{"taxonomy":"product_tag","embeddable":true,"href":"https:\/\/baldumarket.lt\/lt\/wp-json\/wp\/v2\/product_tag?post=247307"}],"curies":[{"name":"wp","href":"https:\/\/api.w.org\/{rel}","templated":true}]}}