{"id":24730,"date":"2025-11-14T16:09:41","date_gmt":"2025-11-14T13:09:41","guid":{"rendered":"https:\/\/baldumarket.lt\/product\/codrila-grey-120x180\/"},"modified":"2026-03-24T18:20:45","modified_gmt":"2026-03-24T15:20:45","slug":"codrila-grey-120x180","status":"publish","type":"product","link":"https:\/\/baldumarket.lt\/lt\/product\/codrila-grey-120x180\/","title":{"rendered":"\u201eCodrila\u201c pilka 120\u00d7180"},"content":{"rendered":"<p>\u201eCodrila Grey\u201c kilimas \u2013 puikus sprendimas modernioms erdv\u0117ms. Jo pavir\u0161ius pasi\u017eymi trima\u010diu ra\u0161tu ir ramiu pilku atspalviu, tod\u0117l jis puikiai tinka erdvioms, \u0161viesioms erdv\u0117ms su minimalistiniu stiliumi. Auk\u0161tos kokyb\u0117s poliesterio-polipropileno p\u016bkai ir d\u017eiuto pagrindas suteikia kilimui i\u0161skirtin\u012f atsparum\u0105 mechaniniams pa\u017eeidimams, trin\u010diai ir dilimui. Be to, jis yra atsparus ne\u0161varumams ir lengvai valomas buitiniais valikliais.<\/p>","protected":false},"excerpt":{"rendered":"<p>\u201eCodrila Grey\u201c kilimas \u2013 puikus sprendimas modernioms erdv\u0117ms. Jo pavir\u0161ius pasi\u017eymi trima\u010diu ra\u0161tu ir ramiu pilku atspalviu, tod\u0117l jis puikiai tinka erdvioms, \u0161viesioms erdv\u0117ms su minimalistiniu stiliumi. Auk\u0161tos kokyb\u0117s poliesterio-polipropileno p\u016bkas ir d\u017eiuto pagrindas suteikia kilimui i\u0161skirtin\u012f atsparum\u0105 mechaniniams pa\u017eeidimams, trin\u010diai ir dilimui. Be to, jis [\u2026]<\/p>","protected":false},"featured_media":24731,"comment_status":"open","ping_status":"open","template":"","meta":[],"product_brand":[],"product_cat":[1167,2012],"product_tag":[],"class_list":{"0":"post-24730","1":"product","2":"type-product","3":"status-publish","4":"has-post-thumbnail","6":"product_cat-carpets","7":"product_cat-eltap","9":"first","10":"instock","11":"purchasable","12":"product-type-simple"},"_links":{"self":[{"href":"https:\/\/baldumarket.lt\/lt\/wp-json\/wp\/v2\/product\/24730","targetHints":{"allow":["GET"]}}],"collection":[{"href":"https:\/\/baldumarket.lt\/lt\/wp-json\/wp\/v2\/product"}],"about":[{"href":"https:\/\/baldumarket.lt\/lt\/wp-json\/wp\/v2\/types\/product"}],"replies":[{"embeddable":true,"href":"https:\/\/baldumarket.lt\/lt\/wp-json\/wp\/v2\/comments?post=24730"}],"wp:featuredmedia":[{"embeddable":true,"href":"https:\/\/baldumarket.lt\/lt\/wp-json\/wp\/v2\/media\/24731"}],"wp:attachment":[{"href":"https:\/\/baldumarket.lt\/lt\/wp-json\/wp\/v2\/media?parent=24730"}],"wp:term":[{"taxonomy":"product_brand","embeddable":true,"href":"https:\/\/baldumarket.lt\/lt\/wp-json\/wp\/v2\/product_brand?post=24730"},{"taxonomy":"product_cat","embeddable":true,"href":"https:\/\/baldumarket.lt\/lt\/wp-json\/wp\/v2\/product_cat?post=24730"},{"taxonomy":"product_tag","embeddable":true,"href":"https:\/\/baldumarket.lt\/lt\/wp-json\/wp\/v2\/product_tag?post=24730"}],"curies":[{"name":"wp","href":"https:\/\/api.w.org\/{rel}","templated":true}]}}