{"id":247286,"date":"2026-01-10T15:09:19","date_gmt":"2026-01-10T12:09:19","guid":{"rendered":"https:\/\/baldumarket.lt\/product\/krzeslo-do-jadalni-milano-mi\/"},"modified":"2026-04-08T10:06:18","modified_gmt":"2026-04-08T07:06:18","slug":"krzeslo-do-jadalni-milano-mi","status":"publish","type":"product","link":"https:\/\/baldumarket.lt\/lt\/product\/krzeslo-do-jadalni-milano-mi\/","title":{"rendered":"MILANO MI valgomojo k\u0117d\u0117"},"content":{"rendered":"<h5><span style=\"color: #54859b\">Apsilankykite m\u016bs\u0173 virtualioje TARANKO prek\u0117s \u017eenklo parduotuv\u0117je<\/span><\/h5>\n<p> <a href=\"https:\/\/my.matterport.com\/show\/?m=a9ocyRk8GfK&#038;play=1&#038;back=1\" target=\"_blank\" rel=\"noopener\"><span style=\"color: #e47025\">https:\/\/my.matterport.com\/<\/span><\/a><\/p>\n<p>Valgomojo k\u0117d\u0117 MILANO MI i\u0161lenktos kojel\u0117s ir atlo\u0161as suteikia k\u0117dei grak\u0161taus \u017eavesio. Galimyb\u0117 rinktis audinius ir med\u017eio spalv\u0105, kaina priklauso nuo pasirinkimo. Milano traukia d\u0117mes\u012f savo apdirbimo paprastumu, kuriame \u0161ilta rie\u0161uto spalva derinama su baltais blizgiais fasadais. Plati Milano kolekcija leis jums \u012frengti valgomuosius, svetaines ir net miegamuosius, o mink\u0161t\u0173 lov\u0173 pasirinkimas tiks bet kokioje erdv\u0117je. Subtili bald\u0173 forma padarys kambar\u012f \u017eavesn\u012f.<br \/>\nMILANO baldai pasi\u017eymi eleganti\u0161komis formomis, auk\u0161ta kokybe ir funkcionalumu. Tokie baldai papuo\u0161 bet kur\u012f kambar\u012f. R\u0117mas: med\u017eio masyvas<br \/>\nApmu\u0161alai: 100% poliesteris (priklausomai nuo pasirinkimo).<br \/>\nKojel\u0117s: med\u017eio masyvas.<\/p>","protected":false},"excerpt":{"rendered":"<p>Auk\u0161tis, cm: 96\/50<br \/>\nPlotis, cm: 47<br \/>\nGylis, cm: 43<\/p>","protected":false},"featured_media":247287,"comment_status":"open","ping_status":"open","template":"","meta":[],"product_brand":[],"product_cat":[9683,1930,5572],"product_tag":[],"class_list":{"0":"post-247286","1":"product","2":"type-product","3":"status-publish","4":"has-post-thumbnail","6":"product_cat-furniture-system-milano-taranko","7":"product_cat-chairs","8":"product_cat-taranko-meble","10":"first","11":"instock","12":"purchasable","13":"product-type-simple"},"_links":{"self":[{"href":"https:\/\/baldumarket.lt\/lt\/wp-json\/wp\/v2\/product\/247286","targetHints":{"allow":["GET"]}}],"collection":[{"href":"https:\/\/baldumarket.lt\/lt\/wp-json\/wp\/v2\/product"}],"about":[{"href":"https:\/\/baldumarket.lt\/lt\/wp-json\/wp\/v2\/types\/product"}],"replies":[{"embeddable":true,"href":"https:\/\/baldumarket.lt\/lt\/wp-json\/wp\/v2\/comments?post=247286"}],"wp:featuredmedia":[{"embeddable":true,"href":"https:\/\/baldumarket.lt\/lt\/wp-json\/wp\/v2\/media\/247287"}],"wp:attachment":[{"href":"https:\/\/baldumarket.lt\/lt\/wp-json\/wp\/v2\/media?parent=247286"}],"wp:term":[{"taxonomy":"product_brand","embeddable":true,"href":"https:\/\/baldumarket.lt\/lt\/wp-json\/wp\/v2\/product_brand?post=247286"},{"taxonomy":"product_cat","embeddable":true,"href":"https:\/\/baldumarket.lt\/lt\/wp-json\/wp\/v2\/product_cat?post=247286"},{"taxonomy":"product_tag","embeddable":true,"href":"https:\/\/baldumarket.lt\/lt\/wp-json\/wp\/v2\/product_tag?post=247286"}],"curies":[{"name":"wp","href":"https:\/\/api.w.org\/{rel}","templated":true}]}}