{"id":247281,"date":"2026-01-10T15:09:13","date_gmt":"2026-01-10T12:09:13","guid":{"rendered":"https:\/\/baldumarket.lt\/product\/krzeslo-diament-la-16\/"},"modified":"2026-04-08T09:28:44","modified_gmt":"2026-04-08T06:28:44","slug":"krzeslo-diament-la-16","status":"publish","type":"product","link":"https:\/\/baldumarket.lt\/lt\/product\/krzeslo-diament-la-16\/","title":{"rendered":"DIAMOND LA-16 k\u0117d\u0117"},"content":{"rendered":"<h5><span style=\"color: #54859b\">Apsilankykite m\u016bs\u0173 virtualioje TARANKO prek\u0117s \u017eenklo parduotuv\u0117je<\/span><\/h5>\n<p> <a href=\"https:\/\/my.matterport.com\/show\/?m=a9ocyRk8GfK&#038;play=1&#038;back=1\" target=\"_blank\" rel=\"noopener\"><span style=\"color: #e47025\">https:\/\/my.matterport.com\/<\/span><\/a><\/p>\n<p>K\u0117d\u0117 DIAMENT LA-16. I\u0161skirtin\u0117 kolekcija su 3D fasadu ir jaukia nat\u016bralaus \u0105\u017euolo apdaila sukuria unikal\u0173 ir subtil\u0173 charakter\u012f. \u0160iuolaikinio modernumo i\u0161rai\u0161ka, dvelkianti praeities nostalgija. Geometrinis 3D fasadas ir lenktos \u0105\u017euolo kojel\u0117s suteikia ypatingo \u017eavesio. Baldai komplektuojami su vidiniu ap\u0161vietimu.<br \/>\nGalimi du spalv\u0173 deriniai: nat\u016bralus \u0105\u017euolas \/ balta matin\u0117 ir nat\u016bralus \u0105\u017euolas \/ grafitas matinis, arba abu dera tarpusavyje. Kojel\u0117s: med\u017eio masyvas.<br \/>\nGalimyb\u0117 rinktis audinius ir med\u017eio spalv\u0105, kaina priklauso nuo pasirinkimo. DIAMENT baldai su i\u0161skirtiniu fasadu suteiks jaukumo tiek svetainei, tiek valgomajam.<\/p>","protected":false},"excerpt":{"rendered":"<p>Auk\u0161tis, cm: 101\/51<br \/>\nPlotis, cm: 47<br \/>\nGylis, cm: 43,5<\/p>","protected":false},"featured_media":247282,"comment_status":"open","ping_status":"open","template":"","meta":[],"product_brand":[],"product_cat":[9695,1930,5572],"product_tag":[],"class_list":{"0":"post-247281","1":"product","2":"type-product","3":"status-publish","4":"has-post-thumbnail","6":"product_cat-furniture-system-diamond-taranko","7":"product_cat-chairs","8":"product_cat-taranko-meble","10":"first","11":"instock","12":"purchasable","13":"product-type-simple"},"_links":{"self":[{"href":"https:\/\/baldumarket.lt\/lt\/wp-json\/wp\/v2\/product\/247281","targetHints":{"allow":["GET"]}}],"collection":[{"href":"https:\/\/baldumarket.lt\/lt\/wp-json\/wp\/v2\/product"}],"about":[{"href":"https:\/\/baldumarket.lt\/lt\/wp-json\/wp\/v2\/types\/product"}],"replies":[{"embeddable":true,"href":"https:\/\/baldumarket.lt\/lt\/wp-json\/wp\/v2\/comments?post=247281"}],"wp:featuredmedia":[{"embeddable":true,"href":"https:\/\/baldumarket.lt\/lt\/wp-json\/wp\/v2\/media\/247282"}],"wp:attachment":[{"href":"https:\/\/baldumarket.lt\/lt\/wp-json\/wp\/v2\/media?parent=247281"}],"wp:term":[{"taxonomy":"product_brand","embeddable":true,"href":"https:\/\/baldumarket.lt\/lt\/wp-json\/wp\/v2\/product_brand?post=247281"},{"taxonomy":"product_cat","embeddable":true,"href":"https:\/\/baldumarket.lt\/lt\/wp-json\/wp\/v2\/product_cat?post=247281"},{"taxonomy":"product_tag","embeddable":true,"href":"https:\/\/baldumarket.lt\/lt\/wp-json\/wp\/v2\/product_tag?post=247281"}],"curies":[{"name":"wp","href":"https:\/\/api.w.org\/{rel}","templated":true}]}}