{"id":24726,"date":"2025-11-14T16:09:00","date_gmt":"2025-11-14T13:09:00","guid":{"rendered":"https:\/\/baldumarket.lt\/product\/codrila-beige-160x220\/"},"modified":"2026-03-24T18:20:53","modified_gmt":"2026-03-24T15:20:53","slug":"codrila-beige-160x220","status":"publish","type":"product","link":"https:\/\/baldumarket.lt\/lt\/product\/codrila-beige-160x220\/","title":{"rendered":"Codrila sm\u0117lio spalvos 160\u00d7220"},"content":{"rendered":"<p>\u201eCodrila Beige\u201c kilimas yra poliesterio ir polipropileno variantas moderniam interjerui. Sintetinis p\u016bkas yra atsparus deformacijai, mikrob\u0173 poveikiui ir ne\u0161varumams, tod\u0117l idealiai tinka da\u017enai naudojamoms patalpoms. Be to, p\u016bkas nepritraukia dulki\u0173, tod\u0117l jis yra tikras malonumas alergi\u0161kiems \u017emon\u0117ms. I\u0161skirtinis gaminio bruo\u017eas \u2013 trimatis motyvas, primenantis plaktas putas. Tai, kartu su neutralia spalva, daro \u201eCodrila Beige\u201c tinkam\u0105 moderniam interjerui.<\/p>","protected":false},"excerpt":{"rendered":"<p>\u201eCodrila Beige\u201c kilimas yra poliesterio ir polipropileno variantas moderniam interjerui. Sintetinis p\u016bkas yra atsparus deformacijai, mikrob\u0173 poveikiui ir ne\u0161varumams, tod\u0117l idealiai tinka da\u017enai naudojamoms patalpoms. Be to, p\u016bkas nepritraukia dulki\u0173, tod\u0117l yra tikras malonumas alergi\u0161kiems \u017emon\u0117ms. I\u0161skirtinis gaminio bruo\u017eas \u2013 trimatis motyvas, primenantis plakt\u0105 [\u2026]<\/p>","protected":false},"featured_media":24717,"comment_status":"open","ping_status":"open","template":"","meta":[],"product_brand":[],"product_cat":[1167,2012],"product_tag":[],"class_list":{"0":"post-24726","1":"product","2":"type-product","3":"status-publish","4":"has-post-thumbnail","6":"product_cat-carpets","7":"product_cat-eltap","9":"first","10":"instock","11":"purchasable","12":"product-type-simple"},"_links":{"self":[{"href":"https:\/\/baldumarket.lt\/lt\/wp-json\/wp\/v2\/product\/24726","targetHints":{"allow":["GET"]}}],"collection":[{"href":"https:\/\/baldumarket.lt\/lt\/wp-json\/wp\/v2\/product"}],"about":[{"href":"https:\/\/baldumarket.lt\/lt\/wp-json\/wp\/v2\/types\/product"}],"replies":[{"embeddable":true,"href":"https:\/\/baldumarket.lt\/lt\/wp-json\/wp\/v2\/comments?post=24726"}],"wp:featuredmedia":[{"embeddable":true,"href":"https:\/\/baldumarket.lt\/lt\/wp-json\/wp\/v2\/media\/24717"}],"wp:attachment":[{"href":"https:\/\/baldumarket.lt\/lt\/wp-json\/wp\/v2\/media?parent=24726"}],"wp:term":[{"taxonomy":"product_brand","embeddable":true,"href":"https:\/\/baldumarket.lt\/lt\/wp-json\/wp\/v2\/product_brand?post=24726"},{"taxonomy":"product_cat","embeddable":true,"href":"https:\/\/baldumarket.lt\/lt\/wp-json\/wp\/v2\/product_cat?post=24726"},{"taxonomy":"product_tag","embeddable":true,"href":"https:\/\/baldumarket.lt\/lt\/wp-json\/wp\/v2\/product_tag?post=24726"}],"curies":[{"name":"wp","href":"https:\/\/api.w.org\/{rel}","templated":true}]}}