{"id":247255,"date":"2026-01-10T15:08:51","date_gmt":"2026-01-10T12:08:51","guid":{"rendered":"https:\/\/baldumarket.lt\/product\/kredens-wysoki-wenecja-we-w1-2-lp\/"},"modified":"2026-04-08T11:38:43","modified_gmt":"2026-04-08T08:38:43","slug":"kredens-wysoki-wenecja-we-w1-2-lp","status":"publish","type":"product","link":"https:\/\/baldumarket.lt\/lt\/product\/kredens-wysoki-wenecja-we-w1-2-lp\/","title":{"rendered":"Auk\u0161ta indauja WENECJA WE-W1\/2 K,D"},"content":{"rendered":"<h5><span style=\"color: #54859b\">Apsilankykite m\u016bs\u0173 virtualioje TARANKO prek\u0117s \u017eenklo parduotuv\u0117je<\/span><\/h5>\n<p> <a href=\"https:\/\/my.matterport.com\/show\/?m=a9ocyRk8GfK&#038;play=1&#038;back=1\" target=\"_blank\" rel=\"noopener\"><span style=\"color: #e47025\">https:\/\/my.matterport.com\/<\/span><\/a><\/p>\n<p>Auk\u0161ta indauja WENECJA WE-W1\/2. I\u0161skirtin\u0117 kolekcija su 3D fasadu ir jaukia \u0161okoladinio \u0105\u017euolo apdaila sukuria \u0161iuolaiki\u0161k\u0105 charakter\u012f. \u0160iuolaikinio modernumo i\u0161rai\u0161ka, dvelkianti praeities nostalgija. Tamsaus \u0161okolado \u0105\u017euolo nugar\u0117l\u0117, d\u016bminis stiklas ir subtilus lentyn\u0173 ap\u0161vietimas, naudojamas vitrinose, suteikia paslaptingo \u017eavesio.<br \/>\nNaudoti spalv\u0173 deriniai: \u0161okolado spalvos \u0105\u017euolas\/ka\u0161myras.<br \/>\nSvarbu pasirinkti dur\u0173 atidarymo pus\u0119. Su foniniu ap\u0161vietimu.<br \/>\nVir\u0161us: MDF, laminuotas \u0105\u017euolo fanera.<br \/>\nFasadas: da\u017eytas MDF. WENECJA baldai su madingu fasadu suteiks jaukumo \u017eavesio tiek svetainei, tiek valgomajam.\u00a0<\/p>","protected":false},"excerpt":{"rendered":"<p>Auk\u0161tis, cm: 202<br \/>\nPlotis, cm: 57<br \/>\nGylis, cm: 40,5<\/p>","protected":false},"featured_media":247256,"comment_status":"open","ping_status":"open","template":"","meta":[],"product_brand":[],"product_cat":[9693,5572,2006],"product_tag":[],"class_list":{"0":"post-247255","1":"product","2":"type-product","3":"status-publish","4":"has-post-thumbnail","6":"product_cat-furniture-system-wenecja-taranko","7":"product_cat-taranko-meble","8":"product_cat-vitrines","10":"first","11":"instock","12":"purchasable","13":"product-type-simple"},"_links":{"self":[{"href":"https:\/\/baldumarket.lt\/lt\/wp-json\/wp\/v2\/product\/247255","targetHints":{"allow":["GET"]}}],"collection":[{"href":"https:\/\/baldumarket.lt\/lt\/wp-json\/wp\/v2\/product"}],"about":[{"href":"https:\/\/baldumarket.lt\/lt\/wp-json\/wp\/v2\/types\/product"}],"replies":[{"embeddable":true,"href":"https:\/\/baldumarket.lt\/lt\/wp-json\/wp\/v2\/comments?post=247255"}],"wp:featuredmedia":[{"embeddable":true,"href":"https:\/\/baldumarket.lt\/lt\/wp-json\/wp\/v2\/media\/247256"}],"wp:attachment":[{"href":"https:\/\/baldumarket.lt\/lt\/wp-json\/wp\/v2\/media?parent=247255"}],"wp:term":[{"taxonomy":"product_brand","embeddable":true,"href":"https:\/\/baldumarket.lt\/lt\/wp-json\/wp\/v2\/product_brand?post=247255"},{"taxonomy":"product_cat","embeddable":true,"href":"https:\/\/baldumarket.lt\/lt\/wp-json\/wp\/v2\/product_cat?post=247255"},{"taxonomy":"product_tag","embeddable":true,"href":"https:\/\/baldumarket.lt\/lt\/wp-json\/wp\/v2\/product_tag?post=247255"}],"curies":[{"name":"wp","href":"https:\/\/api.w.org\/{rel}","templated":true}]}}