{"id":247213,"date":"2026-01-10T15:08:11","date_gmt":"2026-01-10T12:08:11","guid":{"rendered":"https:\/\/baldumarket.lt\/product\/konsola-milano-mi-console\/"},"modified":"2026-04-08T10:06:09","modified_gmt":"2026-04-08T07:06:09","slug":"konsola-milano-mi-console","status":"publish","type":"product","link":"https:\/\/baldumarket.lt\/lt\/product\/konsola-milano-mi-console\/","title":{"rendered":"MILANO MI konsol\u0117"},"content":{"rendered":"<h5><span style=\"color: #54859b\">Apsilankykite m\u016bs\u0173 virtualioje TARANKO prek\u0117s \u017eenklo parduotuv\u0117je<\/span><\/h5>\n<p> <a href=\"https:\/\/my.matterport.com\/show\/?m=a9ocyRk8GfK&#038;play=1&#038;back=1\" target=\"_blank\" rel=\"noopener\"><span style=\"color: #e47025\">https:\/\/my.matterport.com\/<\/span><\/a><\/p>\n<p>Konsol\u0117 MILANO MI-konsol\u0117. Spalva balta matin\u0117 \/ milano rie\u0161utmed\u017eio.<br \/>\nMILANO baldai pasi\u017eymi eleganti\u0161komis formomis, auk\u0161ta kokybe ir funkcionalumu. Tokie baldai papuo\u0161 bet kur\u012f kambar\u012f. Med\u017eiaga: alksnio masyvas, MDF, alksnio fanera.<br \/>\nKojel\u0117s: med\u017eio masyvas. Konsol\u0117 traukia d\u0117mes\u012f savo lengvu apdirbimu, kurioje \u0161ilta rie\u0161uto spalva derinama su baltomis grak\u0161\u010diai i\u0161lenktomis kojel\u0117mis. I\u0161lenktos kojel\u0117s suteikia kolekcijai \u017eavesio, o originali pagrindo forma sukuria unikal\u0173 charakter\u012f. Plati Milano kolekcija leis jums \u012frengti valgomuosius, svetaines ir net miegamuosius.\u00a0<\/p>","protected":false},"excerpt":{"rendered":"<p>\u016agis, cm: 77,5<br \/>\nPlotis, cm: 118<br \/>\nGylis, cm: 52,7<\/p>","protected":false},"featured_media":247214,"comment_status":"open","ping_status":"open","template":"","meta":[],"product_brand":[],"product_cat":[9683,1237,5572],"product_tag":[],"class_list":{"0":"post-247213","1":"product","2":"type-product","3":"status-publish","4":"has-post-thumbnail","6":"product_cat-furniture-system-milano-taranko","7":"product_cat-dressing-tables","8":"product_cat-taranko-meble","10":"first","11":"instock","12":"purchasable","13":"product-type-simple"},"_links":{"self":[{"href":"https:\/\/baldumarket.lt\/lt\/wp-json\/wp\/v2\/product\/247213","targetHints":{"allow":["GET"]}}],"collection":[{"href":"https:\/\/baldumarket.lt\/lt\/wp-json\/wp\/v2\/product"}],"about":[{"href":"https:\/\/baldumarket.lt\/lt\/wp-json\/wp\/v2\/types\/product"}],"replies":[{"embeddable":true,"href":"https:\/\/baldumarket.lt\/lt\/wp-json\/wp\/v2\/comments?post=247213"}],"wp:featuredmedia":[{"embeddable":true,"href":"https:\/\/baldumarket.lt\/lt\/wp-json\/wp\/v2\/media\/247214"}],"wp:attachment":[{"href":"https:\/\/baldumarket.lt\/lt\/wp-json\/wp\/v2\/media?parent=247213"}],"wp:term":[{"taxonomy":"product_brand","embeddable":true,"href":"https:\/\/baldumarket.lt\/lt\/wp-json\/wp\/v2\/product_brand?post=247213"},{"taxonomy":"product_cat","embeddable":true,"href":"https:\/\/baldumarket.lt\/lt\/wp-json\/wp\/v2\/product_cat?post=247213"},{"taxonomy":"product_tag","embeddable":true,"href":"https:\/\/baldumarket.lt\/lt\/wp-json\/wp\/v2\/product_tag?post=247213"}],"curies":[{"name":"wp","href":"https:\/\/api.w.org\/{rel}","templated":true}]}}