{"id":247162,"date":"2026-01-10T15:07:16","date_gmt":"2026-01-10T12:07:16","guid":{"rendered":"https:\/\/baldumarket.lt\/product\/komoda-wysoka-prato-pr-w-1-2-lp\/"},"modified":"2026-04-08T10:46:28","modified_gmt":"2026-04-08T07:46:28","slug":"komoda-wysoka-prato-pr-w-1-2-lp","status":"publish","type":"product","link":"https:\/\/baldumarket.lt\/lt\/product\/komoda-wysoka-prato-pr-w-1-2-lp\/","title":{"rendered":"PRATO auk\u0161ta komoda PR-W 1\/2 K, P"},"content":{"rendered":"<h5><span style=\"color: #54859b\">Apsilankykite m\u016bs\u0173 virtualioje TARANKO prek\u0117s \u017eenklo parduotuv\u0117je<\/span><\/h5>\n<p> <a href=\"https:\/\/my.matterport.com\/show\/?m=a9ocyRk8GfK&#038;play=1&#038;back=1\" target=\"_blank\" rel=\"noopener\"><span style=\"color: #e47025\">https:\/\/my.matterport.com\/<\/span><\/a><\/p>\n<p>Auk\u0161ta komoda PRATO PR-W 1\/2. Klasikiniai apvali\u0173 form\u0173, nesenstan\u010dio dizaino ra\u0161tai sudaro \u0161i\u0105 gra\u017ei\u0105, lengv\u0105 kolekcij\u0105. \u0160ilta vy\u0161ni\u0173 spalva suteiks \u017eavesio svetainei, o \u017ealvarin\u0117s rankenos suteiks baldams i\u0161skirtinumo.<br \/>\nSvarbu pasirinkti dur\u0173 atidarymo pus\u0119. Su foniniu ap\u0161vietimu.<br \/>\nKorpuso med\u017eiaga: nat\u016bralus luk\u0161tas, laminuota plok\u0161t\u0117.<br \/>\nFasado med\u017eiaga: med\u017eio masyvas, nat\u016bralus luk\u0161tas.<br \/>\nKojel\u0117s: med\u017eio masyvas.<br \/>\nNaudojami vyriai ir kreipian\u010diosios su tylaus u\u017edarymo sistema. PRATO baldai traukia d\u0117mes\u012f savo nuostabia forma, elegancija ir apdailos puo\u0161numu.\u00a0<\/p>","protected":false},"excerpt":{"rendered":"<p>\u016agis, cm: 207,5<br \/>\nPlotis, cm: 64<br \/>\nGylis, cm: 44<\/p>","protected":false},"featured_media":247163,"comment_status":"open","ping_status":"open","template":"","meta":[],"product_brand":[],"product_cat":[9706,5572,2006],"product_tag":[],"class_list":{"0":"post-247162","1":"product","2":"type-product","3":"status-publish","4":"has-post-thumbnail","6":"product_cat-furniture-system-prato-taranko","7":"product_cat-taranko-meble","8":"product_cat-vitrines","10":"first","11":"instock","12":"purchasable","13":"product-type-simple"},"_links":{"self":[{"href":"https:\/\/baldumarket.lt\/lt\/wp-json\/wp\/v2\/product\/247162","targetHints":{"allow":["GET"]}}],"collection":[{"href":"https:\/\/baldumarket.lt\/lt\/wp-json\/wp\/v2\/product"}],"about":[{"href":"https:\/\/baldumarket.lt\/lt\/wp-json\/wp\/v2\/types\/product"}],"replies":[{"embeddable":true,"href":"https:\/\/baldumarket.lt\/lt\/wp-json\/wp\/v2\/comments?post=247162"}],"wp:featuredmedia":[{"embeddable":true,"href":"https:\/\/baldumarket.lt\/lt\/wp-json\/wp\/v2\/media\/247163"}],"wp:attachment":[{"href":"https:\/\/baldumarket.lt\/lt\/wp-json\/wp\/v2\/media?parent=247162"}],"wp:term":[{"taxonomy":"product_brand","embeddable":true,"href":"https:\/\/baldumarket.lt\/lt\/wp-json\/wp\/v2\/product_brand?post=247162"},{"taxonomy":"product_cat","embeddable":true,"href":"https:\/\/baldumarket.lt\/lt\/wp-json\/wp\/v2\/product_cat?post=247162"},{"taxonomy":"product_tag","embeddable":true,"href":"https:\/\/baldumarket.lt\/lt\/wp-json\/wp\/v2\/product_tag?post=247162"}],"curies":[{"name":"wp","href":"https:\/\/api.w.org\/{rel}","templated":true}]}}