{"id":247156,"date":"2026-01-10T15:07:10","date_gmt":"2026-01-10T12:07:10","guid":{"rendered":"https:\/\/baldumarket.lt\/product\/komoda-wysoka-monaco-mo-k3\/"},"modified":"2026-04-08T10:26:07","modified_gmt":"2026-04-08T07:26:07","slug":"komoda-wysoka-monaco-mo-k3","status":"publish","type":"product","link":"https:\/\/baldumarket.lt\/lt\/product\/komoda-wysoka-monaco-mo-k3\/","title":{"rendered":"MONACO MO-K3 auk\u0161tas komoda"},"content":{"rendered":"<h5><span style=\"color: #54859b\">Apsilankykite m\u016bs\u0173 virtualioje TARANKO prek\u0117s \u017eenklo parduotuv\u0117je<\/span><\/h5>\n<p> <a href=\"https:\/\/my.matterport.com\/show\/?m=a9ocyRk8GfK&#038;play=1&#038;back=1\" target=\"_blank\" rel=\"noopener\"><span style=\"color: #e47025\">https:\/\/my.matterport.com\/<\/span><\/a><\/p>\n<p>Auk\u0161ta komoda MONACO MO-K3 \u2013 tai papildomas MONACO bibliotekos priedas, skirtas sukurti visavert\u0119 darbo aplink\u0105. Auk\u0161\u010diausia nat\u016bralios medienos kokyb\u0117, linij\u0173 sant\u016brumas ir elegancija, dekoratyvin\u0117s \u0161onin\u0117s sienel\u0117s, rai\u017eyti karnizai ir tinkamai parinkta furnit\u016bra suteikia Taranka MONACO baldams ypatingo taurumo ir rafinuotumo. Korpuso med\u017eiaga: laminuota med\u017eio dro\u017eli\u0173 plok\u0161t\u0117.<br \/>\nFasado med\u017eiaga: med\u017eio masyvas, nat\u016bralus luk\u0161tas.<br \/>\nApdaila: med\u017eio masyvas.<br \/>\nNaudojami vyriai ir kreipian\u010diosios su tylaus u\u017edarymo sistema. \u201eMonaco\u201c baldai \u2013 tai modulin\u0117 kolekcija biurams ir nam\u0173 bibliotekoms, pagaminta klasikiniu stiliumi.\u00a0<\/p>","protected":false},"excerpt":{"rendered":"<p>\u016agis, cm: 119,8<br \/>\nPlotis, cm: 140<br \/>\nGylis, cm: 44<\/p>","protected":false},"featured_media":247157,"comment_status":"open","ping_status":"open","template":"","meta":[],"product_brand":[],"product_cat":[9692,1173,5572],"product_tag":[],"class_list":{"0":"post-247156","1":"product","2":"type-product","3":"status-publish","4":"has-post-thumbnail","6":"product_cat-furniture-system-monaco-taranko","7":"product_cat-chests-of-drawers","8":"product_cat-taranko-meble","10":"first","11":"instock","12":"purchasable","13":"product-type-simple"},"_links":{"self":[{"href":"https:\/\/baldumarket.lt\/lt\/wp-json\/wp\/v2\/product\/247156","targetHints":{"allow":["GET"]}}],"collection":[{"href":"https:\/\/baldumarket.lt\/lt\/wp-json\/wp\/v2\/product"}],"about":[{"href":"https:\/\/baldumarket.lt\/lt\/wp-json\/wp\/v2\/types\/product"}],"replies":[{"embeddable":true,"href":"https:\/\/baldumarket.lt\/lt\/wp-json\/wp\/v2\/comments?post=247156"}],"wp:featuredmedia":[{"embeddable":true,"href":"https:\/\/baldumarket.lt\/lt\/wp-json\/wp\/v2\/media\/247157"}],"wp:attachment":[{"href":"https:\/\/baldumarket.lt\/lt\/wp-json\/wp\/v2\/media?parent=247156"}],"wp:term":[{"taxonomy":"product_brand","embeddable":true,"href":"https:\/\/baldumarket.lt\/lt\/wp-json\/wp\/v2\/product_brand?post=247156"},{"taxonomy":"product_cat","embeddable":true,"href":"https:\/\/baldumarket.lt\/lt\/wp-json\/wp\/v2\/product_cat?post=247156"},{"taxonomy":"product_tag","embeddable":true,"href":"https:\/\/baldumarket.lt\/lt\/wp-json\/wp\/v2\/product_tag?post=247156"}],"curies":[{"name":"wp","href":"https:\/\/api.w.org\/{rel}","templated":true}]}}