{"id":247147,"date":"2026-01-10T15:07:00","date_gmt":"2026-01-10T12:07:00","guid":{"rendered":"https:\/\/baldumarket.lt\/product\/komoda-wysoka-i-szeroka-verona-v-ksz\/"},"modified":"2026-04-08T11:38:33","modified_gmt":"2026-04-08T08:38:33","slug":"komoda-wysoka-i-szeroka-verona-v-ksz","status":"publish","type":"product","link":"https:\/\/baldumarket.lt\/lt\/product\/komoda-wysoka-i-szeroka-verona-v-ksz\/","title":{"rendered":"Auk\u0161ta ir plati komoda VERONA V-Ksz"},"content":{"rendered":"<h5><span style=\"color: #54859b\">Apsilankykite m\u016bs\u0173 virtualioje TARANKO prek\u0117s \u017eenklo parduotuv\u0117je<\/span><\/h5>\n<p> <a href=\"https:\/\/my.matterport.com\/show\/?m=a9ocyRk8GfK&#038;play=1&#038;back=1\" target=\"_blank\" rel=\"noopener\"><span style=\"color: #e47025\">https:\/\/my.matterport.com\/<\/span><\/a><\/p>\n<p>Auk\u0161ta ir plati komoda VERONA V-KszTai platus valgomojo, svetain\u0117s, miegamojo, darbo kambario ir drabu\u017eio spintos bald\u0173 pasirinkimas. B\u016bdingas \u0161ios kolekcijos bruo\u017eas \u2013 gra\u017eiai dekoruoti ra\u0161tai ir eleganti\u0161ka kiekvieno bloko apdaila, suteikianti baldams klasikinio charakterio. \u0160ios kolekcijos baldai sukurs unikali\u0105 interjero atmosfer\u0105, o pakankamai solidus asortimentas leis \u012frengti bet kok\u012f kambar\u012f, nepriklausomai nuo jo dyd\u017eio.<br \/>\nGra\u017ei\u0105 form\u0105 pabr\u0117\u017eia auk\u0161ta panaudot\u0173 med\u017eiag\u0173 kokyb\u0117 (alksnio mediena ir alksnio faneros elementai). Baldai si\u016blomi keturi\u0173 spalv\u0173: ruda, balta, balta patina, kremin\u0117, kremin\u0117 patina. Fasado med\u017eiaga: alksnio mediena ir alksnio fanera.<br \/>\nKorpuso med\u017eiaga: MDF, laminuota alksnio fanera<br \/>\nKojel\u0117s: tvirta alksnio arba buko mediena.\u00a0<\/p>","protected":false},"excerpt":{"rendered":"<p>\u016agis, cm: 133,2<br \/>\nPlotis, cm: 148,3<br \/>\nGylis, cm: 45,6<\/p>","protected":false},"featured_media":247148,"comment_status":"open","ping_status":"open","template":"","meta":[],"product_brand":[],"product_cat":[9684,1173,5572],"product_tag":[],"class_list":{"0":"post-247147","1":"product","2":"type-product","3":"status-publish","4":"has-post-thumbnail","6":"product_cat-furniture-system-verona-taranko","7":"product_cat-chests-of-drawers","8":"product_cat-taranko-meble","10":"first","11":"instock","12":"purchasable","13":"product-type-simple"},"_links":{"self":[{"href":"https:\/\/baldumarket.lt\/lt\/wp-json\/wp\/v2\/product\/247147","targetHints":{"allow":["GET"]}}],"collection":[{"href":"https:\/\/baldumarket.lt\/lt\/wp-json\/wp\/v2\/product"}],"about":[{"href":"https:\/\/baldumarket.lt\/lt\/wp-json\/wp\/v2\/types\/product"}],"replies":[{"embeddable":true,"href":"https:\/\/baldumarket.lt\/lt\/wp-json\/wp\/v2\/comments?post=247147"}],"wp:featuredmedia":[{"embeddable":true,"href":"https:\/\/baldumarket.lt\/lt\/wp-json\/wp\/v2\/media\/247148"}],"wp:attachment":[{"href":"https:\/\/baldumarket.lt\/lt\/wp-json\/wp\/v2\/media?parent=247147"}],"wp:term":[{"taxonomy":"product_brand","embeddable":true,"href":"https:\/\/baldumarket.lt\/lt\/wp-json\/wp\/v2\/product_brand?post=247147"},{"taxonomy":"product_cat","embeddable":true,"href":"https:\/\/baldumarket.lt\/lt\/wp-json\/wp\/v2\/product_cat?post=247147"},{"taxonomy":"product_tag","embeddable":true,"href":"https:\/\/baldumarket.lt\/lt\/wp-json\/wp\/v2\/product_tag?post=247147"}],"curies":[{"name":"wp","href":"https:\/\/api.w.org\/{rel}","templated":true}]}}