{"id":247142,"date":"2026-01-10T15:06:55","date_gmt":"2026-01-10T12:06:55","guid":{"rendered":"https:\/\/baldumarket.lt\/product\/komoda-wysoka-diament-di-w1-2-lp\/"},"modified":"2026-04-08T09:28:34","modified_gmt":"2026-04-08T06:28:34","slug":"komoda-wysoka-diament-di-w1-2-lp","status":"publish","type":"product","link":"https:\/\/baldumarket.lt\/lt\/product\/komoda-wysoka-diament-di-w1-2-lp\/","title":{"rendered":"Auk\u0161ta komoda DIAMOND DI-W1\/2 K,P"},"content":{"rendered":"<h5><span style=\"color: #54859b\">Apsilankykite m\u016bs\u0173 virtualioje TARANKO prek\u0117s \u017eenklo parduotuv\u0117je<\/span><\/h5>\n<p> <a href=\"https:\/\/my.matterport.com\/show\/?m=a9ocyRk8GfK&#038;play=1&#038;back=1\" target=\"_blank\" rel=\"noopener\"><span style=\"color: #e47025\">https:\/\/my.matterport.com\/<\/span><\/a><\/p>\n<p>Auk\u0161ta indauja DIAMENT DI-W1\/2. I\u0161skirtin\u0117 kolekcija su 3D fasadu ir jaukia nat\u016bralaus \u0105\u017euolo apdaila sukuria unikal\u0173 ir subtil\u0173 charakter\u012f. \u0160iuolaikinio modernumo i\u0161rai\u0161ka, dvelkianti praeities nostalgija. Geometrinis 3D fasadas ir lenktos \u0105\u017euolo kojel\u0117s suteikia ypatingo \u017eavesio. Baldai komplektuojami su vidiniu ap\u0161vietimu.<br \/>\nGalimi du spalv\u0173 deriniai: nat\u016bralus \u0105\u017euolas \/ balta matin\u0117 ir nat\u016bralus \u0105\u017euolas \/ grafitas matinis, arba dera su abiem.<br \/>\nSvarbu pasirinkti dur\u0173 atidarymo pus\u0119. Su foniniu ap\u0161vietimu.<br \/>\nKorpuso med\u017eiaga: MDF, laminuota \u0105\u017euolo fanera.<br \/>\nFasado med\u017eiaga: MDF.<br \/>\nKojel\u0117s: med\u017eio masyvas.\u00a0<\/p>","protected":false},"excerpt":{"rendered":"<p>Auk\u0161tis, cm: 204<br \/>\nPlotis, cm: 65,7<br \/>\nGylis, cm: 41,5<\/p>","protected":false},"featured_media":247143,"comment_status":"open","ping_status":"open","template":"","meta":[],"product_brand":[],"product_cat":[9695,5572,2006],"product_tag":[],"class_list":{"0":"post-247142","1":"product","2":"type-product","3":"status-publish","4":"has-post-thumbnail","6":"product_cat-furniture-system-diamond-taranko","7":"product_cat-taranko-meble","8":"product_cat-vitrines","10":"first","11":"instock","12":"purchasable","13":"product-type-simple"},"_links":{"self":[{"href":"https:\/\/baldumarket.lt\/lt\/wp-json\/wp\/v2\/product\/247142","targetHints":{"allow":["GET"]}}],"collection":[{"href":"https:\/\/baldumarket.lt\/lt\/wp-json\/wp\/v2\/product"}],"about":[{"href":"https:\/\/baldumarket.lt\/lt\/wp-json\/wp\/v2\/types\/product"}],"replies":[{"embeddable":true,"href":"https:\/\/baldumarket.lt\/lt\/wp-json\/wp\/v2\/comments?post=247142"}],"wp:featuredmedia":[{"embeddable":true,"href":"https:\/\/baldumarket.lt\/lt\/wp-json\/wp\/v2\/media\/247143"}],"wp:attachment":[{"href":"https:\/\/baldumarket.lt\/lt\/wp-json\/wp\/v2\/media?parent=247142"}],"wp:term":[{"taxonomy":"product_brand","embeddable":true,"href":"https:\/\/baldumarket.lt\/lt\/wp-json\/wp\/v2\/product_brand?post=247142"},{"taxonomy":"product_cat","embeddable":true,"href":"https:\/\/baldumarket.lt\/lt\/wp-json\/wp\/v2\/product_cat?post=247142"},{"taxonomy":"product_tag","embeddable":true,"href":"https:\/\/baldumarket.lt\/lt\/wp-json\/wp\/v2\/product_tag?post=247142"}],"curies":[{"name":"wp","href":"https:\/\/api.w.org\/{rel}","templated":true}]}}