{"id":247138,"date":"2026-01-10T15:06:50","date_gmt":"2026-01-10T12:06:50","guid":{"rendered":"https:\/\/baldumarket.lt\/product\/komoda-wysoka-aspen-as-w1-2-lp\/"},"modified":"2026-02-17T14:00:39","modified_gmt":"2026-02-17T11:00:39","slug":"komoda-wysoka-aspen-as-w1-2-lp","status":"publish","type":"product","link":"https:\/\/baldumarket.lt\/lt\/product\/komoda-wysoka-aspen-as-w1-2-lp\/","title":{"rendered":"ASPEN AS-W1\/2 auk\u0161ta komoda (K, D)"},"content":{"rendered":"<h5><span style=\"color: #54859b\">Apsilankykite m\u016bs\u0173 virtualioje TARANKO prek\u0117s \u017eenklo parduotuv\u0117je<\/span><\/h5>\n<p> <a href=\"https:\/\/my.matterport.com\/show\/?m=a9ocyRk8GfK&#038;play=1&#038;back=1\" target=\"_blank\" rel=\"noopener\"><span style=\"color: #e47025\">https:\/\/my.matterport.com\/<\/span><\/a><\/p>\n<p>Auk\u0161ta indauja ASPEN AS-W1\/2. Moderni baldo forma gra\u017eiai dera su nat\u016bralia \u0105\u017euolo medienos strukt\u016bra ir subtiliai ap\u0161vie\u010dia vitrin\u0173 interjer\u0105.<br \/>\nModernus minimalizmas leid\u017eia atskleisti gra\u017eiausius dalykus aplink jus. Kolekcijoje gausu detali\u0173, toki\u0173 kaip vitrinos, komodos, televizoriaus spintel\u0117s, kurios leid\u017eia sutvarkyti bet kok\u012f interjer\u0105, o ra\u0161omieji stalai ir knyg\u0173 lentynos taip pat leis sukurti darbo kambar\u012f.<br \/>\nKolekcijoje naudotos spalvos: blizgi balta ir nat\u016bralus \u0105\u017euolas.<br \/>\nSvarbu pasirinkti dur\u0173 atidarymo pus\u0119Vitrinos su foniniu ap\u0161vietimu.<br \/>\nKorpuso med\u017eiaga: MDF plok\u0161t\u0117, laminuota PVC folija.<br \/>\nFasado med\u017eiaga: blizgi PVC pl\u0117vel\u0117.<br \/>\nPadas ir vir\u0161us: nat\u016bralus \u0105\u017euolo luk\u0161tas<br \/>\nKojel\u0117s: med\u017eio masyvas.\u00a0<\/p>","protected":false},"excerpt":{"rendered":"<p>Auk\u0161tis, cm: 205<br \/>\nPlotis, cm: 67<br \/>\nGylis, cm: 43,4<\/p>","protected":false},"featured_media":247139,"comment_status":"open","ping_status":"open","template":"","meta":[],"product_brand":[],"product_cat":[9690,5572,2006],"product_tag":[],"class_list":{"0":"post-247138","1":"product","2":"type-product","3":"status-publish","4":"has-post-thumbnail","6":"product_cat-furniture-system-aspen-taranko","7":"product_cat-taranko-meble","8":"product_cat-vitrines","10":"first","11":"instock","12":"purchasable","13":"product-type-simple"},"_links":{"self":[{"href":"https:\/\/baldumarket.lt\/lt\/wp-json\/wp\/v2\/product\/247138","targetHints":{"allow":["GET"]}}],"collection":[{"href":"https:\/\/baldumarket.lt\/lt\/wp-json\/wp\/v2\/product"}],"about":[{"href":"https:\/\/baldumarket.lt\/lt\/wp-json\/wp\/v2\/types\/product"}],"replies":[{"embeddable":true,"href":"https:\/\/baldumarket.lt\/lt\/wp-json\/wp\/v2\/comments?post=247138"}],"wp:featuredmedia":[{"embeddable":true,"href":"https:\/\/baldumarket.lt\/lt\/wp-json\/wp\/v2\/media\/247139"}],"wp:attachment":[{"href":"https:\/\/baldumarket.lt\/lt\/wp-json\/wp\/v2\/media?parent=247138"}],"wp:term":[{"taxonomy":"product_brand","embeddable":true,"href":"https:\/\/baldumarket.lt\/lt\/wp-json\/wp\/v2\/product_brand?post=247138"},{"taxonomy":"product_cat","embeddable":true,"href":"https:\/\/baldumarket.lt\/lt\/wp-json\/wp\/v2\/product_cat?post=247138"},{"taxonomy":"product_tag","embeddable":true,"href":"https:\/\/baldumarket.lt\/lt\/wp-json\/wp\/v2\/product_tag?post=247138"}],"curies":[{"name":"wp","href":"https:\/\/api.w.org\/{rel}","templated":true}]}}