{"id":247132,"date":"2026-01-10T15:06:41","date_gmt":"2026-01-10T12:06:41","guid":{"rendered":"https:\/\/baldumarket.lt\/product\/komoda-wersal-w-k3b\/"},"modified":"2026-04-08T11:48:08","modified_gmt":"2026-04-08T08:48:08","slug":"komoda-wersal-w-k3b","status":"publish","type":"product","link":"https:\/\/baldumarket.lt\/lt\/product\/komoda-wersal-w-k3b\/","title":{"rendered":"Komoda WERSAL W-K3B"},"content":{"rendered":"<h5><span style=\"color: #54859b\">Apsilankykite m\u016bs\u0173 virtualioje TARANKO prek\u0117s \u017eenklo parduotuv\u0117je<\/span><\/h5>\n<p> <a href=\"https:\/\/my.matterport.com\/show\/?m=a9ocyRk8GfK&#038;play=1&#038;back=1\" target=\"_blank\" rel=\"noopener\"><span style=\"color: #e47025\">https:\/\/my.matterport.com\/<\/span><\/a><\/p>\n<p>Komoda-indauja WERSAL W-K3BYlabai gausi kolekcija, klasikinis stilius, eleganti\u0161kos formos ir i\u0161skirtinis dizainas, auk\u0161\u010diausia bald\u0173 kokyb\u0117.<br \/>\n\u017dalvarin\u0117s rankenos. Galimos \u0161e\u0161ios spalv\u0173 parinktys.<br \/>\nAuk\u0161tos kokyb\u0117s, patikima, patvari kolekcija, perduodama i\u0161 kartos \u012f kart\u0105. Tikri gro\u017eio ir spindesio \u017einovai tikrai \u012fvertins \u201eWERSAL\u201c kolekcij\u0105. Korpuso med\u017eiaga: MDF, laminuota alksnio fanera.<br \/>\nR\u0117mas: tvirta alksnio mediena<br \/>\nFasado med\u017eiaga: nat\u016bralus vy\u0161nios faneruot\u0117.<br \/>\nKojel\u0117s: med\u017eio masyvas.<br \/>\nNugara: veidrodis. Puo\u0161nus itali\u0161ko stiliaus vaizdas, auk\u0161ta kokyb\u0117, klasikin\u0117 elegancija.<\/p>","protected":false},"excerpt":{"rendered":"<p>\u016agis, cm: 113,8<br \/>\nPlotis, cm: 120,5<br \/>\nGylis, cm: 51,5<\/p>","protected":false},"featured_media":247133,"comment_status":"open","ping_status":"open","template":"","meta":[],"product_brand":[],"product_cat":[9679,1173,5572],"product_tag":[],"class_list":{"0":"post-247132","1":"product","2":"type-product","3":"status-publish","4":"has-post-thumbnail","6":"product_cat-furniture-system-wersal-taranko","7":"product_cat-chests-of-drawers","8":"product_cat-taranko-meble","10":"first","11":"instock","12":"purchasable","13":"product-type-simple"},"_links":{"self":[{"href":"https:\/\/baldumarket.lt\/lt\/wp-json\/wp\/v2\/product\/247132","targetHints":{"allow":["GET"]}}],"collection":[{"href":"https:\/\/baldumarket.lt\/lt\/wp-json\/wp\/v2\/product"}],"about":[{"href":"https:\/\/baldumarket.lt\/lt\/wp-json\/wp\/v2\/types\/product"}],"replies":[{"embeddable":true,"href":"https:\/\/baldumarket.lt\/lt\/wp-json\/wp\/v2\/comments?post=247132"}],"wp:featuredmedia":[{"embeddable":true,"href":"https:\/\/baldumarket.lt\/lt\/wp-json\/wp\/v2\/media\/247133"}],"wp:attachment":[{"href":"https:\/\/baldumarket.lt\/lt\/wp-json\/wp\/v2\/media?parent=247132"}],"wp:term":[{"taxonomy":"product_brand","embeddable":true,"href":"https:\/\/baldumarket.lt\/lt\/wp-json\/wp\/v2\/product_brand?post=247132"},{"taxonomy":"product_cat","embeddable":true,"href":"https:\/\/baldumarket.lt\/lt\/wp-json\/wp\/v2\/product_cat?post=247132"},{"taxonomy":"product_tag","embeddable":true,"href":"https:\/\/baldumarket.lt\/lt\/wp-json\/wp\/v2\/product_tag?post=247132"}],"curies":[{"name":"wp","href":"https:\/\/api.w.org\/{rel}","templated":true}]}}