{"id":24712,"date":"2025-11-14T16:07:38","date_gmt":"2025-11-14T13:07:38","guid":{"rendered":"https:\/\/baldumarket.lt\/product\/blodwen-grey-160x220\/"},"modified":"2026-03-24T18:20:53","modified_gmt":"2026-03-24T15:20:53","slug":"blodwen-grey-160x220","status":"publish","type":"product","link":"https:\/\/baldumarket.lt\/lt\/product\/blodwen-grey-160x220\/","title":{"rendered":"Blodwen pilka 160\u00d7220"},"content":{"rendered":"<p>Pilkas \u201eBlodwen\u201c p\u016bkuotas kilimas puikiai tinka moderniam interjerui. Jo p\u016bkuotas pavir\u0161ius s\u0117kmingai suteiks \u0161ilumos j\u016bs\u0173 aplinkai, tod\u0117l j\u016bs\u0173 poilsio zona taps \u017eymiai jaukesn\u0117. Pagamintas i\u0161 poliesterio si\u016bl\u0173, jis pasi\u017eymi dideliu atsparumu pa\u017eeidimams, dilimui ir trin\u010diai, taip pat yra atsparus ne\u0161varumams. Be to, jis atsparus kenksmingoms mikrob\u0173 atakoms \u2013 savyb\u0117, kuri\u0105 vertina alergi\u0161ki \u017emon\u0117s.<\/p>","protected":false},"excerpt":{"rendered":"<p>Pilkas \u201eBlodwen\u201c p\u016bkuotas kilimas puikiai tinka moderniam interjerui. Jo p\u016bkuotas pavir\u0161ius s\u0117kmingai suteiks \u0161ilumos j\u016bs\u0173 aplinkai, tod\u0117l j\u016bs\u0173 poilsio zona taps \u017eymiai jaukesn\u0117. Pagamintas i\u0161 poliesterio si\u016bl\u0173, jis pasi\u017eymi dideliu atsparumu pa\u017eeidimams, dilimui ir trin\u010diai, taip pat yra atsparus ne\u0161varumams. Be to, jis atsparus kenksmingoms mikrob\u0173 atakoms \u2013 savyb\u0117, kuri\u0105 vertina [\u2026]<\/p>","protected":false},"featured_media":24704,"comment_status":"open","ping_status":"open","template":"","meta":[],"product_brand":[],"product_cat":[1167,2012],"product_tag":[],"class_list":{"0":"post-24712","1":"product","2":"type-product","3":"status-publish","4":"has-post-thumbnail","6":"product_cat-carpets","7":"product_cat-eltap","9":"first","10":"instock","11":"purchasable","12":"product-type-simple"},"_links":{"self":[{"href":"https:\/\/baldumarket.lt\/lt\/wp-json\/wp\/v2\/product\/24712","targetHints":{"allow":["GET"]}}],"collection":[{"href":"https:\/\/baldumarket.lt\/lt\/wp-json\/wp\/v2\/product"}],"about":[{"href":"https:\/\/baldumarket.lt\/lt\/wp-json\/wp\/v2\/types\/product"}],"replies":[{"embeddable":true,"href":"https:\/\/baldumarket.lt\/lt\/wp-json\/wp\/v2\/comments?post=24712"}],"wp:featuredmedia":[{"embeddable":true,"href":"https:\/\/baldumarket.lt\/lt\/wp-json\/wp\/v2\/media\/24704"}],"wp:attachment":[{"href":"https:\/\/baldumarket.lt\/lt\/wp-json\/wp\/v2\/media?parent=24712"}],"wp:term":[{"taxonomy":"product_brand","embeddable":true,"href":"https:\/\/baldumarket.lt\/lt\/wp-json\/wp\/v2\/product_brand?post=24712"},{"taxonomy":"product_cat","embeddable":true,"href":"https:\/\/baldumarket.lt\/lt\/wp-json\/wp\/v2\/product_cat?post=24712"},{"taxonomy":"product_tag","embeddable":true,"href":"https:\/\/baldumarket.lt\/lt\/wp-json\/wp\/v2\/product_tag?post=24712"}],"curies":[{"name":"wp","href":"https:\/\/api.w.org\/{rel}","templated":true}]}}