{"id":247116,"date":"2026-01-10T15:06:24","date_gmt":"2026-01-10T12:06:24","guid":{"rendered":"https:\/\/baldumarket.lt\/product\/komoda-waska-przeszklona-monaco-mo-12-lp\/"},"modified":"2026-04-08T10:26:07","modified_gmt":"2026-04-08T07:26:07","slug":"komoda-waska-przeszklona-monaco-mo-12-lp","status":"publish","type":"product","link":"https:\/\/baldumarket.lt\/lt\/product\/komoda-waska-przeszklona-monaco-mo-12-lp\/","title":{"rendered":"Siaura stiklin\u0117 komoda MONACO MO-12 L,P"},"content":{"rendered":"<h5><span style=\"color: #54859b\">Apsilankykite m\u016bs\u0173 virtualioje TARANKO prek\u0117s \u017eenklo parduotuv\u0117je<\/span><\/h5>\n<p> <a href=\"https:\/\/my.matterport.com\/show\/?m=a9ocyRk8GfK&#038;play=1&#038;back=1\" target=\"_blank\" rel=\"noopener\"><span style=\"color: #e47025\">https:\/\/my.matterport.com\/<\/span><\/a><\/p>\n<p>Siaura stiklin\u0117 indauja MONACO MO-12. Auk\u0161\u010diausia nat\u016bralios medienos kokyb\u0117, linij\u0173 sant\u016brumas ir elegancija, dekoratyvios \u0161onin\u0117s sienel\u0117s, rai\u017eyti karnizai, tinkamai parinkta furnit\u016bra suteikia MONACO baldams ypatingo kilnumo ir rafinuotumo.<br \/>\nSvarbu pasirinkti dureli\u0173 atidarymo pus\u0119, kar\u016bn\u0117l\u0117 ir stovas \u012feina \u012f komplekt\u0105. Ap\u0161vietimas: du ta\u0161kai, kuri\u0173 bendra galia \u2013 3 W. Nor\u0117dami naudoti ap\u0161vietim\u0105, papildomai turite \u012fsigyti: nuotolinio valdymo pult\u0105, maitinimo adapter\u012f ir \u0161akotuv\u0105. Korpuso med\u017eiaga: laminuota plok\u0161t\u0117.<br \/>\nFasado med\u017eiaga: med\u017eio masyvas, nat\u016bralus luk\u0161tas.<br \/>\nApdaila: med\u017eio masyvas.<br \/>\nNaudojami vyriai ir kreipian\u010diosios su tylaus u\u017edarymo sistema. \u201eMonaco\u201c baldai \u2013 tai modulin\u0117 kolekcija biurams ir nam\u0173 bibliotekoms, pagaminta klasikiniu stiliumi.\u00a0<\/p>","protected":false},"excerpt":{"rendered":"<p>\u016agis, cm: 225,6<br \/>\nPlotis, cm: 47,6<br \/>\nGylis, cm: 44<\/p>","protected":false},"featured_media":247117,"comment_status":"open","ping_status":"open","template":"","meta":[],"product_brand":[],"product_cat":[9692,5572,2006],"product_tag":[],"class_list":{"0":"post-247116","1":"product","2":"type-product","3":"status-publish","4":"has-post-thumbnail","6":"product_cat-furniture-system-monaco-taranko","7":"product_cat-taranko-meble","8":"product_cat-vitrines","10":"first","11":"instock","12":"purchasable","13":"product-type-simple"},"_links":{"self":[{"href":"https:\/\/baldumarket.lt\/lt\/wp-json\/wp\/v2\/product\/247116","targetHints":{"allow":["GET"]}}],"collection":[{"href":"https:\/\/baldumarket.lt\/lt\/wp-json\/wp\/v2\/product"}],"about":[{"href":"https:\/\/baldumarket.lt\/lt\/wp-json\/wp\/v2\/types\/product"}],"replies":[{"embeddable":true,"href":"https:\/\/baldumarket.lt\/lt\/wp-json\/wp\/v2\/comments?post=247116"}],"wp:featuredmedia":[{"embeddable":true,"href":"https:\/\/baldumarket.lt\/lt\/wp-json\/wp\/v2\/media\/247117"}],"wp:attachment":[{"href":"https:\/\/baldumarket.lt\/lt\/wp-json\/wp\/v2\/media?parent=247116"}],"wp:term":[{"taxonomy":"product_brand","embeddable":true,"href":"https:\/\/baldumarket.lt\/lt\/wp-json\/wp\/v2\/product_brand?post=247116"},{"taxonomy":"product_cat","embeddable":true,"href":"https:\/\/baldumarket.lt\/lt\/wp-json\/wp\/v2\/product_cat?post=247116"},{"taxonomy":"product_tag","embeddable":true,"href":"https:\/\/baldumarket.lt\/lt\/wp-json\/wp\/v2\/product_tag?post=247116"}],"curies":[{"name":"wp","href":"https:\/\/api.w.org\/{rel}","templated":true}]}}