{"id":247112,"date":"2026-01-10T15:06:20","date_gmt":"2026-01-10T12:06:20","guid":{"rendered":"https:\/\/baldumarket.lt\/product\/komoda-waska-i-niska-santos-sa1-w3-4-l-p\/"},"modified":"2026-04-08T10:46:28","modified_gmt":"2026-04-08T07:46:28","slug":"komoda-waska-i-niska-santos-sa1-w3-4-l-p","status":"publish","type":"product","link":"https:\/\/baldumarket.lt\/lt\/product\/komoda-waska-i-niska-santos-sa1-w3-4-l-p\/","title":{"rendered":"Siaura ir \u017eema komoda SANTOS SA1-W3\/4 L\/R"},"content":{"rendered":"<h5><span style=\"color: #54859b\">Apsilankykite m\u016bs\u0173 virtualioje TARANKO prek\u0117s \u017eenklo parduotuv\u0117je<\/span><\/h5>\n<p> <a href=\"https:\/\/my.matterport.com\/show\/?m=a9ocyRk8GfK&#038;play=1&#038;back=1\" target=\"_blank\" rel=\"noopener\"><span style=\"color: #e47025\">https:\/\/my.matterport.com\/<\/span><\/a><\/p>\n<p>Siaura ir \u017eema indauja SANTOS SA1-W3\/4. I\u0161skirtin\u0117 kolekcija su 3D fasadu ir nat\u016bralios \u0105\u017euolo medienos tekst\u016bra sukuria \u0161ilt\u0105, \u0161iuolaiki\u0161k\u0105 charakter\u012f. Juodos plienin\u0117s kojel\u0117s ir juoda apdaila \u2013 \u0161iuolaikinio modernumo i\u0161rai\u0161ka, dvelkianti praeities nostalgija. Vitrinoms panaudota \u0161iurk\u0161ti tekst\u016bruota nugara, o subtilus lentyn\u0173 ap\u0161vietimas pabr\u0117\u017eia \u0105\u017euolo konstrukcijos \u017eaves\u012f.<br \/>\nSvarbu pasirinkti dur\u0173 atidarymo pus\u0119Vitrinos su foniniu ap\u0161vietimu.<br \/>\nVir\u0161us: MDF, laminuotas \u0105\u017euolo fanera.<br \/>\nFasadas: \u0105\u017euolo mediena, fanera<br \/>\nKojel\u0117s: juodas plienas. Baldai su madingu, nat\u016bralaus \u0105\u017euolo, rai\u017eyto reljefo fasadu suteiks jaukumo tiek svetainei, tiek valgomajam.<\/p>","protected":false},"excerpt":{"rendered":"<p>Auk\u0161tis, cm: 170<br \/>\nPlotis, cm: 70<br \/>\nGylis, cm: 40<\/p>","protected":false},"featured_media":247113,"comment_status":"open","ping_status":"open","template":"","meta":[],"product_brand":[],"product_cat":[9703,5572,2006],"product_tag":[],"class_list":{"0":"post-247112","1":"product","2":"type-product","3":"status-publish","4":"has-post-thumbnail","6":"product_cat-furniture-system-santos-i-taranko","7":"product_cat-taranko-meble","8":"product_cat-vitrines","10":"first","11":"instock","12":"purchasable","13":"product-type-simple"},"_links":{"self":[{"href":"https:\/\/baldumarket.lt\/lt\/wp-json\/wp\/v2\/product\/247112","targetHints":{"allow":["GET"]}}],"collection":[{"href":"https:\/\/baldumarket.lt\/lt\/wp-json\/wp\/v2\/product"}],"about":[{"href":"https:\/\/baldumarket.lt\/lt\/wp-json\/wp\/v2\/types\/product"}],"replies":[{"embeddable":true,"href":"https:\/\/baldumarket.lt\/lt\/wp-json\/wp\/v2\/comments?post=247112"}],"wp:featuredmedia":[{"embeddable":true,"href":"https:\/\/baldumarket.lt\/lt\/wp-json\/wp\/v2\/media\/247113"}],"wp:attachment":[{"href":"https:\/\/baldumarket.lt\/lt\/wp-json\/wp\/v2\/media?parent=247112"}],"wp:term":[{"taxonomy":"product_brand","embeddable":true,"href":"https:\/\/baldumarket.lt\/lt\/wp-json\/wp\/v2\/product_brand?post=247112"},{"taxonomy":"product_cat","embeddable":true,"href":"https:\/\/baldumarket.lt\/lt\/wp-json\/wp\/v2\/product_cat?post=247112"},{"taxonomy":"product_tag","embeddable":true,"href":"https:\/\/baldumarket.lt\/lt\/wp-json\/wp\/v2\/product_tag?post=247112"}],"curies":[{"name":"wp","href":"https:\/\/api.w.org\/{rel}","templated":true}]}}