{"id":247066,"date":"2026-01-10T15:05:45","date_gmt":"2026-01-10T12:05:45","guid":{"rendered":"https:\/\/baldumarket.lt\/product\/komoda-rostock-ro-k3\/"},"modified":"2026-04-08T10:46:17","modified_gmt":"2026-04-08T07:46:17","slug":"komoda-rostock-ro-k3","status":"publish","type":"product","link":"https:\/\/baldumarket.lt\/lt\/product\/komoda-rostock-ro-k3\/","title":{"rendered":"ROSTOCK RO-K3 komoda"},"content":{"rendered":"<h5><span style=\"color: #54859b\">Apsilankykite m\u016bs\u0173 virtualioje TARANKO prek\u0117s \u017eenklo parduotuv\u0117je<\/span><\/h5>\n<p> <a href=\"https:\/\/my.matterport.com\/show\/?m=a9ocyRk8GfK&#038;play=1&#038;back=1\" target=\"_blank\" rel=\"noopener\"><span style=\"color: #e47025\">https:\/\/my.matterport.com\/<\/span><\/a><\/p>\n<p>Komoda ROSTOCK RO-K3\u0160ioje kolekcijoje dar labiau i\u0161ry\u0161k\u0117ja ir puikiai dera tarpusavyje juodos matin\u0117s spalvos nat\u016bralaus \u0105\u017euolo pajuod\u0119 \u012ftr\u016bkimai, grioveliai ir \u0161akos. Pary\u0161kinta ir pajuodinta \u0105\u017euolo element\u0173 strukt\u016bra su juodais \u012ftr\u016bkimais ir grioveliais suteikia kolekcijai i\u0161rai\u0161kingumo ir pa\u012fvairina subtil\u0173 spalv\u0173 kontrast\u0105. Ma\u017eos juodos metalin\u0117s ranken\u0117l\u0117s yra nepastebimas kolekcijos elementas.<br \/>\nVitrin\u0173 stiklin\u0117s pus\u0117s ir LED ap\u0161vietimas dar gra\u017eiau atskleid\u017eia ir taip pabr\u0117\u017et\u0105 \u0105\u017euolo medienos tekst\u016bros \u017eaves\u012f. Fasado med\u017eiaga: nat\u016bralus \u0105\u017euolo luk\u0161tas \/ PVC pl\u0117vel\u0117<br \/>\nKorpuso med\u017eiaga: MDF plok\u0161t\u0117, padengta nat\u016braliu med\u017eio luk\u0161tu.<\/p>","protected":false},"excerpt":{"rendered":"<p>Auk\u0161tis, cm: 85<br \/>\nPlotis, cm: 126,5<br \/>\nGylis, cm: 41<\/p>","protected":false},"featured_media":247067,"comment_status":"open","ping_status":"open","template":"","meta":[],"product_brand":[],"product_cat":[9701,1173,5572],"product_tag":[],"class_list":{"0":"post-247066","1":"product","2":"type-product","3":"status-publish","4":"has-post-thumbnail","6":"product_cat-furniture-system-rostock-taranko","7":"product_cat-chests-of-drawers","8":"product_cat-taranko-meble","10":"first","11":"instock","12":"purchasable","13":"product-type-simple"},"_links":{"self":[{"href":"https:\/\/baldumarket.lt\/lt\/wp-json\/wp\/v2\/product\/247066","targetHints":{"allow":["GET"]}}],"collection":[{"href":"https:\/\/baldumarket.lt\/lt\/wp-json\/wp\/v2\/product"}],"about":[{"href":"https:\/\/baldumarket.lt\/lt\/wp-json\/wp\/v2\/types\/product"}],"replies":[{"embeddable":true,"href":"https:\/\/baldumarket.lt\/lt\/wp-json\/wp\/v2\/comments?post=247066"}],"wp:featuredmedia":[{"embeddable":true,"href":"https:\/\/baldumarket.lt\/lt\/wp-json\/wp\/v2\/media\/247067"}],"wp:attachment":[{"href":"https:\/\/baldumarket.lt\/lt\/wp-json\/wp\/v2\/media?parent=247066"}],"wp:term":[{"taxonomy":"product_brand","embeddable":true,"href":"https:\/\/baldumarket.lt\/lt\/wp-json\/wp\/v2\/product_brand?post=247066"},{"taxonomy":"product_cat","embeddable":true,"href":"https:\/\/baldumarket.lt\/lt\/wp-json\/wp\/v2\/product_cat?post=247066"},{"taxonomy":"product_tag","embeddable":true,"href":"https:\/\/baldumarket.lt\/lt\/wp-json\/wp\/v2\/product_tag?post=247066"}],"curies":[{"name":"wp","href":"https:\/\/api.w.org\/{rel}","templated":true}]}}