{"id":247055,"date":"2026-01-10T15:05:35","date_gmt":"2026-01-10T12:05:35","guid":{"rendered":"https:\/\/baldumarket.lt\/product\/komoda-raweno-r-w2\/"},"modified":"2026-04-08T10:46:17","modified_gmt":"2026-04-08T07:46:17","slug":"komoda-raweno-r-w2","status":"publish","type":"product","link":"https:\/\/baldumarket.lt\/lt\/product\/komoda-raweno-r-w2\/","title":{"rendered":"RAWENO R-W2 komoda"},"content":{"rendered":"<h5><span style=\"color: #54859b\">Apsilankykite m\u016bs\u0173 virtualioje TARANKO prek\u0117s \u017eenklo parduotuv\u0117je<\/span><\/h5>\n<p> <a href=\"https:\/\/my.matterport.com\/show\/?m=a9ocyRk8GfK&#038;play=1&#038;back=1\" target=\"_blank\" rel=\"noopener\"><span style=\"color: #e47025\">https:\/\/my.matterport.com\/<\/span><\/a><\/p>\n<p>Komoda RAWENO R-W2Paprasta forma, \u0161velni iriso spalvos \u0161iluma ir brangakmenius primenan\u010dios rankenos sukuria viening\u0105 \u201eRaweno\u201c kolekcij\u0105. Ak\u012f d\u017eiugina elegancija ir nesenstantis gro\u017eis d\u0117l paprast\u0173, rafinuot\u0173 dur\u0173 ir stakt\u0173 form\u0173. Kolekcijos element\u0173 d\u0117ka galite \u012frengti vis\u0105 but\u0105, nes j\u0173 funkcionalumas ir matmenys patenkins ne tik estetinius, bet ir praktinius poreikius. Vitrin\u0173 ap\u0161vietimas (standartinis).<br \/>\nKorpuso med\u017eiaga: nat\u016bralus luk\u0161tas, laminuota plok\u0161t\u0117.<br \/>\nFasado med\u017eiaga: med\u017eio masyvas, nat\u016bralus luk\u0161tas.<br \/>\nKojel\u0117s: med\u017eio masyvas.<br \/>\nNugara: veidrodis.<\/p>","protected":false},"excerpt":{"rendered":"<p>\u016agis, cm: 207,9<br \/>\nPlotis, cm: 111,8<br \/>\nGylis, cm: 47,5<\/p>","protected":false},"featured_media":247056,"comment_status":"open","ping_status":"open","template":"","meta":[],"product_brand":[],"product_cat":[9686,5572,2006],"product_tag":[],"class_list":{"0":"post-247055","1":"product","2":"type-product","3":"status-publish","4":"has-post-thumbnail","6":"product_cat-furniture-system-raweno-taranko","7":"product_cat-taranko-meble","8":"product_cat-vitrines","10":"first","11":"instock","12":"purchasable","13":"product-type-simple"},"_links":{"self":[{"href":"https:\/\/baldumarket.lt\/lt\/wp-json\/wp\/v2\/product\/247055","targetHints":{"allow":["GET"]}}],"collection":[{"href":"https:\/\/baldumarket.lt\/lt\/wp-json\/wp\/v2\/product"}],"about":[{"href":"https:\/\/baldumarket.lt\/lt\/wp-json\/wp\/v2\/types\/product"}],"replies":[{"embeddable":true,"href":"https:\/\/baldumarket.lt\/lt\/wp-json\/wp\/v2\/comments?post=247055"}],"wp:featuredmedia":[{"embeddable":true,"href":"https:\/\/baldumarket.lt\/lt\/wp-json\/wp\/v2\/media\/247056"}],"wp:attachment":[{"href":"https:\/\/baldumarket.lt\/lt\/wp-json\/wp\/v2\/media?parent=247055"}],"wp:term":[{"taxonomy":"product_brand","embeddable":true,"href":"https:\/\/baldumarket.lt\/lt\/wp-json\/wp\/v2\/product_brand?post=247055"},{"taxonomy":"product_cat","embeddable":true,"href":"https:\/\/baldumarket.lt\/lt\/wp-json\/wp\/v2\/product_cat?post=247055"},{"taxonomy":"product_tag","embeddable":true,"href":"https:\/\/baldumarket.lt\/lt\/wp-json\/wp\/v2\/product_tag?post=247055"}],"curies":[{"name":"wp","href":"https:\/\/api.w.org\/{rel}","templated":true}]}}