{"id":24701,"date":"2025-11-14T16:06:52","date_gmt":"2025-11-14T13:06:52","guid":{"rendered":"https:\/\/baldumarket.lt\/product\/blodwen-black-80x150\/"},"modified":"2026-03-24T18:20:53","modified_gmt":"2026-03-24T15:20:53","slug":"blodwen-black-80x150","status":"publish","type":"product","link":"https:\/\/baldumarket.lt\/lt\/product\/blodwen-black-80x150\/","title":{"rendered":"Blodwen Black 80\u00d7150"},"content":{"rendered":"<p>\u201eBlodwen Black\u201c kilimas \u017eavi savo neutraliu ir jaukiu charakteriu. Jis bus pageidautinas \u0161altesniuose interjeruose, paversdamas juos tikra jaukios \u0161ilumos oaze. Juoda spalva dera su prakti\u0161kai bet kokia spalva, tod\u0117l puikiai tinka j\u016bs\u0173 namams. Kilimui austi naudojami poliesterio si\u016blai u\u017etikrina didel\u012f patvarum\u0105, atsparum\u0105 dilimui ir trin\u010diai bei apsaugo j\u012f nuo kenksming\u0173 mikrob\u0173 atak\u0173.<\/p>","protected":false},"excerpt":{"rendered":"<p>\u201eBlodwen Black\u201c kilimas \u017eavi savo neutraliu ir jaukiu charakteriu. Jis bus pageidautinas \u0161altesniuose interjeruose, paversdamas juos tikra jaukios \u0161ilumos oaze. Juoda spalva dera su prakti\u0161kai bet kokia spalva, tod\u0117l puikiai tinka j\u016bs\u0173 namams. Kilimui austi naudojami poliesterio si\u016blai suteikia auk\u0161t\u0105 [\u2026]<\/p>","protected":false},"featured_media":24691,"comment_status":"open","ping_status":"open","template":"","meta":[],"product_brand":[],"product_cat":[1167,2012],"product_tag":[],"class_list":{"0":"post-24701","1":"product","2":"type-product","3":"status-publish","4":"has-post-thumbnail","6":"product_cat-carpets","7":"product_cat-eltap","9":"first","10":"instock","11":"purchasable","12":"product-type-simple"},"_links":{"self":[{"href":"https:\/\/baldumarket.lt\/lt\/wp-json\/wp\/v2\/product\/24701","targetHints":{"allow":["GET"]}}],"collection":[{"href":"https:\/\/baldumarket.lt\/lt\/wp-json\/wp\/v2\/product"}],"about":[{"href":"https:\/\/baldumarket.lt\/lt\/wp-json\/wp\/v2\/types\/product"}],"replies":[{"embeddable":true,"href":"https:\/\/baldumarket.lt\/lt\/wp-json\/wp\/v2\/comments?post=24701"}],"wp:featuredmedia":[{"embeddable":true,"href":"https:\/\/baldumarket.lt\/lt\/wp-json\/wp\/v2\/media\/24691"}],"wp:attachment":[{"href":"https:\/\/baldumarket.lt\/lt\/wp-json\/wp\/v2\/media?parent=24701"}],"wp:term":[{"taxonomy":"product_brand","embeddable":true,"href":"https:\/\/baldumarket.lt\/lt\/wp-json\/wp\/v2\/product_brand?post=24701"},{"taxonomy":"product_cat","embeddable":true,"href":"https:\/\/baldumarket.lt\/lt\/wp-json\/wp\/v2\/product_cat?post=24701"},{"taxonomy":"product_tag","embeddable":true,"href":"https:\/\/baldumarket.lt\/lt\/wp-json\/wp\/v2\/product_tag?post=24701"}],"curies":[{"name":"wp","href":"https:\/\/api.w.org\/{rel}","templated":true}]}}