{"id":246984,"date":"2026-01-10T15:04:46","date_gmt":"2026-01-10T12:04:46","guid":{"rendered":"https:\/\/baldumarket.lt\/product\/komoda-niska-milano-mi-kb\/"},"modified":"2026-04-08T10:05:58","modified_gmt":"2026-04-08T07:05:58","slug":"komoda-niska-milano-mi-kb","status":"publish","type":"product","link":"https:\/\/baldumarket.lt\/lt\/product\/komoda-niska-milano-mi-kb\/","title":{"rendered":"MILANO MI-KB \u017eem\u0117s komoda"},"content":{"rendered":"<h5><span style=\"color: #54859b\">Apsilankykite m\u016bs\u0173 virtualioje TARANKO prek\u0117s \u017eenklo parduotuv\u0117je<\/span><\/h5>\n<p> <a href=\"https:\/\/my.matterport.com\/show\/?m=a9ocyRk8GfK&#038;play=1&#038;back=1\" target=\"_blank\" rel=\"noopener\"><span style=\"color: #e47025\">https:\/\/my.matterport.com\/<\/span><\/a><\/p>\n<p>\u017dema indauja MILANO MI-KB Spalva balta blizgi \/ Milano rie\u0161utmed\u017eio.<br \/>\nMILANO baldai pasi\u017eymi eleganti\u0161komis formomis, auk\u0161ta kokybe ir funkcionalumu. Tokie baldai papuo\u0161 bet kur\u012f kambar\u012f. Su foniniu ap\u0161vietimu.<br \/>\nFasadas lygus arba su papildoma a\u017e\u016brine puo\u0161yba plius 87 \u20ac.<br \/>\nMed\u017eiaga: tvirta alksnio mediena, MDF, alksnio fanera.<br \/>\nKojel\u0117s: med\u017eio masyvas. \u017dema indauja traukia d\u0117mes\u012f savo lengvu apdirbimu, kurioje \u0161ilta rie\u0161uto spalva derinama su baltais blizgiais fasadais. I\u0161lenktos kojel\u0117s suteikia kolekcijai \u017eavesio, o originali pagrindo forma sukuria unikal\u0173 charakter\u012f.\u00a0<\/p>","protected":false},"excerpt":{"rendered":"<p>Auk\u0161tis, cm: 123<br \/>\nPlotis, cm: 114<br \/>\nGylis, cm: 46,5<\/p>","protected":false},"featured_media":246985,"comment_status":"open","ping_status":"open","template":"","meta":[],"product_brand":[],"product_cat":[9683,5572,2006],"product_tag":[],"class_list":{"0":"post-246984","1":"product","2":"type-product","3":"status-publish","4":"has-post-thumbnail","6":"product_cat-furniture-system-milano-taranko","7":"product_cat-taranko-meble","8":"product_cat-vitrines","10":"first","11":"instock","12":"purchasable","13":"product-type-simple"},"_links":{"self":[{"href":"https:\/\/baldumarket.lt\/lt\/wp-json\/wp\/v2\/product\/246984","targetHints":{"allow":["GET"]}}],"collection":[{"href":"https:\/\/baldumarket.lt\/lt\/wp-json\/wp\/v2\/product"}],"about":[{"href":"https:\/\/baldumarket.lt\/lt\/wp-json\/wp\/v2\/types\/product"}],"replies":[{"embeddable":true,"href":"https:\/\/baldumarket.lt\/lt\/wp-json\/wp\/v2\/comments?post=246984"}],"wp:featuredmedia":[{"embeddable":true,"href":"https:\/\/baldumarket.lt\/lt\/wp-json\/wp\/v2\/media\/246985"}],"wp:attachment":[{"href":"https:\/\/baldumarket.lt\/lt\/wp-json\/wp\/v2\/media?parent=246984"}],"wp:term":[{"taxonomy":"product_brand","embeddable":true,"href":"https:\/\/baldumarket.lt\/lt\/wp-json\/wp\/v2\/product_brand?post=246984"},{"taxonomy":"product_cat","embeddable":true,"href":"https:\/\/baldumarket.lt\/lt\/wp-json\/wp\/v2\/product_cat?post=246984"},{"taxonomy":"product_tag","embeddable":true,"href":"https:\/\/baldumarket.lt\/lt\/wp-json\/wp\/v2\/product_tag?post=246984"}],"curies":[{"name":"wp","href":"https:\/\/api.w.org\/{rel}","templated":true}]}}