{"id":246979,"date":"2026-01-10T15:04:41","date_gmt":"2026-01-10T12:04:41","guid":{"rendered":"https:\/\/baldumarket.lt\/product\/komoda-niska-grande-gr-w3-4-lp\/"},"modified":"2026-04-08T09:39:24","modified_gmt":"2026-04-08T06:39:24","slug":"komoda-niska-grande-gr-w3-4-lp","status":"publish","type":"product","link":"https:\/\/baldumarket.lt\/lt\/product\/komoda-niska-grande-gr-w3-4-lp\/","title":{"rendered":"GRANDE GR-W3\/4 K, D \u017eema komoda"},"content":{"rendered":"<h5><span style=\"color: #54859b\">Apsilankykite m\u016bs\u0173 virtualioje TARANKO prek\u0117s \u017eenklo parduotuv\u0117je<\/span><\/h5>\n<p> <a href=\"https:\/\/my.matterport.com\/show\/?m=a9ocyRk8GfK&#038;play=1&#038;back=1\" target=\"_blank\" rel=\"noopener\"><span style=\"color: #e47025\">https:\/\/my.matterport.com\/<\/span><\/a><\/p>\n<p>\u017dema indauja GRANDE GR-W3\/4A \u2013 i\u0161skirtinis \u0161ios kolekcijos bruo\u017eas \u2013 metalin\u0117s kojel\u0117s, einan\u010dios per vis\u0105 baldo auk\u0161t\u012f, suteikian\u010dios lengvumo \u012fsp\u016bd\u012f. Apvalios formos ir blizgus fasadas suteikia papildomo elegancijos. LED ap\u0161vietimas sukuria paslapties poj\u016bt\u012f tamsiame vitrin\u0173 interjere.<br \/>\nSvarbu pasirinkti dur\u0173 atidarymo pus\u0119. Vitrinos su foniniu ap\u0161vietimu.<br \/>\nKorpuso med\u017eiaga: metalas, MDF, laminuotas \u0105\u017euolo fanera.<br \/>\nFasado med\u017eiaga: nat\u016bralus \u0105\u017euolo luk\u0161tas, blizgus akrilas.<br \/>\nKojel\u0117s: metalin\u0117s.<br \/>\nNaudojami vyriai ir kreipian\u010diosios su tylaus u\u017edarymo sistema. \u0160i kolekcija \u2013 tai trij\u0173 apdailos med\u017eiag\u0173 derinys: metalas, nat\u016brali mediena ir blizgios spalvos.<\/p>","protected":false},"excerpt":{"rendered":"<p>\u016agis, cm: 149,6<br \/>\nPlotis, cm: 90,6<br \/>\nGylis, cm: 40<\/p>","protected":false},"featured_media":246980,"comment_status":"open","ping_status":"open","template":"","meta":[],"product_brand":[],"product_cat":[9691,5572,2006],"product_tag":[],"class_list":{"0":"post-246979","1":"product","2":"type-product","3":"status-publish","4":"has-post-thumbnail","6":"product_cat-furniture-system-grande-taranko","7":"product_cat-taranko-meble","8":"product_cat-vitrines","10":"first","11":"instock","12":"purchasable","13":"product-type-simple"},"_links":{"self":[{"href":"https:\/\/baldumarket.lt\/lt\/wp-json\/wp\/v2\/product\/246979","targetHints":{"allow":["GET"]}}],"collection":[{"href":"https:\/\/baldumarket.lt\/lt\/wp-json\/wp\/v2\/product"}],"about":[{"href":"https:\/\/baldumarket.lt\/lt\/wp-json\/wp\/v2\/types\/product"}],"replies":[{"embeddable":true,"href":"https:\/\/baldumarket.lt\/lt\/wp-json\/wp\/v2\/comments?post=246979"}],"wp:featuredmedia":[{"embeddable":true,"href":"https:\/\/baldumarket.lt\/lt\/wp-json\/wp\/v2\/media\/246980"}],"wp:attachment":[{"href":"https:\/\/baldumarket.lt\/lt\/wp-json\/wp\/v2\/media?parent=246979"}],"wp:term":[{"taxonomy":"product_brand","embeddable":true,"href":"https:\/\/baldumarket.lt\/lt\/wp-json\/wp\/v2\/product_brand?post=246979"},{"taxonomy":"product_cat","embeddable":true,"href":"https:\/\/baldumarket.lt\/lt\/wp-json\/wp\/v2\/product_cat?post=246979"},{"taxonomy":"product_tag","embeddable":true,"href":"https:\/\/baldumarket.lt\/lt\/wp-json\/wp\/v2\/product_tag?post=246979"}],"curies":[{"name":"wp","href":"https:\/\/api.w.org\/{rel}","templated":true}]}}