{"id":246977,"date":"2026-01-10T15:04:39","date_gmt":"2026-01-10T12:04:39","guid":{"rendered":"https:\/\/baldumarket.lt\/product\/komoda-niska-dwudrzwiowa-verona-v-w3-4\/"},"modified":"2026-04-08T11:38:23","modified_gmt":"2026-04-08T08:38:23","slug":"komoda-niska-dwudrzwiowa-verona-v-w3-4","status":"publish","type":"product","link":"https:\/\/baldumarket.lt\/lt\/product\/komoda-niska-dwudrzwiowa-verona-v-w3-4\/","title":{"rendered":"\u017dema dviej\u0173 dur\u0173 komoda VERONA V-W3\/4"},"content":{"rendered":"<h5><span style=\"color: #54859b\">Apsilankykite m\u016bs\u0173 virtualioje TARANKO prek\u0117s \u017eenklo parduotuv\u0117je<\/span><\/h5>\n<p> <a href=\"https:\/\/my.matterport.com\/show\/?m=a9ocyRk8GfK&#038;play=1&#038;back=1\" target=\"_blank\" rel=\"noopener\"><span style=\"color: #e47025\">https:\/\/my.matterport.com\/<\/span><\/a><\/p>\n<p>\u017dema komoda \u2013 dvidur\u0117 VERONA V-W3\/4. Tai platus valgomojo, svetain\u0117s, miegamojo, darbo kambario ir drabu\u017eio spintos bald\u0173 pasirinkimas. B\u016bdingas \u0161ios kolekcijos bruo\u017eas \u2013 gra\u017eiai dekoruoti ra\u0161tai ir eleganti\u0161ka kiekvieno bloko apdaila, suteikianti baldams klasikinio charakterio. \u0160ios kolekcijos baldai sukurs unikali\u0105 interjero atmosfer\u0105, o pakankamai solidus asortimentas leis \u012frengti bet kok\u012f kambar\u012f, nepriklausomai nuo jo dyd\u017eio.<br \/>\nGra\u017ei\u0105 form\u0105 pabr\u0117\u017eia auk\u0161ta panaudot\u0173 med\u017eiag\u0173 (alksnio medienos ir alksnio faneros element\u0173) kokyb\u0117. Baldai si\u016blomi keturi\u0173 spalv\u0173: ruda, balta, balta patina, kremin\u0117, kremin\u0117 patina.<br \/>\nVeidrodinis nugar\u0117l\u0117. Fasado med\u017eiaga: alksnio mediena ir alksnio fanera<br \/>\nKorpuso med\u017eiaga: MDF, laminuota alksnio fanera<br \/>\nKojel\u0117s: tvirta alksnio arba buko mediena.\u00a0<\/p>","protected":false},"excerpt":{"rendered":"<p>Auk\u0161tis, cm: 130<br \/>\nPlotis, cm: 105,3<br \/>\nGylis, cm: 45,6<\/p>","protected":false},"featured_media":246978,"comment_status":"open","ping_status":"open","template":"","meta":[],"product_brand":[],"product_cat":[9684,5572,2006],"product_tag":[],"class_list":{"0":"post-246977","1":"product","2":"type-product","3":"status-publish","4":"has-post-thumbnail","6":"product_cat-furniture-system-verona-taranko","7":"product_cat-taranko-meble","8":"product_cat-vitrines","10":"first","11":"instock","12":"purchasable","13":"product-type-simple"},"_links":{"self":[{"href":"https:\/\/baldumarket.lt\/lt\/wp-json\/wp\/v2\/product\/246977","targetHints":{"allow":["GET"]}}],"collection":[{"href":"https:\/\/baldumarket.lt\/lt\/wp-json\/wp\/v2\/product"}],"about":[{"href":"https:\/\/baldumarket.lt\/lt\/wp-json\/wp\/v2\/types\/product"}],"replies":[{"embeddable":true,"href":"https:\/\/baldumarket.lt\/lt\/wp-json\/wp\/v2\/comments?post=246977"}],"wp:featuredmedia":[{"embeddable":true,"href":"https:\/\/baldumarket.lt\/lt\/wp-json\/wp\/v2\/media\/246978"}],"wp:attachment":[{"href":"https:\/\/baldumarket.lt\/lt\/wp-json\/wp\/v2\/media?parent=246977"}],"wp:term":[{"taxonomy":"product_brand","embeddable":true,"href":"https:\/\/baldumarket.lt\/lt\/wp-json\/wp\/v2\/product_brand?post=246977"},{"taxonomy":"product_cat","embeddable":true,"href":"https:\/\/baldumarket.lt\/lt\/wp-json\/wp\/v2\/product_cat?post=246977"},{"taxonomy":"product_tag","embeddable":true,"href":"https:\/\/baldumarket.lt\/lt\/wp-json\/wp\/v2\/product_tag?post=246977"}],"curies":[{"name":"wp","href":"https:\/\/api.w.org\/{rel}","templated":true}]}}