{"id":246970,"date":"2026-01-10T15:04:32","date_gmt":"2026-01-10T12:04:32","guid":{"rendered":"https:\/\/baldumarket.lt\/product\/komoda-niska-art-deco-ar-w3-4\/"},"modified":"2026-04-08T09:28:25","modified_gmt":"2026-04-08T06:28:25","slug":"komoda-niska-art-deco-ar-w3-4","status":"publish","type":"product","link":"https:\/\/baldumarket.lt\/lt\/product\/komoda-niska-art-deco-ar-w3-4\/","title":{"rendered":"ART-DECO AR-W3\/4 \u017eema komoda"},"content":{"rendered":"<h5><span style=\"color: #54859b\">Apsilankykite m\u016bs\u0173 virtualioje TARANKO prek\u0117s \u017eenklo parduotuv\u0117je<\/span><\/h5>\n<p> <a href=\"https:\/\/my.matterport.com\/show\/?m=a9ocyRk8GfK&#038;play=1&#038;back=1\" target=\"_blank\" rel=\"noopener\"><span style=\"color: #e47025\">https:\/\/my.matterport.com\/<\/span><\/a><\/p>\n<p>\u017dema indauja ART-DECO AR-W3\/4. Auk\u0161ta kokyb\u0117 \u2013 kiekvienas dekoratyvinis elementas d\u017eiugina, intriguoja savo elegancija ir apdaila, o tai rei\u0161kia didel\u012f d\u0117mes\u012f detal\u0117ms.<br \/>\nKolekcijoje derinama nesenstanti, \u0161velni rie\u0161utmed\u017eio spalva su matine juoda spalva. Vitrinos su foniniu ap\u0161vietimu.<br \/>\nKorpuso med\u017eiaga: nat\u016bralus luk\u0161tas, laminuota plok\u0161t\u0117.<br \/>\nFasado med\u017eiaga: med\u017eio masyvas, nat\u016bralus luk\u0161tas.<br \/>\nKojel\u0117s: med\u017eio masyvas.<br \/>\nNaudojami vyriai ir kreipian\u010diosios su tylaus u\u017edarymo sistema. Art Deco gr\u012f\u017eta su trenksmu. Kontrastingi \u0161io stiliaus elementai traukia ak\u012f ir tarnauja ilgai.<\/p>","protected":false},"excerpt":{"rendered":"<p>Auk\u0161tis, cm: 146<br \/>\nPlotis, cm: 120,6<br \/>\nGylis, cm: 43<\/p>","protected":false},"featured_media":246971,"comment_status":"open","ping_status":"open","template":"","meta":[],"product_brand":[],"product_cat":[9688,5572,2006],"product_tag":[],"class_list":{"0":"post-246970","1":"product","2":"type-product","3":"status-publish","4":"has-post-thumbnail","6":"product_cat-furniture-system-art-deco-taranko","7":"product_cat-taranko-meble","8":"product_cat-vitrines","10":"first","11":"instock","12":"purchasable","13":"product-type-simple"},"_links":{"self":[{"href":"https:\/\/baldumarket.lt\/lt\/wp-json\/wp\/v2\/product\/246970","targetHints":{"allow":["GET"]}}],"collection":[{"href":"https:\/\/baldumarket.lt\/lt\/wp-json\/wp\/v2\/product"}],"about":[{"href":"https:\/\/baldumarket.lt\/lt\/wp-json\/wp\/v2\/types\/product"}],"replies":[{"embeddable":true,"href":"https:\/\/baldumarket.lt\/lt\/wp-json\/wp\/v2\/comments?post=246970"}],"wp:featuredmedia":[{"embeddable":true,"href":"https:\/\/baldumarket.lt\/lt\/wp-json\/wp\/v2\/media\/246971"}],"wp:attachment":[{"href":"https:\/\/baldumarket.lt\/lt\/wp-json\/wp\/v2\/media?parent=246970"}],"wp:term":[{"taxonomy":"product_brand","embeddable":true,"href":"https:\/\/baldumarket.lt\/lt\/wp-json\/wp\/v2\/product_brand?post=246970"},{"taxonomy":"product_cat","embeddable":true,"href":"https:\/\/baldumarket.lt\/lt\/wp-json\/wp\/v2\/product_cat?post=246970"},{"taxonomy":"product_tag","embeddable":true,"href":"https:\/\/baldumarket.lt\/lt\/wp-json\/wp\/v2\/product_tag?post=246970"}],"curies":[{"name":"wp","href":"https:\/\/api.w.org\/{rel}","templated":true}]}}