{"id":246940,"date":"2026-01-10T15:04:15","date_gmt":"2026-01-10T12:04:15","guid":{"rendered":"https:\/\/baldumarket.lt\/product\/komoda-narozna-zefir-z-w-n\/"},"modified":"2026-04-08T11:47:58","modified_gmt":"2026-04-08T08:47:58","slug":"komoda-narozna-zefir-z-w-n","status":"publish","type":"product","link":"https:\/\/baldumarket.lt\/lt\/product\/komoda-narozna-zefir-z-w-n\/","title":{"rendered":"Kampin\u0117 komoda ZEFIR Z-W\/N"},"content":{"rendered":"<h5><span style=\"color: #54859b\">Apsilankykite m\u016bs\u0173 virtualioje TARANKO prek\u0117s \u017eenklo parduotuv\u0117je<\/span><\/h5>\n<p> <a href=\"https:\/\/my.matterport.com\/show\/?m=a9ocyRk8GfK&#038;play=1&#038;back=1\" target=\"_blank\" rel=\"noopener\"><span style=\"color: #e47025\">https:\/\/my.matterport.com\/<\/span><\/a><\/p>\n<p>Kampin\u0117 indauja ZEFIR ZW\/N. Nepriekai\u0161tingai i\u0161gautos lygios fasad\u0173 kreiv\u0117s ir platus kolekcijos element\u0173 pasirinkimas. \u0160ios kolekcijos i\u0161skirtiniai bruo\u017eai \u2013 lenkti fasadai ir veidrodin\u0117 galin\u0117 baldo sienel\u0117. Baldo i\u0161vaizd\u0105 papildo metalin\u0117s \u017ealvario spalvos rankenos.<br \/>\nKolekcijoje yra dvi spalvos: \u201cToffi\u201d ir \u201cCherry\u201d. Korpuso med\u017eiaga: nat\u016bralus luk\u0161tas, laminuota plok\u0161t\u0117.<br \/>\nFasado med\u017eiaga: med\u017eio masyvas, nat\u016bralus luk\u0161tas.<br \/>\nNugara: veidrodis<br \/>\nNaudojami vyriai ir kreipian\u010diosios su tylaus u\u017edarymo sistema. ZEFIR baldai \u2013 tai auk\u0161\u010diausios kokyb\u0117s, laiko patikrinta klasika, form\u0173 rafinuotumas ir apdailos puo\u0161numas.<\/p>","protected":false},"excerpt":{"rendered":"<p>Auk\u0161tis, cm: 212<br \/>\nPlotis, cm: 40<br \/>\nGylis, cm: 45<\/p>","protected":false},"featured_media":246941,"comment_status":"open","ping_status":"open","template":"","meta":[],"product_brand":[],"product_cat":[9698,5572,2006],"product_tag":[],"class_list":{"0":"post-246940","1":"product","2":"type-product","3":"status-publish","4":"has-post-thumbnail","6":"product_cat-furniture-system-zefir-taranko","7":"product_cat-taranko-meble","8":"product_cat-vitrines","10":"first","11":"instock","12":"purchasable","13":"product-type-simple"},"_links":{"self":[{"href":"https:\/\/baldumarket.lt\/lt\/wp-json\/wp\/v2\/product\/246940","targetHints":{"allow":["GET"]}}],"collection":[{"href":"https:\/\/baldumarket.lt\/lt\/wp-json\/wp\/v2\/product"}],"about":[{"href":"https:\/\/baldumarket.lt\/lt\/wp-json\/wp\/v2\/types\/product"}],"replies":[{"embeddable":true,"href":"https:\/\/baldumarket.lt\/lt\/wp-json\/wp\/v2\/comments?post=246940"}],"wp:featuredmedia":[{"embeddable":true,"href":"https:\/\/baldumarket.lt\/lt\/wp-json\/wp\/v2\/media\/246941"}],"wp:attachment":[{"href":"https:\/\/baldumarket.lt\/lt\/wp-json\/wp\/v2\/media?parent=246940"}],"wp:term":[{"taxonomy":"product_brand","embeddable":true,"href":"https:\/\/baldumarket.lt\/lt\/wp-json\/wp\/v2\/product_brand?post=246940"},{"taxonomy":"product_cat","embeddable":true,"href":"https:\/\/baldumarket.lt\/lt\/wp-json\/wp\/v2\/product_cat?post=246940"},{"taxonomy":"product_tag","embeddable":true,"href":"https:\/\/baldumarket.lt\/lt\/wp-json\/wp\/v2\/product_tag?post=246940"}],"curies":[{"name":"wp","href":"https:\/\/api.w.org\/{rel}","templated":true}]}}