{"id":246895,"date":"2026-01-10T15:03:51","date_gmt":"2026-01-10T12:03:51","guid":{"rendered":"https:\/\/baldumarket.lt\/product\/komoda-narozna-milano-mi-w-n-lp\/"},"modified":"2026-04-08T10:05:48","modified_gmt":"2026-04-08T07:05:48","slug":"komoda-narozna-milano-mi-w-n-lp","status":"publish","type":"product","link":"https:\/\/baldumarket.lt\/lt\/product\/komoda-narozna-milano-mi-w-n-lp\/","title":{"rendered":"Kampin\u0117 komoda MILANO MI-W\/N L,P"},"content":{"rendered":"<h5><span style=\"color: #54859b\">Apsilankykite m\u016bs\u0173 virtualioje TARANKO prek\u0117s \u017eenklo parduotuv\u0117je<\/span><\/h5>\n<p> <a href=\"https:\/\/my.matterport.com\/show\/?m=a9ocyRk8GfK&#038;play=1&#038;back=1\" target=\"_blank\" rel=\"noopener\"><span style=\"color: #e47025\">https:\/\/my.matterport.com\/<\/span><\/a><\/p>\n<p>Kampin\u0117 indauja MILANO MI-W\/N, spalva blizgi balta \/ milano rie\u0161utas.<br \/>\nMILANO baldai pasi\u017eymi eleganti\u0161komis formomis, auk\u0161ta kokybe ir funkcionalumu. Tokie baldai papuo\u0161 bet kur\u012f kambar\u012f.<br \/>\nSvarbu pasirinkti dur\u0173 atidarymo pus\u0119. Su foniniu ap\u0161vietimu.<br \/>\nFasadas lygus arba su papildoma a\u017e\u016brine puo\u0161yba plius 44 \u20ac.<br \/>\nMed\u017eiaga: tvirta alksnio mediena, MDF, alksnio fanera.<br \/>\nKojel\u0117s: med\u017eio masyvas. Suteikia \u017eavesio tu\u0161\u010diam kampui. Kampin\u0117 indauja traukia d\u0117mes\u012f savo lengvu apdirbimu, kurioje \u0161ilta rie\u0161uto spalva derinama su baltais blizgiais fasadais. I\u0161lenktos kojel\u0117s suteikia kolekcijai \u017eavesio, o originali pagrindo forma sukuria unikal\u0173 charakter\u012f.<\/p>","protected":false},"excerpt":{"rendered":"<p>\u016agis, cm: 209,5<br \/>\nPlotis, cm: 64<br \/>\nGylis, cm: 52<\/p>","protected":false},"featured_media":246896,"comment_status":"open","ping_status":"open","template":"","meta":[],"product_brand":[],"product_cat":[9683,5572,2006],"product_tag":[],"class_list":{"0":"post-246895","1":"product","2":"type-product","3":"status-publish","4":"has-post-thumbnail","6":"product_cat-furniture-system-milano-taranko","7":"product_cat-taranko-meble","8":"product_cat-vitrines","10":"first","11":"instock","12":"purchasable","13":"product-type-simple"},"_links":{"self":[{"href":"https:\/\/baldumarket.lt\/lt\/wp-json\/wp\/v2\/product\/246895","targetHints":{"allow":["GET"]}}],"collection":[{"href":"https:\/\/baldumarket.lt\/lt\/wp-json\/wp\/v2\/product"}],"about":[{"href":"https:\/\/baldumarket.lt\/lt\/wp-json\/wp\/v2\/types\/product"}],"replies":[{"embeddable":true,"href":"https:\/\/baldumarket.lt\/lt\/wp-json\/wp\/v2\/comments?post=246895"}],"wp:featuredmedia":[{"embeddable":true,"href":"https:\/\/baldumarket.lt\/lt\/wp-json\/wp\/v2\/media\/246896"}],"wp:attachment":[{"href":"https:\/\/baldumarket.lt\/lt\/wp-json\/wp\/v2\/media?parent=246895"}],"wp:term":[{"taxonomy":"product_brand","embeddable":true,"href":"https:\/\/baldumarket.lt\/lt\/wp-json\/wp\/v2\/product_brand?post=246895"},{"taxonomy":"product_cat","embeddable":true,"href":"https:\/\/baldumarket.lt\/lt\/wp-json\/wp\/v2\/product_cat?post=246895"},{"taxonomy":"product_tag","embeddable":true,"href":"https:\/\/baldumarket.lt\/lt\/wp-json\/wp\/v2\/product_tag?post=246895"}],"curies":[{"name":"wp","href":"https:\/\/api.w.org\/{rel}","templated":true}]}}