{"id":246878,"date":"2026-01-10T15:03:36","date_gmt":"2026-01-10T12:03:36","guid":{"rendered":"https:\/\/baldumarket.lt\/product\/komoda-malaga-ma-w2-l-p\/"},"modified":"2026-04-08T10:05:48","modified_gmt":"2026-04-08T07:05:48","slug":"komoda-malaga-ma-w2-l-p","status":"publish","type":"product","link":"https:\/\/baldumarket.lt\/lt\/product\/komoda-malaga-ma-w2-l-p\/","title":{"rendered":"Komoda MALAGA MA\u2013W2 K\/D"},"content":{"rendered":"<h5><span style=\"color: #54859b\">Apsilankykite m\u016bs\u0173 virtualioje TARANKO prek\u0117s \u017eenklo parduotuv\u0117je<\/span><\/h5>\n<p> <a href=\"https:\/\/my.matterport.com\/show\/?m=a9ocyRk8GfK&#038;play=1&#038;back=1\" target=\"_blank\" rel=\"noopener\"><span style=\"color: #e47025\">https:\/\/my.matterport.com\/<\/span><\/a><\/p>\n<p>Indaujos MALAGA MA\u2013W2. Nat\u016brali \u0105\u017euolo medienos tekst\u016bra sukuria \u0161ilt\u0105, \u0161iuolaiki\u0161k\u0105 charakter\u012f. Juodo plieno kojel\u0117s ir juoda apdaila \u2013 tai \u0161iuolaikinio modernumo, dvelkian\u010dio praeities nostalgija, i\u0161rai\u0161ka. Vitrinoms naudojamos \u0161iurk\u0161\u010dios tekst\u016bruotos nugar\u0117l\u0117s, o subtilus lentyn\u0173 ap\u0161vietimas pabr\u0117\u017eia \u0105\u017euolo konstrukcijos \u017eaves\u012f.<br \/>\nSvarbu pasirinkti dur\u0173 atidarymo pus\u0119. Vitrinos su foniniu ap\u0161vietimu.<br \/>\nVir\u0161us: MDF, laminuotas \u0105\u017euolo fanera.<br \/>\nFasadas: \u0105\u017euolo mediena, fanera, da\u017eytas.<br \/>\nKojel\u0117s: juodas plienas. \u0160i kolekcija \u2013 tai trij\u0173 apdailos med\u017eiag\u0173 derinys: metalas, nat\u016brali ir juodai da\u017eyta mediena.<\/p>","protected":false},"excerpt":{"rendered":"<p>Auk\u0161tis, cm: 200<br \/>\nPlotis, cm: 90<br \/>\nGylis, cm: 40<\/p>","protected":false},"featured_media":246879,"comment_status":"open","ping_status":"open","template":"","meta":[],"product_brand":[],"product_cat":[9694,5572,2006],"product_tag":[],"class_list":{"0":"post-246878","1":"product","2":"type-product","3":"status-publish","4":"has-post-thumbnail","6":"product_cat-furniture-system-malaga-taranko","7":"product_cat-taranko-meble","8":"product_cat-vitrines","10":"first","11":"instock","12":"purchasable","13":"product-type-simple"},"_links":{"self":[{"href":"https:\/\/baldumarket.lt\/lt\/wp-json\/wp\/v2\/product\/246878","targetHints":{"allow":["GET"]}}],"collection":[{"href":"https:\/\/baldumarket.lt\/lt\/wp-json\/wp\/v2\/product"}],"about":[{"href":"https:\/\/baldumarket.lt\/lt\/wp-json\/wp\/v2\/types\/product"}],"replies":[{"embeddable":true,"href":"https:\/\/baldumarket.lt\/lt\/wp-json\/wp\/v2\/comments?post=246878"}],"wp:featuredmedia":[{"embeddable":true,"href":"https:\/\/baldumarket.lt\/lt\/wp-json\/wp\/v2\/media\/246879"}],"wp:attachment":[{"href":"https:\/\/baldumarket.lt\/lt\/wp-json\/wp\/v2\/media?parent=246878"}],"wp:term":[{"taxonomy":"product_brand","embeddable":true,"href":"https:\/\/baldumarket.lt\/lt\/wp-json\/wp\/v2\/product_brand?post=246878"},{"taxonomy":"product_cat","embeddable":true,"href":"https:\/\/baldumarket.lt\/lt\/wp-json\/wp\/v2\/product_cat?post=246878"},{"taxonomy":"product_tag","embeddable":true,"href":"https:\/\/baldumarket.lt\/lt\/wp-json\/wp\/v2\/product_tag?post=246878"}],"curies":[{"name":"wp","href":"https:\/\/api.w.org\/{rel}","templated":true}]}}