{"id":246859,"date":"2026-01-10T15:03:22","date_gmt":"2026-01-10T12:03:22","guid":{"rendered":"https:\/\/baldumarket.lt\/product\/komoda-madera-md-k2\/"},"modified":"2026-04-08T10:05:38","modified_gmt":"2026-04-08T07:05:38","slug":"komoda-madera-md-k2","status":"publish","type":"product","link":"https:\/\/baldumarket.lt\/lt\/product\/komoda-madera-md-k2\/","title":{"rendered":"MADERA MD-K2 komoda"},"content":{"rendered":"<h5><span style=\"color: #54859b\">Apsilankykite m\u016bs\u0173 virtualioje TARANKO prek\u0117s \u017eenklo parduotuv\u0117je<\/span><\/h5>\n<p> <a href=\"https:\/\/my.matterport.com\/show\/?m=a9ocyRk8GfK&#038;play=1&#038;back=1\" target=\"_blank\" rel=\"noopener\"><span style=\"color: #e47025\">https:\/\/my.matterport.com\/<\/span><\/a><\/p>\n<p>Komoda MADERA MD-K2. Unikali matin\u0117s savanos spalvos kolekcija su rai\u017eytais fasado intarpais ir kontrastingais juodais r\u0117mais sukuria modern\u0173 charakter\u012f. LED ap\u0161vietimo d\u0117ka vertikal\u016bs vitrin\u0173 nugar\u0117li\u0173 \u0161e\u0161\u0117liai subtiliai atkartoja gofruotus fasado intarpus. Paskutinis akcentas \u2013 lapo formos ranken\u0117l\u0117s, kurios taip pat suteikia \u017eavesio. Fasadas: frezuotas, da\u017eytas MDF.<br \/>\nKojel\u0117s: med\u017eio masyvas.<br \/>\nNaudojami vyriai ir kreipian\u010diosios su tylaus u\u017edarymo sistema. Skandinavi\u0161k\u0173 \u0161velni\u0173 spalv\u0173 kontrastas su rai\u017eytais reljefiniais fasado intarpais suteiks jaukaus \u017eavesio ir rafinuotumo tiek svetainei, tiek valgomajam.<\/p>","protected":false},"excerpt":{"rendered":"<p>Auk\u0161tis, cm: 92,5<br \/>\nPlotis, cm: 120,5<br \/>\nGylis, cm: 43<\/p>","protected":false},"featured_media":246860,"comment_status":"open","ping_status":"open","template":"","meta":[],"product_brand":[],"product_cat":[9700,1173,5572],"product_tag":[],"class_list":{"0":"post-246859","1":"product","2":"type-product","3":"status-publish","4":"has-post-thumbnail","6":"product_cat-furniture-system-madera-taranko","7":"product_cat-chests-of-drawers","8":"product_cat-taranko-meble","10":"first","11":"instock","12":"purchasable","13":"product-type-simple"},"_links":{"self":[{"href":"https:\/\/baldumarket.lt\/lt\/wp-json\/wp\/v2\/product\/246859","targetHints":{"allow":["GET"]}}],"collection":[{"href":"https:\/\/baldumarket.lt\/lt\/wp-json\/wp\/v2\/product"}],"about":[{"href":"https:\/\/baldumarket.lt\/lt\/wp-json\/wp\/v2\/types\/product"}],"replies":[{"embeddable":true,"href":"https:\/\/baldumarket.lt\/lt\/wp-json\/wp\/v2\/comments?post=246859"}],"wp:featuredmedia":[{"embeddable":true,"href":"https:\/\/baldumarket.lt\/lt\/wp-json\/wp\/v2\/media\/246860"}],"wp:attachment":[{"href":"https:\/\/baldumarket.lt\/lt\/wp-json\/wp\/v2\/media?parent=246859"}],"wp:term":[{"taxonomy":"product_brand","embeddable":true,"href":"https:\/\/baldumarket.lt\/lt\/wp-json\/wp\/v2\/product_brand?post=246859"},{"taxonomy":"product_cat","embeddable":true,"href":"https:\/\/baldumarket.lt\/lt\/wp-json\/wp\/v2\/product_cat?post=246859"},{"taxonomy":"product_tag","embeddable":true,"href":"https:\/\/baldumarket.lt\/lt\/wp-json\/wp\/v2\/product_tag?post=246859"}],"curies":[{"name":"wp","href":"https:\/\/api.w.org\/{rel}","templated":true}]}}