{"id":246835,"date":"2026-01-10T15:03:04","date_gmt":"2026-01-10T12:03:04","guid":{"rendered":"https:\/\/baldumarket.lt\/product\/komoda-diament-di-k3-4\/"},"modified":"2026-04-08T09:28:25","modified_gmt":"2026-04-08T06:28:25","slug":"komoda-diament-di-k3-4","status":"publish","type":"product","link":"https:\/\/baldumarket.lt\/lt\/product\/komoda-diament-di-k3-4\/","title":{"rendered":"DIAMOND DI-K3\/4 komoda"},"content":{"rendered":"<h5><span style=\"color: #54859b\">Apsilankykite m\u016bs\u0173 virtualioje TARANKO prek\u0117s \u017eenklo parduotuv\u0117je<\/span><\/h5>\n<p> <a href=\"https:\/\/my.matterport.com\/show\/?m=a9ocyRk8GfK&#038;play=1&#038;back=1\" target=\"_blank\" rel=\"noopener\"><span style=\"color: #e47025\">https:\/\/my.matterport.com\/<\/span><\/a><\/p>\n<p>Komoda-indauja DIAMENT DI-K3\/4. I\u0161skirtin\u0117 kolekcija su 3D fasadu ir jaukia nat\u016bralaus \u0105\u017euolo apdaila sukuria unikal\u0173 ir subtil\u0173 charakter\u012f. \u0160iuolaikinio modernumo i\u0161rai\u0161ka, dvelkianti praeities nostalgija. Geometrinis 3D fasadas ir lenktos \u0105\u017euolo kojel\u0117s suteikia ypatingo \u017eavesio. Baldai komplektuojami su vidiniu ap\u0161vietimu.<br \/>\nGalimi du spalv\u0173 deriniai: nat\u016bralus \u0105\u017euolas \/ balta matin\u0117 ir nat\u016bralus \u0105\u017euolas \/ grafitas matinis, arba abu dera tarpusavyje. Su foniniu ap\u0161vietimu.<br \/>\nKorpuso med\u017eiaga: MDF, laminuota \u0105\u017euolo fanera.<br \/>\nFasado med\u017eiaga: MDF.<br \/>\nKojel\u0117s: med\u017eio masyvas. DIAMENT baldai su i\u0161skirtiniu fasadu suteiks jaukumo tiek svetainei, tiek valgomajam.<\/p>","protected":false},"excerpt":{"rendered":"<p>Auk\u0161tis, cm: 144<br \/>\nPlotis, cm: 86<br \/>\nGylis, cm: 41,5<\/p>","protected":false},"featured_media":246836,"comment_status":"open","ping_status":"open","template":"","meta":[],"product_brand":[],"product_cat":[9695,5572,2006],"product_tag":[],"class_list":{"0":"post-246835","1":"product","2":"type-product","3":"status-publish","4":"has-post-thumbnail","6":"product_cat-furniture-system-diamond-taranko","7":"product_cat-taranko-meble","8":"product_cat-vitrines","10":"first","11":"instock","12":"purchasable","13":"product-type-simple"},"_links":{"self":[{"href":"https:\/\/baldumarket.lt\/lt\/wp-json\/wp\/v2\/product\/246835","targetHints":{"allow":["GET"]}}],"collection":[{"href":"https:\/\/baldumarket.lt\/lt\/wp-json\/wp\/v2\/product"}],"about":[{"href":"https:\/\/baldumarket.lt\/lt\/wp-json\/wp\/v2\/types\/product"}],"replies":[{"embeddable":true,"href":"https:\/\/baldumarket.lt\/lt\/wp-json\/wp\/v2\/comments?post=246835"}],"wp:featuredmedia":[{"embeddable":true,"href":"https:\/\/baldumarket.lt\/lt\/wp-json\/wp\/v2\/media\/246836"}],"wp:attachment":[{"href":"https:\/\/baldumarket.lt\/lt\/wp-json\/wp\/v2\/media?parent=246835"}],"wp:term":[{"taxonomy":"product_brand","embeddable":true,"href":"https:\/\/baldumarket.lt\/lt\/wp-json\/wp\/v2\/product_brand?post=246835"},{"taxonomy":"product_cat","embeddable":true,"href":"https:\/\/baldumarket.lt\/lt\/wp-json\/wp\/v2\/product_cat?post=246835"},{"taxonomy":"product_tag","embeddable":true,"href":"https:\/\/baldumarket.lt\/lt\/wp-json\/wp\/v2\/product_tag?post=246835"}],"curies":[{"name":"wp","href":"https:\/\/api.w.org\/{rel}","templated":true}]}}