{"id":246825,"date":"2026-01-10T15:02:59","date_gmt":"2026-01-10T12:02:59","guid":{"rendered":"https:\/\/baldumarket.lt\/product\/komoda-dawn-wersal-w-w1-2-lp\/"},"modified":"2026-04-08T11:47:58","modified_gmt":"2026-04-08T08:47:58","slug":"komoda-dawn-wersal-w-w1-2-lp","status":"publish","type":"product","link":"https:\/\/baldumarket.lt\/lt\/product\/komoda-dawn-wersal-w-w1-2-lp\/","title":{"rendered":"WERSAL komoda su stal\u010diais, SS 1\/2 K, D"},"content":{"rendered":"<h5><span style=\"color: #54859b\">Apsilankykite m\u016bs\u0173 virtualioje TARANKO prek\u0117s \u017eenklo parduotuv\u0117je<\/span><\/h5>\n<p> <a href=\"https:\/\/my.matterport.com\/show\/?m=a9ocyRk8GfK&#038;play=1&#038;back=1\" target=\"_blank\" rel=\"noopener\"><span style=\"color: #e47025\">https:\/\/my.matterport.com\/<\/span><\/a><\/p>\n<p>Indauja WERSAL W-W1\/2Labai gausi kolekcija, klasikinio stiliaus, eleganti\u0161k\u0173 form\u0173 ir i\u0161skirtinio dizaino, auk\u0161\u010diausios kokyb\u0117s baldai.<br \/>\n\u017dalvarin\u0117s rankenos. Galima rinktis i\u0161 \u0161e\u0161i\u0173 spalv\u0173.<br \/>\nAuk\u0161tos kokyb\u0117s, patikima, patvari kolekcija, perduodama i\u0161 kartos \u012f kart\u0105. Tikri gro\u017eio ir spindesio \u017einovai tikrai \u012fvertins \u201eWERSAL\u201c kolekcij\u0105. Korpuso med\u017eiaga: MDF, laminuota alksnio fanera.<br \/>\nR\u0117mas: tvirta alksnio mediena<br \/>\nFasado med\u017eiaga: nat\u016brali vy\u0161nios fanera.<br \/>\nKojel\u0117s: tvirta alksnio arba buko mediena. Nuostabus itali\u0161ko stiliaus vaizdas, auk\u0161ta kokyb\u0117, klasikin\u0117 elegancija.<br \/>\nKomodos galin\u0117 pus\u0117 yra veidrodin\u0117. Pasirinkite dur\u0173 atidarymo pus\u0119.\u00a0<\/p>","protected":false},"excerpt":{"rendered":"<p>Auk\u0161tis, cm: 206<br \/>\nPlotis, cm: 64<br \/>\nGylis, cm: 42,5<\/p>","protected":false},"featured_media":246826,"comment_status":"open","ping_status":"open","template":"","meta":[],"product_brand":[],"product_cat":[9679,5572,2006],"product_tag":[],"class_list":{"0":"post-246825","1":"product","2":"type-product","3":"status-publish","4":"has-post-thumbnail","6":"product_cat-furniture-system-wersal-taranko","7":"product_cat-taranko-meble","8":"product_cat-vitrines","10":"first","11":"instock","12":"purchasable","13":"product-type-simple"},"_links":{"self":[{"href":"https:\/\/baldumarket.lt\/lt\/wp-json\/wp\/v2\/product\/246825","targetHints":{"allow":["GET"]}}],"collection":[{"href":"https:\/\/baldumarket.lt\/lt\/wp-json\/wp\/v2\/product"}],"about":[{"href":"https:\/\/baldumarket.lt\/lt\/wp-json\/wp\/v2\/types\/product"}],"replies":[{"embeddable":true,"href":"https:\/\/baldumarket.lt\/lt\/wp-json\/wp\/v2\/comments?post=246825"}],"wp:featuredmedia":[{"embeddable":true,"href":"https:\/\/baldumarket.lt\/lt\/wp-json\/wp\/v2\/media\/246826"}],"wp:attachment":[{"href":"https:\/\/baldumarket.lt\/lt\/wp-json\/wp\/v2\/media?parent=246825"}],"wp:term":[{"taxonomy":"product_brand","embeddable":true,"href":"https:\/\/baldumarket.lt\/lt\/wp-json\/wp\/v2\/product_brand?post=246825"},{"taxonomy":"product_cat","embeddable":true,"href":"https:\/\/baldumarket.lt\/lt\/wp-json\/wp\/v2\/product_cat?post=246825"},{"taxonomy":"product_tag","embeddable":true,"href":"https:\/\/baldumarket.lt\/lt\/wp-json\/wp\/v2\/product_tag?post=246825"}],"curies":[{"name":"wp","href":"https:\/\/api.w.org\/{rel}","templated":true}]}}