{"id":246809,"date":"2026-01-10T15:02:47","date_gmt":"2026-01-10T12:02:47","guid":{"rendered":"https:\/\/baldumarket.lt\/product\/komoda-bremen-br-k3\/"},"modified":"2026-04-08T09:28:14","modified_gmt":"2026-04-08T06:28:14","slug":"komoda-bremen-br-k3","status":"publish","type":"product","link":"https:\/\/baldumarket.lt\/lt\/product\/komoda-bremen-br-k3\/","title":{"rendered":"BREMEN BR-K3 komoda"},"content":{"rendered":"<h5><span style=\"color: #54859b\">Apsilankykite m\u016bs\u0173 virtualioje TARANKO prek\u0117s \u017eenklo parduotuv\u0117je<\/span><\/h5>\n<p> <a href=\"https:\/\/my.matterport.com\/show\/?m=a9ocyRk8GfK&#038;play=1&#038;back=1\" target=\"_blank\" rel=\"noopener\"><span style=\"color: #e47025\">https:\/\/my.matterport.com\/<\/span><\/a><\/p>\n<p>Komoda BREMEN BR-K3. Ne\u012fprasta \u0161iurk\u0161ti \u0105\u017euolo element\u0173 strukt\u016bra su grioveliais suteikia kolekcijai i\u0161rai\u0161kingumo ir pa\u012fvairina subtil\u0173 spalv\u0173 kontrast\u0105. Juodi metaliniai elementai ir ma\u017eos ranken\u0117l\u0117s \u2013 subtilus kolekcijos akcentas.<br \/>\nVitrin\u0173 stiklin\u0117s pus\u0117s ir LED ap\u0161vietimas dar geriau atskleid\u017eia \u0105\u017euolo medienos tekst\u016bros \u0161ilt\u0105 \u017eaves\u012f.<br \/>\nGalimos trys spalv\u0173 parinktys: balta \/ nat\u016bralus \u0105\u017euolas, ruda \/ nat\u016bralus \u0105\u017euolas ir grafito \/ nat\u016bralus \u0105\u017euolas. LED ap\u0161vietimas (standartinis).<br \/>\nFasado med\u017eiaga: nat\u016bralus \u0105\u017euolo luk\u0161tas \/ PVC folija<br \/>\nKorpuso med\u017eiaga: laminuota MDF plok\u0161t\u0117.\u00a0<\/p>","protected":false},"excerpt":{"rendered":"<p>Auk\u0161tis, cm: 96<br \/>\nPlotis, cm: 178,6<br \/>\nGylis, cm: 40,4<\/p>","protected":false},"featured_media":246810,"comment_status":"open","ping_status":"open","template":"","meta":[],"product_brand":[],"product_cat":[9697,1173,5572],"product_tag":[],"class_list":{"0":"post-246809","1":"product","2":"type-product","3":"status-publish","4":"has-post-thumbnail","6":"product_cat-furniture-system-bremen-taranko","7":"product_cat-chests-of-drawers","8":"product_cat-taranko-meble","10":"first","11":"instock","12":"purchasable","13":"product-type-simple"},"_links":{"self":[{"href":"https:\/\/baldumarket.lt\/lt\/wp-json\/wp\/v2\/product\/246809","targetHints":{"allow":["GET"]}}],"collection":[{"href":"https:\/\/baldumarket.lt\/lt\/wp-json\/wp\/v2\/product"}],"about":[{"href":"https:\/\/baldumarket.lt\/lt\/wp-json\/wp\/v2\/types\/product"}],"replies":[{"embeddable":true,"href":"https:\/\/baldumarket.lt\/lt\/wp-json\/wp\/v2\/comments?post=246809"}],"wp:featuredmedia":[{"embeddable":true,"href":"https:\/\/baldumarket.lt\/lt\/wp-json\/wp\/v2\/media\/246810"}],"wp:attachment":[{"href":"https:\/\/baldumarket.lt\/lt\/wp-json\/wp\/v2\/media?parent=246809"}],"wp:term":[{"taxonomy":"product_brand","embeddable":true,"href":"https:\/\/baldumarket.lt\/lt\/wp-json\/wp\/v2\/product_brand?post=246809"},{"taxonomy":"product_cat","embeddable":true,"href":"https:\/\/baldumarket.lt\/lt\/wp-json\/wp\/v2\/product_cat?post=246809"},{"taxonomy":"product_tag","embeddable":true,"href":"https:\/\/baldumarket.lt\/lt\/wp-json\/wp\/v2\/product_tag?post=246809"}],"curies":[{"name":"wp","href":"https:\/\/api.w.org\/{rel}","templated":true}]}}