{"id":24676,"date":"2025-11-14T16:04:55","date_gmt":"2025-11-14T13:04:55","guid":{"rendered":"https:\/\/baldumarket.lt\/product\/blodwen-beige-120x180\/"},"modified":"2026-03-24T18:21:03","modified_gmt":"2026-03-24T15:21:03","slug":"blodwen-beige-120x180","status":"publish","type":"product","link":"https:\/\/baldumarket.lt\/lt\/product\/blodwen-beige-120x180\/","title":{"rendered":"Blodwen Beige 120\u00d7180"},"content":{"rendered":"<p>\u201eBlodwen Beige\u201c kilimas pasi\u017eymi ilgesniu plaukeliu. Jo purus pavir\u0161ius puikiai tinka jaukiai atmosferai kambaryje sukurti. Jis gali efektyviai su\u0161velninti nepatrauklesni\u0173 erdvi\u0173 atmosfer\u0105, paversdamas jas ramyb\u0117s oaze. Nepaisant nema\u017eo ilgio, poliesterio plaukel\u012f itin lengva pri\u017ei\u016br\u0117ti. Jis atsparus statinei elektrai ir kand\u017eiams, tuo pa\u010diu i\u0161lieka labai atsparus pa\u017eeidimams.<\/p>","protected":false},"excerpt":{"rendered":"<p>\u201eBlodwen Beige\u201c kilimas pasi\u017eymi ilgesniu p\u016bku. Jo purus pavir\u0161ius puikiai tinka jaukiai atmosferai kambaryje sukurti. Jis gali efektyviai su\u0161velninti nepatrauklesni\u0173 erdvi\u0173 atmosfer\u0105, paversdamas jas ramyb\u0117s oaze. Nepaisant nema\u017eo ilgio, poliesterio p\u016bkus itin lengva pri\u017ei\u016br\u0117ti. Jis atsparus statinei elektrai ir [\u2026]<\/p>","protected":false},"featured_media":24677,"comment_status":"open","ping_status":"open","template":"","meta":[],"product_brand":[],"product_cat":[1167,2012],"product_tag":[],"class_list":{"0":"post-24676","1":"product","2":"type-product","3":"status-publish","4":"has-post-thumbnail","6":"product_cat-carpets","7":"product_cat-eltap","9":"first","10":"instock","11":"purchasable","12":"product-type-simple"},"_links":{"self":[{"href":"https:\/\/baldumarket.lt\/lt\/wp-json\/wp\/v2\/product\/24676","targetHints":{"allow":["GET"]}}],"collection":[{"href":"https:\/\/baldumarket.lt\/lt\/wp-json\/wp\/v2\/product"}],"about":[{"href":"https:\/\/baldumarket.lt\/lt\/wp-json\/wp\/v2\/types\/product"}],"replies":[{"embeddable":true,"href":"https:\/\/baldumarket.lt\/lt\/wp-json\/wp\/v2\/comments?post=24676"}],"wp:featuredmedia":[{"embeddable":true,"href":"https:\/\/baldumarket.lt\/lt\/wp-json\/wp\/v2\/media\/24677"}],"wp:attachment":[{"href":"https:\/\/baldumarket.lt\/lt\/wp-json\/wp\/v2\/media?parent=24676"}],"wp:term":[{"taxonomy":"product_brand","embeddable":true,"href":"https:\/\/baldumarket.lt\/lt\/wp-json\/wp\/v2\/product_brand?post=24676"},{"taxonomy":"product_cat","embeddable":true,"href":"https:\/\/baldumarket.lt\/lt\/wp-json\/wp\/v2\/product_cat?post=24676"},{"taxonomy":"product_tag","embeddable":true,"href":"https:\/\/baldumarket.lt\/lt\/wp-json\/wp\/v2\/product_tag?post=24676"}],"curies":[{"name":"wp","href":"https:\/\/api.w.org\/{rel}","templated":true}]}}