{"id":246731,"date":"2026-01-10T15:02:03","date_gmt":"2026-01-10T12:02:03","guid":{"rendered":"https:\/\/baldumarket.lt\/product\/eleganckie-lozko-milano-mi-1a-szerokosc-140-160-180-cm\/"},"modified":"2026-04-08T10:05:38","modified_gmt":"2026-04-08T07:05:38","slug":"eleganckie-lozko-milano-mi-1a-szerokosc-140-160-180-cm","status":"publish","type":"product","link":"https:\/\/baldumarket.lt\/lt\/product\/eleganckie-lozko-milano-mi-1a-szerokosc-140-160-180-cm\/","title":{"rendered":"Eleganti\u0161ka MILANO MI-1A lova (plotis 140\/160\/180 cm)"},"content":{"rendered":"<h5><span style=\"color: #54859b\">Apsilankykite m\u016bs\u0173 virtualioje TARANKO prek\u0117s \u017eenklo parduotuv\u0117je<\/span><\/h5>\n<p> <a href=\"https:\/\/my.matterport.com\/show\/?m=a9ocyRk8GfK&#038;play=1&#038;back=1\" target=\"_blank\" rel=\"noopener\"><span style=\"color: #e47025\">https:\/\/my.matterport.com\/<\/span><\/a><\/p>\n<p>Eleganti\u0161ka lova MILANO MI-1A, spalvos milan rie\u0161utas.<br \/>\nMILANO baldai pasi\u017eymi eleganti\u0161komis formomis, auk\u0161ta kokybe ir funkcionalumu. Tokie baldai papuo\u0161 bet kur\u012f kambar\u012f. Med\u017eiaga: med\u017eio masyvas, laminuotas PVC, alksnio fanera.<br \/>\nKojel\u0117s: med\u017eio masyvas. Galima rinktis audinius arba nat\u016brali\u0105 od\u0105, kaina priklauso nuo pasirinkimo.<br \/>\nLovos be groteli\u0173 kaina plius 108 \u20ac arba 121 \u20ac. Galima patalyn\u0117s d\u0117\u017e\u0117 su pakeliamomis grotel\u0117mis, tada kaina plius: 370 \u20ac, 407 \u20ac, priklausomai nuo plo\u010dio. I\u0161skirtinio grak\u0161tumo lova traukia d\u0117mes\u012f savo lengvu apdirbimu, joje \u0161ilta rie\u0161uto spalva derinama su baltais blizgiais fasadais.\u00a0<\/p>","protected":false},"excerpt":{"rendered":"<p>\u016agis, cm: 123,2\/46,2<br \/>\nPlotis, cm: 176,5\/196,5\/216,5<br \/>\nGylis, cm: 217,6<\/p>","protected":false},"featured_media":246732,"comment_status":"open","ping_status":"open","template":"","meta":[],"product_brand":[],"product_cat":[9683,505,5572],"product_tag":[],"class_list":{"0":"post-246731","1":"product","2":"type-product","3":"status-publish","4":"has-post-thumbnail","6":"product_cat-furniture-system-milano-taranko","7":"product_cat-bedroom-beds","8":"product_cat-taranko-meble","10":"first","11":"instock","12":"purchasable","13":"product-type-simple"},"_links":{"self":[{"href":"https:\/\/baldumarket.lt\/lt\/wp-json\/wp\/v2\/product\/246731","targetHints":{"allow":["GET"]}}],"collection":[{"href":"https:\/\/baldumarket.lt\/lt\/wp-json\/wp\/v2\/product"}],"about":[{"href":"https:\/\/baldumarket.lt\/lt\/wp-json\/wp\/v2\/types\/product"}],"replies":[{"embeddable":true,"href":"https:\/\/baldumarket.lt\/lt\/wp-json\/wp\/v2\/comments?post=246731"}],"wp:featuredmedia":[{"embeddable":true,"href":"https:\/\/baldumarket.lt\/lt\/wp-json\/wp\/v2\/media\/246732"}],"wp:attachment":[{"href":"https:\/\/baldumarket.lt\/lt\/wp-json\/wp\/v2\/media?parent=246731"}],"wp:term":[{"taxonomy":"product_brand","embeddable":true,"href":"https:\/\/baldumarket.lt\/lt\/wp-json\/wp\/v2\/product_brand?post=246731"},{"taxonomy":"product_cat","embeddable":true,"href":"https:\/\/baldumarket.lt\/lt\/wp-json\/wp\/v2\/product_cat?post=246731"},{"taxonomy":"product_tag","embeddable":true,"href":"https:\/\/baldumarket.lt\/lt\/wp-json\/wp\/v2\/product_tag?post=246731"}],"curies":[{"name":"wp","href":"https:\/\/api.w.org\/{rel}","templated":true}]}}