{"id":24672,"date":"2025-11-14T16:04:19","date_gmt":"2025-11-14T13:04:19","guid":{"rendered":"https:\/\/baldumarket.lt\/product\/bardot-gray-160x220\/"},"modified":"2026-03-24T18:21:03","modified_gmt":"2026-03-24T15:21:03","slug":"bardot-gray-160x220","status":"publish","type":"product","link":"https:\/\/baldumarket.lt\/lt\/product\/bardot-gray-160x220\/","title":{"rendered":"Bardot pilka 160\u00d7220"},"content":{"rendered":"<p>Pilkos spalvos \u201eBardot\u201c kilimas \u012fkv\u0117ptas m\u0117nulio pavir\u0161iaus, primenantis abstrak\u010dias \u012fvairi\u0173 pilkos spalvos atspalvi\u0173 d\u0117mes ir linijas, puo\u0161ian\u010dias jo pavir\u0161i\u0173. D\u0117l to \u0161is gaminys idealiai tinka moderniam interjerui ir leid\u017eia pasiekti patenkinam\u0173 rezultat\u0173. Kilimas pagamintas i\u0161 poliesterio ir polipropileno, tod\u0117l yra labai patvarus, atsparus dilimui ir trin\u010diai, bei greitai gr\u012f\u017eta \u012f pradin\u0119 form\u0105.<\/p>","protected":false},"excerpt":{"rendered":"<p>Pilkas \u201eBardot\u201c kilimas \u012fkv\u0117ptas m\u0117nulio pavir\u0161iaus, primenantis abstrak\u010dias \u012fvairi\u0173 pilkos spalvos atspalvi\u0173 d\u0117mes ir linijas, puo\u0161ian\u010dias jo pavir\u0161i\u0173. D\u0117l to \u0161is gaminys idealiai tinka moderniam interjerui ir leid\u017eia pasiekti patenkinam\u0173 rezultat\u0173. Kilimas pagamintas i\u0161 poliesterio ir polipropileno, u\u017etikrinan\u010dio didel\u012f patvarum\u0105, atsparum\u0105 [\u2026]<\/p>","protected":false},"featured_media":24664,"comment_status":"open","ping_status":"open","template":"","meta":[],"product_brand":[],"product_cat":[1167,2012],"product_tag":[],"class_list":{"0":"post-24672","1":"product","2":"type-product","3":"status-publish","4":"has-post-thumbnail","6":"product_cat-carpets","7":"product_cat-eltap","9":"first","10":"instock","11":"purchasable","12":"product-type-simple"},"_links":{"self":[{"href":"https:\/\/baldumarket.lt\/lt\/wp-json\/wp\/v2\/product\/24672","targetHints":{"allow":["GET"]}}],"collection":[{"href":"https:\/\/baldumarket.lt\/lt\/wp-json\/wp\/v2\/product"}],"about":[{"href":"https:\/\/baldumarket.lt\/lt\/wp-json\/wp\/v2\/types\/product"}],"replies":[{"embeddable":true,"href":"https:\/\/baldumarket.lt\/lt\/wp-json\/wp\/v2\/comments?post=24672"}],"wp:featuredmedia":[{"embeddable":true,"href":"https:\/\/baldumarket.lt\/lt\/wp-json\/wp\/v2\/media\/24664"}],"wp:attachment":[{"href":"https:\/\/baldumarket.lt\/lt\/wp-json\/wp\/v2\/media?parent=24672"}],"wp:term":[{"taxonomy":"product_brand","embeddable":true,"href":"https:\/\/baldumarket.lt\/lt\/wp-json\/wp\/v2\/product_brand?post=24672"},{"taxonomy":"product_cat","embeddable":true,"href":"https:\/\/baldumarket.lt\/lt\/wp-json\/wp\/v2\/product_cat?post=24672"},{"taxonomy":"product_tag","embeddable":true,"href":"https:\/\/baldumarket.lt\/lt\/wp-json\/wp\/v2\/product_tag?post=24672"}],"curies":[{"name":"wp","href":"https:\/\/api.w.org\/{rel}","templated":true}]}}