{"id":246677,"date":"2026-01-10T15:01:41","date_gmt":"2026-01-10T12:01:41","guid":{"rendered":"https:\/\/baldumarket.lt\/product\/biurko-como-cm-desk-lp\/"},"modified":"2026-04-08T09:28:01","modified_gmt":"2026-04-08T06:28:01","slug":"biurko-como-cm-desk-lp","status":"publish","type":"product","link":"https:\/\/baldumarket.lt\/lt\/product\/biurko-como-cm-desk-lp\/","title":{"rendered":"COMO CM-ra\u0161omasis stalas K, D"},"content":{"rendered":"<h5><span style=\"color: #54859b\">Apsilankykite m\u016bs\u0173 virtualioje TARANKO prek\u0117s \u017eenklo parduotuv\u0117je<\/span><\/h5>\n<p> <a href=\"https:\/\/my.matterport.com\/show\/?m=a9ocyRk8GfK&#038;play=1&#038;back=1\" target=\"_blank\" rel=\"noopener\"><span style=\"color: #e47025\">https:\/\/my.matterport.com\/<\/span><\/a><\/p>\n<p>Ra\u0161omasis stalas COMO CM-desk\u0160i kolekcija \u2013 tai tradicinio stiliaus ir originali\u0173 detali\u0173 derinys. Moderni tradicin\u0117 bald\u0173 forma dera su nat\u016bralia \u0105\u017euolo medienos strukt\u016bra. Pagrindinis motyvas \u2013 nepastebimos medin\u0117s ranken\u0117l\u0117s, integruotos \u012f medin\u0119 juostel\u0119.<br \/>\n\u201eCOMO\u201c paslaptingai u\u017ebaigia vitrin\u0173 vidinis ap\u0161vietimas, atskleid\u017eiantis nat\u016bralaus \u0105\u017euolo nugar\u0117l\u0117s \u0161ilt\u0105 \u017eaves\u012f ir gro\u017e\u012f. Platus kolekcijos moduli\u0173 pasirinkimas ir j\u0173 pritaikymas \u012fvairios paskirties erdv\u0117se.<br \/>\nKolekcijoje si\u016blomi du fasado variantai: blizgi balta arba matin\u0117 moka.<br \/>\nGalimyb\u0117 pasirinkti stal\u010di\u0173 i\u0161d\u0117stymo pus\u0119. Vitrinos su foniniu ap\u0161vietimu.<br \/>\nFasado med\u017eiaga: nat\u016bralus \u0105\u017euolo masyvas \/ PVC pl\u0117vel\u0117<br \/>\nKorpuso med\u017eiaga: laminuota MDF \/ med\u017eio masyvas<\/p>","protected":false},"excerpt":{"rendered":"<p>Auk\u0161tis, cm: 79<br \/>\nPlotis, cm: 122,6<br \/>\nGylis, cm: 60<\/p>","protected":false},"featured_media":246678,"comment_status":"open","ping_status":"open","template":"","meta":[],"product_brand":[],"product_cat":[9680,1312,5572],"product_tag":[],"class_list":{"0":"post-246677","1":"product","2":"type-product","3":"status-publish","4":"has-post-thumbnail","6":"product_cat-furniture-system-como-taranko","7":"product_cat-desks","8":"product_cat-taranko-meble","10":"first","11":"instock","12":"purchasable","13":"product-type-simple"},"_links":{"self":[{"href":"https:\/\/baldumarket.lt\/lt\/wp-json\/wp\/v2\/product\/246677","targetHints":{"allow":["GET"]}}],"collection":[{"href":"https:\/\/baldumarket.lt\/lt\/wp-json\/wp\/v2\/product"}],"about":[{"href":"https:\/\/baldumarket.lt\/lt\/wp-json\/wp\/v2\/types\/product"}],"replies":[{"embeddable":true,"href":"https:\/\/baldumarket.lt\/lt\/wp-json\/wp\/v2\/comments?post=246677"}],"wp:featuredmedia":[{"embeddable":true,"href":"https:\/\/baldumarket.lt\/lt\/wp-json\/wp\/v2\/media\/246678"}],"wp:attachment":[{"href":"https:\/\/baldumarket.lt\/lt\/wp-json\/wp\/v2\/media?parent=246677"}],"wp:term":[{"taxonomy":"product_brand","embeddable":true,"href":"https:\/\/baldumarket.lt\/lt\/wp-json\/wp\/v2\/product_brand?post=246677"},{"taxonomy":"product_cat","embeddable":true,"href":"https:\/\/baldumarket.lt\/lt\/wp-json\/wp\/v2\/product_cat?post=246677"},{"taxonomy":"product_tag","embeddable":true,"href":"https:\/\/baldumarket.lt\/lt\/wp-json\/wp\/v2\/product_tag?post=246677"}],"curies":[{"name":"wp","href":"https:\/\/api.w.org\/{rel}","templated":true}]}}