{"id":246639,"date":"2026-01-10T15:01:20","date_gmt":"2026-01-10T12:01:20","guid":{"rendered":"https:\/\/baldumarket.lt\/product\/bar-monaco-mo-13\/"},"modified":"2026-04-08T10:25:58","modified_gmt":"2026-04-08T07:25:58","slug":"bar-monaco-mo-13","status":"publish","type":"product","link":"https:\/\/baldumarket.lt\/lt\/product\/bar-monaco-mo-13\/","title":{"rendered":"Baras MONAKAS MO-13"},"content":{"rendered":"<h5><span style=\"color: #54859b\">Apsilankykite m\u016bs\u0173 virtualioje TARANKO prek\u0117s \u017eenklo parduotuv\u0117je<\/span><\/h5>\n<p> <a href=\"https:\/\/my.matterport.com\/show\/?m=a9ocyRk8GfK&#038;play=1&#038;back=1\" target=\"_blank\" rel=\"noopener\"><span style=\"color: #e47025\">https:\/\/my.matterport.com\/<\/span><\/a><\/p>\n<p>Baras MONACO MO-13Auk\u0161\u010diausios kokyb\u0117s nat\u016brali mediena, linij\u0173 sant\u016brumas ir elegancija, dekoratyvin\u0117s \u0161onin\u0117s sienel\u0117s, rai\u017eyti karnizai, tinkamas furnit\u016bros pasirinkimas suteikia MONACO baldams ypatingo kilnumo ir rafinuotumo.<br \/>\nTai yra jungiamasis kampinis modulis, atskirai ne\u012frengiamas. Ap\u0161vietimas: du ta\u0161kai, kuri\u0173 bendra galia \u2013 3 W. \u012e komplekt\u0105 \u012feina. Nor\u0117dami naudoti fonin\u012f ap\u0161vietim\u0105, turite \u012fsigyti valdikl\u012f, nuotolinio valdymo pult\u0105 ir skirstytuv\u0105.<br \/>\nKorpuso med\u017eiaga: laminuota plok\u0161t\u0117.<br \/>\nFasado med\u017eiaga: med\u017eio masyvas, nat\u016bralus luk\u0161tas.<br \/>\nApdaila: med\u017eio masyvas.<br \/>\nNaudojami vyriai ir kreipian\u010diosios su tylaus u\u017edarymo sistema. \u201eMonaco\u201c baldai \u2013 tai modulin\u0117 kolekcija biurams ir nam\u0173 bibliotekoms, pagaminta klasikiniu stiliumi.\u00a0<\/p>","protected":false},"excerpt":{"rendered":"<p>\u016agis, cm: 225,6<br \/>\nPlotis, cm: 46,2<br \/>\nGylis, cm: 46,2<\/p>","protected":false},"featured_media":246640,"comment_status":"open","ping_status":"open","template":"","meta":[],"product_brand":[],"product_cat":[9692,5572,2006],"product_tag":[],"class_list":{"0":"post-246639","1":"product","2":"type-product","3":"status-publish","4":"has-post-thumbnail","6":"product_cat-furniture-system-monaco-taranko","7":"product_cat-taranko-meble","8":"product_cat-vitrines","10":"first","11":"instock","12":"purchasable","13":"product-type-simple"},"_links":{"self":[{"href":"https:\/\/baldumarket.lt\/lt\/wp-json\/wp\/v2\/product\/246639","targetHints":{"allow":["GET"]}}],"collection":[{"href":"https:\/\/baldumarket.lt\/lt\/wp-json\/wp\/v2\/product"}],"about":[{"href":"https:\/\/baldumarket.lt\/lt\/wp-json\/wp\/v2\/types\/product"}],"replies":[{"embeddable":true,"href":"https:\/\/baldumarket.lt\/lt\/wp-json\/wp\/v2\/comments?post=246639"}],"wp:featuredmedia":[{"embeddable":true,"href":"https:\/\/baldumarket.lt\/lt\/wp-json\/wp\/v2\/media\/246640"}],"wp:attachment":[{"href":"https:\/\/baldumarket.lt\/lt\/wp-json\/wp\/v2\/media?parent=246639"}],"wp:term":[{"taxonomy":"product_brand","embeddable":true,"href":"https:\/\/baldumarket.lt\/lt\/wp-json\/wp\/v2\/product_brand?post=246639"},{"taxonomy":"product_cat","embeddable":true,"href":"https:\/\/baldumarket.lt\/lt\/wp-json\/wp\/v2\/product_cat?post=246639"},{"taxonomy":"product_tag","embeddable":true,"href":"https:\/\/baldumarket.lt\/lt\/wp-json\/wp\/v2\/product_tag?post=246639"}],"curies":[{"name":"wp","href":"https:\/\/api.w.org\/{rel}","templated":true}]}}