{"id":246385,"date":"2026-01-02T23:19:59","date_gmt":"2026-01-02T20:19:59","guid":{"rendered":"https:\/\/baldumarket.lt\/product\/zestaw-z-blatem-oak-i-umywalkami-pati-140-cm-line-reed-green\/"},"modified":"2026-02-11T18:32:58","modified_gmt":"2026-02-11T15:32:58","slug":"zestaw-z-blatem-oak-i-umywalkami-pati-140-cm-line-reed-green","status":"publish","type":"product","link":"https:\/\/baldumarket.lt\/lt\/product\/zestaw-z-blatem-oak-i-umywalkami-pati-140-cm-line-reed-green\/","title":{"rendered":"Komplektas su \u0105\u017euoliniu stalvir\u0161iu ir \u201ePati\u201c 140 cm \u201eLine Reed Green\u201c kriaukl\u0117mis"},"content":{"rendered":"","protected":false},"excerpt":{"rendered":"","protected":false},"featured_media":246386,"comment_status":"open","ping_status":"open","template":"","meta":[],"product_brand":[],"product_cat":[9117,2015,9183],"product_tag":[],"class_list":{"0":"post-246385","1":"product","2":"type-product","3":"status-publish","4":"has-post-thumbnail","6":"product_cat-bathroom","7":"product_cat-comad","8":"product_cat-bathroom-furniture-sets-comad","10":"first","11":"instock","12":"purchasable","13":"product-type-simple"},"_links":{"self":[{"href":"https:\/\/baldumarket.lt\/lt\/wp-json\/wp\/v2\/product\/246385","targetHints":{"allow":["GET"]}}],"collection":[{"href":"https:\/\/baldumarket.lt\/lt\/wp-json\/wp\/v2\/product"}],"about":[{"href":"https:\/\/baldumarket.lt\/lt\/wp-json\/wp\/v2\/types\/product"}],"replies":[{"embeddable":true,"href":"https:\/\/baldumarket.lt\/lt\/wp-json\/wp\/v2\/comments?post=246385"}],"wp:featuredmedia":[{"embeddable":true,"href":"https:\/\/baldumarket.lt\/lt\/wp-json\/wp\/v2\/media\/246386"}],"wp:attachment":[{"href":"https:\/\/baldumarket.lt\/lt\/wp-json\/wp\/v2\/media?parent=246385"}],"wp:term":[{"taxonomy":"product_brand","embeddable":true,"href":"https:\/\/baldumarket.lt\/lt\/wp-json\/wp\/v2\/product_brand?post=246385"},{"taxonomy":"product_cat","embeddable":true,"href":"https:\/\/baldumarket.lt\/lt\/wp-json\/wp\/v2\/product_cat?post=246385"},{"taxonomy":"product_tag","embeddable":true,"href":"https:\/\/baldumarket.lt\/lt\/wp-json\/wp\/v2\/product_tag?post=246385"}],"curies":[{"name":"wp","href":"https:\/\/api.w.org\/{rel}","templated":true}]}}