{"id":246368,"date":"2026-01-02T23:19:49","date_gmt":"2026-01-02T20:19:49","guid":{"rendered":"https:\/\/baldumarket.lt\/product\/zestaw-szafka-z-umywalka-nablatowa-i-blatem-oraz-slupek-wysoki-i-lustro-led-talia-casella\/"},"modified":"2026-02-11T18:32:58","modified_gmt":"2026-02-11T15:32:58","slug":"zestaw-szafka-z-umywalka-nablatowa-i-blatem-oraz-slupek-wysoki-i-lustro-led-talia-casella","status":"publish","type":"product","link":"https:\/\/baldumarket.lt\/lt\/product\/zestaw-szafka-z-umywalka-nablatowa-i-blatem-oraz-slupek-wysoki-i-lustro-led-talia-casella\/","title":{"rendered":"Spintel\u0117s su praustuvu ir stalvir\u0161iu, taip pat auk\u0161tos kolonos ir LED veidrod\u017eio komplektas (autor\u0117 Talia Casella)"},"content":{"rendered":"<p>\u201eTalia Casella\u201c komplektas: ant stalvir\u0161io montuojama kriaukl\u0117s spintel\u0117 su stalvir\u0161iu, auk\u0161ta kolona ir LED veidrod\u017eiu. \u201eTalia Casella\u201c komplekte dera elegancija ir modernumas. Dviej\u0173 stal\u010di\u0173 praustuvo spintel\u0117 su auk\u0161ta kolona si\u016blo maksimali\u0105 erdv\u0119 daiktams susid\u0117ti, o LED veidrodis u\u017ebaigia vaizd\u0105. Pagaminta i\u0161 patvari\u0173 med\u017eiag\u0173, su \u0161velnaus u\u017edarymo sistema. Matmenys: Plotis (cm): 80 Gylis (cm): 46 Auk\u0161tis (cm): 50 Svoris (kg): 62,5 Techniniai duomenys: Komplekt\u0105 sudaro: Talia Casella 1 dur\u0173 auk\u0161ta kolona 30 cm, Apollo Black 2 veidrodis 900\u00d7700, 80 cm praustuvo spintel\u0117 su 2 stal\u010diais Talia Casella, stalvir\u0161is 80 cm, TRUST 2 MATT DARK GREY E-6282 keraminis stalvir\u0161inis praustuvas tamsiai pilka matin\u0117 Korpuso spalva: Matin\u0117 juoda Priekin\u0117s dalies spalva: Casella \u0105\u017euolas Ranken\u0117l\u0117s spalva: Pakuot\u0117je \u2013 blizgi auksin\u0117, matin\u0117 juoda, blizgus chromas Stalvir\u0161io spalva: Matin\u0117 juoda Praustuvo spalva: Tamsiai pilka matin\u0117 Korpuso med\u017eiaga: laminuota plok\u0161t\u0117 Priekio med\u017eiaga: MDF, Ranken\u0117l\u0117s med\u017eiaga: Plastikas, Praustuvo med\u017eiaga: Keramika, Stalvir\u0161io med\u017eiaga: Laminuota plok\u0161t\u0117, B\u0117geliai: \u0160velnaus u\u017edarymo, Stalvir\u0161is \u012fskai\u010diuotas: Taip, Praustuvas \u012fskai\u010diuotas: Taip, Surinkimo komplektas \u012fskai\u010diuotas: Taip, Surinkimas: Savaranki\u0161kas surinkimas. \u201eTalia Casella\u201c komplektas su ant stalvir\u0161io montuojamu praustuvu ir stalvir\u0161iu, auk\u0161ta kolona ir LED veidrod\u017eiu \u2013 tai ne\u012ftik\u0117tinai stilingas elegancijos ir modernumo derinys, puikiai tiksiantis bet kuriame vonios kambaryje. Komplekt\u0105 sudaro 80 cm plo\u010dio praustuvo spintel\u0117 su dviem erdviais stal\u010diais, kurie ne tik suteikia vietos visiems j\u016bs\u0173 vonios kambario aksesuarams, bet ir suteikia harmonijos bei tvarkos kasdieniame gyvenime. Matin\u0117s juodos spalvos apdaila ir subtiliu \u201eCasella Oak\u201c dekoru pasi\u017eyminti spintel\u0117 traukia ak\u012f ir suteikia bet kokiam interjerui unikalaus charakterio. Nepraleiskite progos ap\u017ei\u016br\u0117ti tamsiai pilkos spalvos keramin\u012f ant stalvir\u0161io montuojam\u0105 praustuv\u0105, kuris kartu su tamsiai matin\u0117s juodos spalvos stalvir\u0161iu pasi\u017eymi ne tik estetika, bet ir funkcionalumu. Laminuot\u0105 stalvir\u0161io pavir\u0161i\u0173 lengva valyti, o tai labai svarbu kasdieniam naudojimui. D\u0117l kruop\u0161taus gamybos proceso jis d\u017eiugins ilgus metus ir bus patogus sprendimas visiems, norintiems tvarkingiau naudoti savo vonios kambario erdv\u0119.<\/p>\n<p>Auk\u0161ta vien\u0173 dureli\u0173 kolona i\u0161 \u201cTalia Casella\u201d kolekcijos \u2013 dar vienas elementas, pasi\u017eymintis klasikinio stiliaus ir moderni\u0173 akcent\u0173 deriniu. Minimalistin\u0117 forma, pary\u0161kinta frezuotu r\u0117mu, suteikia interjerui subtilumo. Keturios erdvios lentynos leid\u017eia patogiai laikyti rank\u0161luos\u010dius, kosmetik\u0105 ir kitus b\u016btiniausius daiktus. \u201ePaspausk, kad atidarytum\u201c sistema leid\u017eia bald\u0105 naudoti lengvai ir intuityviai.<\/p>\n<p>\u201eApollo Black\u201c LED veidrodis taip pat yra reik\u0161mingas papildymas, suteikiantis erdvei ne tik funkcionalumo, bet ir stiliaus. Jo eleganti\u0161kas r\u0117mas dera su visu komplektu, sukurdamas harmoning\u0105 kompozicij\u0105, kuri \u017eavi i\u0161 pirmo \u017evilgsnio. Visi \u201eTalia Casella\u201c kolekcijos gaminiai yra pagaminti i\u0161 auk\u0161tos kokyb\u0117s med\u017eiag\u0173, u\u017etikrinan\u010di\u0173 patvarum\u0105 ir ilgalaik\u0119 estetik\u0105, k\u0105 \u012frodo 2 met\u0173 garantija.<\/p>\n<p>\u201eTalia Casella\u201c komplektas \u2013 tai atsakas \u012f funkcionalum\u0105 ir modern\u0173 dizain\u0105 vertinan\u010di\u0173 \u017emoni\u0173 poreikius. Lenki\u0161ka gamyba ir FSC sertifikuotos med\u017eiagos u\u017etikrina, kad pasirinkdami \u0161ios kolekcijos baldus, j\u016bs darote ger\u0105 pasirinkim\u0105 tiek savo interjerui, tiek aplinkai. U\u017etikrinkite komfort\u0105 ir elegancij\u0105 savo vonios kambaryje su komplektu, kuris nustatys nauj\u0105 standart\u0105 j\u016bs\u0173 namams.<\/p>","protected":false},"excerpt":{"rendered":"<p>Plotis (cm): 80<br \/>\n\u016agis (cm): 50<br \/>\nGylis (cm): 46<\/p>","protected":false},"featured_media":246369,"comment_status":"open","ping_status":"open","template":"","meta":[],"product_brand":[],"product_cat":[9117,2015,9183],"product_tag":[],"class_list":{"0":"post-246368","1":"product","2":"type-product","3":"status-publish","4":"has-post-thumbnail","6":"product_cat-bathroom","7":"product_cat-comad","8":"product_cat-bathroom-furniture-sets-comad","10":"first","11":"instock","12":"purchasable","13":"product-type-simple"},"_links":{"self":[{"href":"https:\/\/baldumarket.lt\/lt\/wp-json\/wp\/v2\/product\/246368","targetHints":{"allow":["GET"]}}],"collection":[{"href":"https:\/\/baldumarket.lt\/lt\/wp-json\/wp\/v2\/product"}],"about":[{"href":"https:\/\/baldumarket.lt\/lt\/wp-json\/wp\/v2\/types\/product"}],"replies":[{"embeddable":true,"href":"https:\/\/baldumarket.lt\/lt\/wp-json\/wp\/v2\/comments?post=246368"}],"wp:featuredmedia":[{"embeddable":true,"href":"https:\/\/baldumarket.lt\/lt\/wp-json\/wp\/v2\/media\/246369"}],"wp:attachment":[{"href":"https:\/\/baldumarket.lt\/lt\/wp-json\/wp\/v2\/media?parent=246368"}],"wp:term":[{"taxonomy":"product_brand","embeddable":true,"href":"https:\/\/baldumarket.lt\/lt\/wp-json\/wp\/v2\/product_brand?post=246368"},{"taxonomy":"product_cat","embeddable":true,"href":"https:\/\/baldumarket.lt\/lt\/wp-json\/wp\/v2\/product_cat?post=246368"},{"taxonomy":"product_tag","embeddable":true,"href":"https:\/\/baldumarket.lt\/lt\/wp-json\/wp\/v2\/product_tag?post=246368"}],"curies":[{"name":"wp","href":"https:\/\/api.w.org\/{rel}","templated":true}]}}